{"id":726042,"date":"2025-08-27T20:00:20","date_gmt":"2025-08-27T17:00:20","guid":{"rendered":"https:\/\/roveyayinevi.com.tr\/index.php\/urun\/duygularinizi-kesfedin\/"},"modified":"2026-04-16T02:33:58","modified_gmt":"2026-04-15T23:33:58","slug":"duygularinizi-kesfedin","status":"publish","type":"product","link":"https:\/\/roveyayinevi.com.tr\/index.php\/urun\/duygularinizi-kesfedin\/","title":{"rendered":"Duygular\u0131n\u0131z\u0131 Ke\u015ffedin"},"content":{"rendered":"<p>Bu kendine yard\u0131m kitab\u0131, \u00f6nce duygular\u0131 anlamak ile ilgili g\u00fcndelik ya\u015famda rahatl\u0131kla \u00f6rneklerini bulabilece\u011finiz genel bilgiler i\u00e7eren Duygu E\u011fitimi b\u00f6l\u00fcm\u00fc ile ba\u015fl\u0131yor. B\u00f6yle bir ba\u015flang\u0131c\u0131n, duygular\u0131n\u0131z\u0131 etkili \u015fekilde y\u00f6netmek i\u00e7in iyi bir temel olu\u015fturaca\u011f\u0131na inan\u0131yoruz. Sonu\u00e7ta bilmeden ad\u0131m at\u0131lmaz \u00f6yle de\u011fil mi? Bu b\u00f6l\u00fcm\u00fcn ard\u0131ndan ise sizlere, duygular\u0131n\u0131z\u0131 daha iyi anlamak ve y\u00f6netebilmek i\u00e7in 9 farkl\u0131 duygu d\u00fczenleme y\u00f6ntemi sunuyoruz. Bunlar\u0131n alelade, temelsiz veya u\u00e7ar\u0131 y\u00f6n temler olmad\u0131\u011f\u0131n\u0131; tam aksine, bu konuda \u00e7al\u0131\u015fmalar\u0131 ve deneyimi olan ruh sa\u011fl\u0131\u011f\u0131 uzmanlar\u0131n\u0131n bilimsel \u00e7al\u0131\u015fmalardan yola \u00e7\u0131karak tavsiye etti\u011fi y\u00f6ntemler oldu\u011funu da vurgulamam\u0131z laz\u0131m. Her bir y\u00f6nteme dair b\u00f6l\u00fcmlerde \u00f6nce bu konuya y\u00f6nelik a\u00e7\u0131klamalar\u0131, yak\u0131n zamanda yap\u0131lan bilimsel ara\u015ft\u0131rmalar\u0131, o y\u00f6ntemi nas\u0131l uygulayaca\u011f\u0131n\u0131z\u0131, kar\u015f\u0131la\u015f\u0131labilece\u011finiz olas\u0131 sorunlar ile farkl\u0131 durumlar i\u00e7in \u00e7\u00f6z\u00fcm \u00f6nerilerimizi g\u00f6receksiniz. Kendi ki\u015fisel durumunuza, ko\u015fullara ve elbette tercihinize g\u00f6re \u00f6zellikle belirli bir y\u00f6ntemi tercih edebilir veya kendi \u00f6zel durumunuza \u00f6zg\u00fc olacak \u015fekilde o y\u00f6ntemi uyarlayarak rahatl\u0131kla kullanabilirsiniz. Amac\u0131m\u0131z sizi e\u011flendirmek ve dikkatinizi da\u011f\u0131tmak de\u011fil, duygular\u0131m\u0131z\u0131 etkili \u015fekilde y\u00f6netmek ve daha kaliteli bir ya\u015fam i\u00e7in kullanabilece\u011finiz y\u00f6ntemleri ad\u0131m ad\u0131m sizlere sunmakt\u0131r.<\/p>\n","protected":false},"excerpt":{"rendered":"<p>Bu kendine yard\u0131m kitab\u0131, \u00f6nce duygular\u0131 anlamak ile ilgili g\u00fcndelik ya\u015famda rahatl\u0131kla \u00f6rneklerini bulabilece\u011finiz genel bilgiler i\u00e7eren Duygu E\u011fitimi b\u00f6l\u00fcm\u00fc ile ba\u015fl\u0131yor. B\u00f6yle bir ba\u015flang\u0131c\u0131n, duygular\u0131n\u0131z\u0131<span class=\"excerpt-hellip\"> [\u2026]<\/span><\/p>\n","protected":false},"featured_media":0,"template":"","meta":{"_monsterinsights_skip_tracking":false,"_monsterinsights_sitenote_active":false,"_monsterinsights_sitenote_note":"","_monsterinsights_sitenote_category":0},"product_brand":[],"product_cat":[12357],"product_tag":[],"class_list":{"0":"post-726042","1":"product","2":"type-product","3":"status-publish","5":"product_cat-psikoloji","6":"pa_cilt-ciltsiz","7":"pa_tur-kitap","8":"pa_yayinevi-altinordu-yayinlari","9":"pa_yazar-altinordu-kolektif","11":"first","12":"instock","13":"sale","14":"shipping-taxable","15":"purchasable","16":"product-type-simple"},"_links":{"self":[{"href":"https:\/\/roveyayinevi.com.tr\/index.php\/wp-json\/wp\/v2\/product\/726042","targetHints":{"allow":["GET"]}}],"collection":[{"href":"https:\/\/roveyayinevi.com.tr\/index.php\/wp-json\/wp\/v2\/product"}],"about":[{"href":"https:\/\/roveyayinevi.com.tr\/index.php\/wp-json\/wp\/v2\/types\/product"}],"wp:attachment":[{"href":"https:\/\/roveyayinevi.com.tr\/index.php\/wp-json\/wp\/v2\/media?parent=726042"}],"wp:term":[{"taxonomy":"product_brand","embeddable":true,"href":"https:\/\/roveyayinevi.com.tr\/index.php\/wp-json\/wp\/v2\/product_brand?post=726042"},{"taxonomy":"product_cat","embeddable":true,"href":"https:\/\/roveyayinevi.com.tr\/index.php\/wp-json\/wp\/v2\/product_cat?post=726042"},{"taxonomy":"product_tag","embeddable":true,"href":"https:\/\/roveyayinevi.com.tr\/index.php\/wp-json\/wp\/v2\/product_tag?post=726042"}],"curies":[{"name":"wp","href":"https:\/\/api.w.org\/{rel}","templated":true}]}}