{"id":726041,"date":"2025-08-27T20:00:19","date_gmt":"2025-08-27T17:00:19","guid":{"rendered":"https:\/\/roveyayinevi.com.tr\/index.php\/urun\/filanca-operasyon\/"},"modified":"2026-04-16T02:33:58","modified_gmt":"2026-04-15T23:33:58","slug":"filanca-operasyon","status":"publish","type":"product","link":"https:\/\/roveyayinevi.com.tr\/index.php\/urun\/filanca-operasyon\/","title":{"rendered":"Filanca Operasyon"},"content":{"rendered":"<p>Yapay zekalar\u0131n art\u0131k hayat\u0131m\u0131z\u0131n bir par\u00e7as\u0131 h\u00e2line geldi\u011fi, insanlar\u0131n en b\u00fcy\u00fck yard\u0131mc\u0131s\u0131 oldu\u011fu bir zamanda android Sevgi kendisini insan zannederse ne olur? Nene\u2019sine pek d\u00fc\u015fk\u00fcn, yard\u0131mc\u0131 android Sevgi ve g\u00f6z\u00fc pek bilim androidi Ayhan\u2019\u0131n D\u00fcnya\u2019y\u0131 kurtarabilmek i\u00e7in at\u0131ld\u0131klar\u0131 maceraya sen de davetlisin!<\/p>\n","protected":false},"excerpt":{"rendered":"<p>Yapay zekalar\u0131n art\u0131k hayat\u0131m\u0131z\u0131n bir par\u00e7as\u0131 h\u00e2line geldi\u011fi, insanlar\u0131n en b\u00fcy\u00fck yard\u0131mc\u0131s\u0131 oldu\u011fu bir zamanda android Sevgi kendisini insan zannederse ne olur? Nene\u2019sine pek d\u00fc\u015fk\u00fcn, yard\u0131mc\u0131<span class=\"excerpt-hellip\"> [\u2026]<\/span><\/p>\n","protected":false},"featured_media":0,"template":"","meta":{"_monsterinsights_skip_tracking":false,"_monsterinsights_sitenote_active":false,"_monsterinsights_sitenote_note":"","_monsterinsights_sitenote_category":0},"product_brand":[],"product_cat":[12291,12711],"product_tag":[],"class_list":{"0":"post-726041","1":"product","2":"type-product","3":"status-publish","5":"product_cat-edebiyat","6":"product_cat-roman-oyku","7":"pa_cilt-ciltsiz","8":"pa_tur-kitap","9":"pa_yayinevi-erdem-cocuk","10":"pa_yazar-feyza-sahin","12":"first","13":"instock","14":"sale","15":"shipping-taxable","16":"purchasable","17":"product-type-simple"},"_links":{"self":[{"href":"https:\/\/roveyayinevi.com.tr\/index.php\/wp-json\/wp\/v2\/product\/726041","targetHints":{"allow":["GET"]}}],"collection":[{"href":"https:\/\/roveyayinevi.com.tr\/index.php\/wp-json\/wp\/v2\/product"}],"about":[{"href":"https:\/\/roveyayinevi.com.tr\/index.php\/wp-json\/wp\/v2\/types\/product"}],"wp:attachment":[{"href":"https:\/\/roveyayinevi.com.tr\/index.php\/wp-json\/wp\/v2\/media?parent=726041"}],"wp:term":[{"taxonomy":"product_brand","embeddable":true,"href":"https:\/\/roveyayinevi.com.tr\/index.php\/wp-json\/wp\/v2\/product_brand?post=726041"},{"taxonomy":"product_cat","embeddable":true,"href":"https:\/\/roveyayinevi.com.tr\/index.php\/wp-json\/wp\/v2\/product_cat?post=726041"},{"taxonomy":"product_tag","embeddable":true,"href":"https:\/\/roveyayinevi.com.tr\/index.php\/wp-json\/wp\/v2\/product_tag?post=726041"}],"curies":[{"name":"wp","href":"https:\/\/api.w.org\/{rel}","templated":true}]}}