{"id":726039,"date":"2025-08-27T20:00:17","date_gmt":"2025-08-27T17:00:17","guid":{"rendered":"https:\/\/roveyayinevi.com.tr\/index.php\/urun\/meryem-usturlabi\/"},"modified":"2026-04-16T02:33:58","modified_gmt":"2026-04-15T23:33:58","slug":"meryem-usturlabi","status":"publish","type":"product","link":"https:\/\/roveyayinevi.com.tr\/index.php\/urun\/meryem-usturlabi\/","title":{"rendered":"Meryem Usturlabi"},"content":{"rendered":"<p>Bilimin \u00d6nc\u00fcleri Serisi modern bilime temel olu\u015fturan ilk d\u00f6nem M\u00fcsl\u00fcman ve T\u00fcrk bilim insanlar\u0131n\u0131n hayatlar\u0131 hakk\u0131nda ula\u015f\u0131labilen temel bilgilerden yola \u00e7\u0131k\u0131larak olu\u015fturulmu\u015f kurgu romanlar\u0131 i\u00e7eriyor. Tarihe ad\u0131n\u0131 yazd\u0131rm\u0131\u015f, ara\u015ft\u0131rmalar\u0131 ve yazd\u0131klar\u0131 eserlerle bug\u00fcne \u0131\u015f\u0131k olmu\u015f bilim insanlar\u0131n\u0131n \u00e7ocukluklar\u0131na ve hayallerine ula\u015fmak i\u00e7in neler yapt\u0131klar\u0131na \u015fahit olacaks\u0131n\u0131z. G\u00f6zlem yapmaya, g\u00f6ky\u00fcz\u00fcne, \u00f6zellikle y\u0131ld\u0131zlara merakl\u0131, zeki bir \u00e7ocuktur Meryem. Usturlap ustas\u0131 babas\u0131na \u00e7\u0131rakl\u0131k yapmaktad\u0131r. \u00c7ok \u00e7al\u0131\u015f\u0131r ve bir usturlap ustas\u0131 olur. Usturlap \u00fczerinde yapt\u0131\u011f\u0131 yenilikler, g\u00fcn\u00fcm\u00fcz\u00fcn navigasyon ve zaman belirleme tekniklerinin geli\u015ftirilmesinde \u00f6nc\u00fc olur. Bu kitapta; 10. y\u00fczy\u0131l\u0131n ilk ve tek kad\u0131n M\u00fcsl\u00fcman g\u00f6k bilimci olan Meryem Usturlabi\u2019nin (Meryem el-\u0130cliyye) macera dolu hayat\u0131n\u0131 okuyacaks\u0131n\u0131z.<\/p>\n","protected":false},"excerpt":{"rendered":"<p>Bilimin \u00d6nc\u00fcleri Serisi modern bilime temel olu\u015fturan ilk d\u00f6nem M\u00fcsl\u00fcman ve T\u00fcrk bilim insanlar\u0131n\u0131n hayatlar\u0131 hakk\u0131nda ula\u015f\u0131labilen temel bilgilerden yola \u00e7\u0131k\u0131larak olu\u015fturulmu\u015f kurgu romanlar\u0131 i\u00e7eriyor. Tarihe<span class=\"excerpt-hellip\"> [\u2026]<\/span><\/p>\n","protected":false},"featured_media":0,"template":"","meta":{"_monsterinsights_skip_tracking":false,"_monsterinsights_sitenote_active":false,"_monsterinsights_sitenote_note":"","_monsterinsights_sitenote_category":0},"product_brand":[],"product_cat":[14009,12291],"product_tag":[],"class_list":{"0":"post-726039","1":"product","2":"type-product","3":"status-publish","5":"product_cat-biyografi-otobiyografi-edebiyat","6":"product_cat-edebiyat","7":"pa_cilt-ciltsiz","8":"pa_tur-kitap","9":"pa_yayinevi-erdem-cocuk","10":"pa_yazar-naz-n-varli","12":"first","13":"instock","14":"sale","15":"shipping-taxable","16":"purchasable","17":"product-type-simple"},"_links":{"self":[{"href":"https:\/\/roveyayinevi.com.tr\/index.php\/wp-json\/wp\/v2\/product\/726039","targetHints":{"allow":["GET"]}}],"collection":[{"href":"https:\/\/roveyayinevi.com.tr\/index.php\/wp-json\/wp\/v2\/product"}],"about":[{"href":"https:\/\/roveyayinevi.com.tr\/index.php\/wp-json\/wp\/v2\/types\/product"}],"wp:attachment":[{"href":"https:\/\/roveyayinevi.com.tr\/index.php\/wp-json\/wp\/v2\/media?parent=726039"}],"wp:term":[{"taxonomy":"product_brand","embeddable":true,"href":"https:\/\/roveyayinevi.com.tr\/index.php\/wp-json\/wp\/v2\/product_brand?post=726039"},{"taxonomy":"product_cat","embeddable":true,"href":"https:\/\/roveyayinevi.com.tr\/index.php\/wp-json\/wp\/v2\/product_cat?post=726039"},{"taxonomy":"product_tag","embeddable":true,"href":"https:\/\/roveyayinevi.com.tr\/index.php\/wp-json\/wp\/v2\/product_tag?post=726039"}],"curies":[{"name":"wp","href":"https:\/\/api.w.org\/{rel}","templated":true}]}}