{"id":726038,"date":"2025-08-27T20:00:17","date_gmt":"2025-08-27T17:00:17","guid":{"rendered":"https:\/\/roveyayinevi.com.tr\/index.php\/urun\/istanbul-lavtasi-metodu\/"},"modified":"2026-04-16T02:33:58","modified_gmt":"2026-04-15T23:33:58","slug":"istanbul-lavtasi-metodu","status":"publish","type":"product","link":"https:\/\/roveyayinevi.com.tr\/index.php\/urun\/istanbul-lavtasi-metodu\/","title":{"rendered":"\u0130stanbul Lavtas\u0131 Metodu"},"content":{"rendered":"<p>Ge\u00e7mi\u015ftin g\u00fcn\u00fcm\u00fcze kadar \u0130stanbul L\u00e2vtas\u0131\u2019n\u0131n \u00f6\u011fretimiyle ilgili olarak baz\u0131 konservatuvarlar,  \u00f6zel e\u011fitim kurumlar\u0131 ile dernekler ve topluluklardaki usta \u00e7\u0131rak ili\u015fkisiyle s\u00fcrd\u00fcr\u00fclen \u00e7ok nadir \u00e7abalar\u0131n d\u0131\u015f\u0131nda bir \u00f6\u011fretim metodu olmam\u0131\u015ft\u0131r. Ba\u015fka bir ifadeyle bu kitap geleneksel \u00f6\u011fretim y\u00f6nteminden, metodik bir yakla\u015f\u0131ma ge\u00e7erek \u00e7alg\u0131n\u0131n \u00f6\u011fretimini ve \u00e7al\u0131nmas\u0131 sa\u011flamak amac\u0131yla haz\u0131rlanm\u0131\u015ft\u0131r. Kitapta bir yandan geleneksel \u00fcslup aktar\u0131lmaya \u00e7al\u0131\u015f\u0131l\u0131rken \u00f6te yandan da \u00f6\u011frencinin m\u00fcmk\u00fcn oldu\u011funca evrensel y\u00f6ntemleri kullanarak geli\u015fmesine \u00f6zen g\u00f6sterilmi\u015ftir.  Kitapta \u0130stanbul L\u00e2vtas\u0131n\u0131n tarih\u00e7esinden ba\u015flayarak s\u0131ras\u0131yla; icrac\u0131lar\u0131na, akort d\u00fczenlerine, icra s\u0131ras\u0131nda dikkat edilmesi gereken konulara, parmak egzersizlerine, \u00e7e\u015fitli makamlardaki ve pozisyonlardaki teknik \u00e7al\u0131\u015fmalar ile nota de\u011ferleriyle ilgili bilgilere yer verilmi\u015ftir. Unutulmaya y\u00fcz tutan \u0130stanbul L\u00e2vtas\u0131\u2019n\u0131n yeniden canlanmas\u0131 ve b\u00fct\u00fcn kullan\u0131c\u0131lara yard\u0131mc\u0131 ve yararl\u0131 olmas\u0131 dile\u011fiyle\u2026 <\/p>\n","protected":false},"excerpt":{"rendered":"<p>Ge\u00e7mi\u015ftin g\u00fcn\u00fcm\u00fcze kadar \u0130stanbul L\u00e2vtas\u0131\u2019n\u0131n \u00f6\u011fretimiyle ilgili olarak baz\u0131 konservatuvarlar, \u00f6zel e\u011fitim kurumlar\u0131 ile dernekler ve topluluklardaki usta \u00e7\u0131rak ili\u015fkisiyle s\u00fcrd\u00fcr\u00fclen \u00e7ok nadir \u00e7abalar\u0131n d\u0131\u015f\u0131nda bir<span class=\"excerpt-hellip\"> [\u2026]<\/span><\/p>\n","protected":false},"featured_media":0,"template":"","meta":{"_monsterinsights_skip_tracking":false,"_monsterinsights_sitenote_active":false,"_monsterinsights_sitenote_note":"","_monsterinsights_sitenote_category":0},"product_brand":[],"product_cat":[14556,14557],"product_tag":[],"class_list":{"0":"post-726038","1":"product","2":"type-product","3":"status-publish","5":"product_cat-muzik","6":"product_cat-nota-kitaplari","7":"pa_cilt-ciltsiz","8":"pa_tur-kitap","9":"pa_yayinevi-muzik-egitimi-yayinlari","10":"pa_yazar-enver-mete-aslan","12":"first","13":"instock","14":"sale","15":"shipping-taxable","16":"purchasable","17":"product-type-simple"},"_links":{"self":[{"href":"https:\/\/roveyayinevi.com.tr\/index.php\/wp-json\/wp\/v2\/product\/726038","targetHints":{"allow":["GET"]}}],"collection":[{"href":"https:\/\/roveyayinevi.com.tr\/index.php\/wp-json\/wp\/v2\/product"}],"about":[{"href":"https:\/\/roveyayinevi.com.tr\/index.php\/wp-json\/wp\/v2\/types\/product"}],"wp:attachment":[{"href":"https:\/\/roveyayinevi.com.tr\/index.php\/wp-json\/wp\/v2\/media?parent=726038"}],"wp:term":[{"taxonomy":"product_brand","embeddable":true,"href":"https:\/\/roveyayinevi.com.tr\/index.php\/wp-json\/wp\/v2\/product_brand?post=726038"},{"taxonomy":"product_cat","embeddable":true,"href":"https:\/\/roveyayinevi.com.tr\/index.php\/wp-json\/wp\/v2\/product_cat?post=726038"},{"taxonomy":"product_tag","embeddable":true,"href":"https:\/\/roveyayinevi.com.tr\/index.php\/wp-json\/wp\/v2\/product_tag?post=726038"}],"curies":[{"name":"wp","href":"https:\/\/api.w.org\/{rel}","templated":true}]}}