{"id":726037,"date":"2025-08-27T20:00:16","date_gmt":"2025-08-27T17:00:16","guid":{"rendered":"https:\/\/roveyayinevi.com.tr\/index.php\/urun\/uzaktan-egitim-sart\/"},"modified":"2026-04-06T02:47:18","modified_gmt":"2026-04-05T23:47:18","slug":"uzaktan-egitim-sart","status":"publish","type":"product","link":"https:\/\/roveyayinevi.com.tr\/index.php\/urun\/uzaktan-egitim-sart\/","title":{"rendered":"Uzaktan E\u011fitim \u015eart"},"content":{"rendered":"<p>E\u011fitimde d\u00f6n\u00fc\u015f\u00fcm \u00e7oktan ba\u015flad\u0131B\u00fcy\u00fck de\u011fi\u015fimler krizlerden do\u011far. Koronavir\u00fcs pandemisi de e\u011fitimde b\u00fcy\u00fck bir de\u011fi\u015fimi tetikledi. Bu de\u011fi\u015fim, dijital teknolojinin geli\u015fmesiyle birlikte her ge\u00e7en g\u00fcn ivme kazan\u0131yor. Ge\u00e7 kalanlar treni yakalayamayacak. Uzaktan e\u011fitime h\u0131zl\u0131 uyum sa\u011flayan, altyap\u0131 yat\u0131r\u0131m\u0131 yapan ve dijital teknolojilerin kullan\u0131m\u0131 konusunda entelekt\u00fcel birikime de\u011fer veren e\u011fitim kurumlar\u0131 ayakta kalacak. Dijital u\u00e7urum ise derinle\u015ftik\u00e7e derinle\u015fecek. Bu durumdan ise hi\u00e7 \u015f\u00fcphesiz en \u00e7ok \u00e7ocuklar etkilenecek.Bizi \u00f6n\u00fcm\u00fczdeki e\u011fitim-\u00f6\u011fretim d\u00f6neminde neler bekliyor? Okullar bir daha eskisi gibi y\u00fcz y\u00fcze e\u011fitim verebilecek mi? \u00d6\u011fretmenler uzaktan e\u011fitim s\u00fcrecine nas\u0131l uyum sa\u011flayacak? \u00d6\u011frencide bu s\u00fcre\u00e7 nas\u0131l bir \u00f6\u011frenme kayb\u0131na sebep olacak?Sosyal mesafe devam ederse &#8220;seyreltilmi\u015f\u201d e\u011fitim mi yapaca\u011f\u0131z?Ya ikinci bir dalga gelirse buna nas\u0131l haz\u0131rl\u0131kl\u0131 olaca\u011f\u0131z? Okullar gelecekte nas\u0131l d\u00f6n\u00fc\u015fecek? Zihnimizde gezinen bu sorulara bir anda cevap vermek zorlay\u0131c\u0131 olsa da t\u00fcm bu \u015fartlar alt\u0131nda uzaktan e\u011fitim art\u0131k \u015fart. Geri d\u00f6n\u00fclemez bir yolculu\u011fa \u00e7\u0131kt\u0131k. \u0130\u015fte bu kitap, \u00f6\u011fretmenler ve e\u011fitim kurumlar\u0131 i\u00e7in uzaktan e\u011fitime dair bir yol haritas\u0131 \u00e7iziyor. Do\u011fru ara\u00e7lar\u0131 se\u00e7mek, faydal\u0131 taktikleri uygulamak ve etkili bir dijital \u00f6\u011frenme ortam\u0131 kurgulamak i\u00e7in \u00f6neriler sunuyor. \u00d6\u011frenmeyi d\u00f6rt duvar\u0131n d\u0131\u015f\u0131na \u00e7\u0131kar\u0131yor, dijital d\u00fcnyan\u0131n ara\u00e7lar\u0131yla zenginle\u015ftiriyor. Tek yapman\u0131z gereken \u015fey, yenilik\u00e7i bak\u0131\u015f a\u00e7\u0131s\u0131yla kar\u015f\u0131la\u015ft\u0131\u011f\u0131n\u0131z zorluklar\u0131 f\u0131rsata \u00e7evirmek!<\/p>\n","protected":false},"excerpt":{"rendered":"<p>E\u011fitimde d\u00f6n\u00fc\u015f\u00fcm \u00e7oktan ba\u015flad\u0131B\u00fcy\u00fck de\u011fi\u015fimler krizlerden do\u011far. Koronavir\u00fcs pandemisi de e\u011fitimde b\u00fcy\u00fck bir de\u011fi\u015fimi tetikledi. Bu de\u011fi\u015fim, dijital teknolojinin geli\u015fmesiyle birlikte her ge\u00e7en g\u00fcn ivme kazan\u0131yor.<span class=\"excerpt-hellip\"> [\u2026]<\/span><\/p>\n","protected":false},"featured_media":0,"template":"","meta":{"_monsterinsights_skip_tracking":false,"_monsterinsights_sitenote_active":false,"_monsterinsights_sitenote_note":"","_monsterinsights_sitenote_category":0},"product_brand":[],"product_cat":[12567,12566],"product_tag":[],"class_list":{"0":"post-726037","1":"product","2":"type-product","3":"status-publish","5":"product_cat-diger-egitim","6":"product_cat-egitim","7":"pa_cilt-ciltsiz","8":"pa_tur-kitap","9":"pa_yayinevi-abakus-kitap","10":"pa_yazar-burcu-aybat-yonca-ozgun","12":"first","13":"instock","14":"sale","15":"shipping-taxable","16":"purchasable","17":"product-type-simple"},"_links":{"self":[{"href":"https:\/\/roveyayinevi.com.tr\/index.php\/wp-json\/wp\/v2\/product\/726037","targetHints":{"allow":["GET"]}}],"collection":[{"href":"https:\/\/roveyayinevi.com.tr\/index.php\/wp-json\/wp\/v2\/product"}],"about":[{"href":"https:\/\/roveyayinevi.com.tr\/index.php\/wp-json\/wp\/v2\/types\/product"}],"wp:attachment":[{"href":"https:\/\/roveyayinevi.com.tr\/index.php\/wp-json\/wp\/v2\/media?parent=726037"}],"wp:term":[{"taxonomy":"product_brand","embeddable":true,"href":"https:\/\/roveyayinevi.com.tr\/index.php\/wp-json\/wp\/v2\/product_brand?post=726037"},{"taxonomy":"product_cat","embeddable":true,"href":"https:\/\/roveyayinevi.com.tr\/index.php\/wp-json\/wp\/v2\/product_cat?post=726037"},{"taxonomy":"product_tag","embeddable":true,"href":"https:\/\/roveyayinevi.com.tr\/index.php\/wp-json\/wp\/v2\/product_tag?post=726037"}],"curies":[{"name":"wp","href":"https:\/\/api.w.org\/{rel}","templated":true}]}}