{"id":726028,"date":"2025-08-27T19:59:33","date_gmt":"2025-08-27T16:59:33","guid":{"rendered":"https:\/\/roveyayinevi.com.tr\/index.php\/urun\/sevda-ugruna\/"},"modified":"2026-04-16T02:33:58","modified_gmt":"2026-04-15T23:33:58","slug":"sevda-ugruna","status":"publish","type":"product","link":"https:\/\/roveyayinevi.com.tr\/index.php\/urun\/sevda-ugruna\/","title":{"rendered":"Sevda U\u011fruna"},"content":{"rendered":"<p>Derya; kendisinden ya\u015f\u00e7a b\u00fcy\u00fck, fazla korumac\u0131 iki a\u011fabey, ve ona h\u00e2l\u00e2 be\u015f ya\u015f\u0131ndaym\u0131\u015f gibi davranan ebeveynlere sahip \u00fcniversite \u00f6\u011frencisi bir gen\u00e7 k\u0131zd\u0131. Tek istedi\u011fi, ailesinin art\u0131k onun b\u00fcy\u00fcd\u00fc\u011f\u00fcn\u00fc kabullenerek biraz da olsa nefes ald\u0131rmas\u0131n\u0131 sa\u011flamakt\u0131. Yirmi birinci ya\u015f\u0131n\u0131 doldurdu\u011fu yaz tatilinde staj\u0131 i\u00e7in masum bir yalan\u0131n arkas\u0131na s\u0131\u011f\u0131narak hayat\u0131n\u0131n ilk ger\u00e7ek maceras\u0131n\u0131n yolculu\u011funa \u00e7\u0131kt\u0131\u011f\u0131nda ise bu yalan\u0131n onu d\u00f6n\u00fc\u015f\u00fc olmayacak \u015fekilde de\u011fi\u015ftirece\u011finden habersizdi.SONUNDA O DA HEP D\u00dc\u015eLED\u0130\u011e\u0130, BA\u015eKALARINDA TANIK OLDU\u011eU A\u015eKI BULACAK MIYDI YOKSA A\u015eK SANDI\u011eI \u015eEY B\u0130R MUS\u0130BET M\u0130YD\u0130?Emir ise hi\u00e7 hesapta yokken omuzlar\u0131na ya\u015f\u0131ndan a\u011f\u0131r y\u00fckler koyulmu\u015f, kay\u0131plar\u0131 y\u00fcz\u00fcnden vaktinden \u00f6nce b\u00fcy\u00fcm\u00fc\u015f bir gen\u00e7 adamd\u0131. \u0130\u015fi, ailesi ve y\u0131llar \u00f6nce etti\u011fi bir yeminin u\u011fruna ya\u015f\u0131yordu. Ta ki Derya\u2019y\u0131 g\u00f6rene dek&#8230; Bu g\u00fczel k\u0131z\u0131 sevmek batakl\u0131kta kendisine uzat\u0131lan bir dala tutunmak gibiydi. Ancak k\u0131rmadan, kirletmeden, ayn\u0131 bata\u011fa \u00e7ekmeden sevmek\u00c9 \u0130\u015fte bunu nas\u0131l yapaca\u011f\u0131n\u0131 hi\u00e7 bilmiyordu.Sevda U\u011fruna, iki gencin yalanlar aras\u0131nda filizlenen a\u015fk\u0131n\u0131n ve bu a\u015fk u\u011fruna birbirlerine tutunu\u015funun hik\u00e2yesi&#8230;<\/p>\n","protected":false},"excerpt":{"rendered":"<p>Derya; kendisinden ya\u015f\u00e7a b\u00fcy\u00fck, fazla korumac\u0131 iki a\u011fabey, ve ona h\u00e2l\u00e2 be\u015f ya\u015f\u0131ndaym\u0131\u015f gibi davranan ebeveynlere sahip \u00fcniversite \u00f6\u011frencisi bir gen\u00e7 k\u0131zd\u0131. Tek istedi\u011fi, ailesinin art\u0131k<span class=\"excerpt-hellip\"> [\u2026]<\/span><\/p>\n","protected":false},"featured_media":0,"template":"","meta":{"_monsterinsights_skip_tracking":false,"_monsterinsights_sitenote_active":false,"_monsterinsights_sitenote_note":"","_monsterinsights_sitenote_category":0},"product_brand":[],"product_cat":[14643,12291],"product_tag":[],"class_list":{"0":"post-726028","1":"product","2":"type-product","3":"status-publish","5":"product_cat-ask","6":"product_cat-edebiyat","7":"pa_cilt-ciltsiz","8":"pa_tur-kitap","9":"pa_yayinevi-muptela-yayinevi","10":"pa_yazar-damlanur-buyuksen","12":"first","13":"instock","14":"sale","15":"shipping-taxable","16":"purchasable","17":"product-type-simple"},"_links":{"self":[{"href":"https:\/\/roveyayinevi.com.tr\/index.php\/wp-json\/wp\/v2\/product\/726028","targetHints":{"allow":["GET"]}}],"collection":[{"href":"https:\/\/roveyayinevi.com.tr\/index.php\/wp-json\/wp\/v2\/product"}],"about":[{"href":"https:\/\/roveyayinevi.com.tr\/index.php\/wp-json\/wp\/v2\/types\/product"}],"wp:attachment":[{"href":"https:\/\/roveyayinevi.com.tr\/index.php\/wp-json\/wp\/v2\/media?parent=726028"}],"wp:term":[{"taxonomy":"product_brand","embeddable":true,"href":"https:\/\/roveyayinevi.com.tr\/index.php\/wp-json\/wp\/v2\/product_brand?post=726028"},{"taxonomy":"product_cat","embeddable":true,"href":"https:\/\/roveyayinevi.com.tr\/index.php\/wp-json\/wp\/v2\/product_cat?post=726028"},{"taxonomy":"product_tag","embeddable":true,"href":"https:\/\/roveyayinevi.com.tr\/index.php\/wp-json\/wp\/v2\/product_tag?post=726028"}],"curies":[{"name":"wp","href":"https:\/\/api.w.org\/{rel}","templated":true}]}}