{"id":726027,"date":"2025-08-27T19:59:32","date_gmt":"2025-08-27T16:59:32","guid":{"rendered":"https:\/\/roveyayinevi.com.tr\/index.php\/urun\/viy\/"},"modified":"2026-04-16T02:33:58","modified_gmt":"2026-04-15T23:33:58","slug":"viy","status":"publish","type":"product","link":"https:\/\/roveyayinevi.com.tr\/index.php\/urun\/viy\/","title":{"rendered":"Viy"},"content":{"rendered":"<p>Benim edebi tercihim Gogol\u2019den yanad\u0131r, bak\u0131\u015f a\u00e7\u0131ma g\u00f6re kimse k\u0131yaslanamaz onunla.\u201d \u2013Mihail BulgakovVladimir Nabokov\u2019un, \u201ctuhaf bir deha\u201d olarak nitelendirdi\u011fi, Mikhail Bulgakov, Fyodor Mihaylovi\u00e7 Dostoyevski gibi yazarlar\u0131 etkilemi\u015f Nikolay Gogol, bu kitaba da ad\u0131n\u0131 veren \u201cViy\u201d \u00f6yk\u00fcs\u00fcnde, Ukrayna halk efsanelerinden ald\u0131\u011f\u0131n\u0131 iddia etse de asl\u0131nda kendisinin uydurdu\u011fu bir yarat\u0131\u011f\u0131 edebiyat d\u00fcnyas\u0131na hediye etti. Gogol, Viy\u2019deki \u00fc\u00e7 \u00f6yk\u00fcyle, \u015feytan \u00e7\u0131karmalar\u0131n, b\u00fcy\u00fcc\u00fclerin ve ka\u015flar\u0131 yere kadar inen bir yarat\u0131\u011f\u0131n kol gezdi\u011fi bir Rusya\u2019ya g\u00f6t\u00fcr\u00fcyor okuru.\u201cViy\u201dde, \u00fc\u00e7 \u00f6\u011frenci, teolog Halyeva, filozof Homa ve hatip Tiberiy dinlenip kar\u0131nlar\u0131n\u0131 doyuracak bir yer bulmak i\u00e7in ana yoldan ayr\u0131l\u0131nca kaybolurlar ve ger\u00e7ek y\u00fcz\u00fcn\u00fc daha sonra g\u00f6recekleri tehlikeli bir ihtiyar kad\u0131n \u00e7\u0131kar kar\u015f\u0131lar\u0131na. \u201c\u0130van Kupala Ak\u015fam\u0131 Arifesi\u201dnde \u00e2\u015f\u0131k bir adam\u0131n, \u015eeytan da olabilecek bir yabanc\u0131yla yapt\u0131\u011f\u0131 anla\u015fma ters teper. \u201cKorkun\u00e7 Bir \u0130ntikam\u201dda ise y\u0131llar sonra geri d\u00f6nen bir baba, k\u0131z\u0131n\u0131 deh\u015fete d\u00fc\u015f\u00fcr\u00fcr.\u201cViy\u2019i getirin! Gidip Viy\u2019i getirin,\u201d diyordu \u00f6l\u00fc.<\/p>\n","protected":false},"excerpt":{"rendered":"<p>Benim edebi tercihim Gogol\u2019den yanad\u0131r, bak\u0131\u015f a\u00e7\u0131ma g\u00f6re kimse k\u0131yaslanamaz onunla.\u201d \u2013Mihail BulgakovVladimir Nabokov\u2019un, \u201ctuhaf bir deha\u201d olarak nitelendirdi\u011fi, Mikhail Bulgakov, Fyodor Mihaylovi\u00e7 Dostoyevski gibi yazarlar\u0131<span class=\"excerpt-hellip\"> [\u2026]<\/span><\/p>\n","protected":false},"featured_media":0,"template":"","meta":{"_monsterinsights_skip_tracking":false,"_monsterinsights_sitenote_active":false,"_monsterinsights_sitenote_note":"","_monsterinsights_sitenote_category":0},"product_brand":[],"product_cat":[12291,17033],"product_tag":[],"class_list":{"0":"post-726027","1":"product","2":"type-product","3":"status-publish","5":"product_cat-edebiyat","6":"product_cat-korku-gerilim","7":"pa_cilt-ciltsiz","8":"pa_tur-kitap","9":"pa_yayinevi-ithaki-yayinlari","10":"pa_yazar-nikolay-gogol","12":"first","13":"instock","14":"sale","15":"shipping-taxable","16":"purchasable","17":"product-type-simple"},"_links":{"self":[{"href":"https:\/\/roveyayinevi.com.tr\/index.php\/wp-json\/wp\/v2\/product\/726027","targetHints":{"allow":["GET"]}}],"collection":[{"href":"https:\/\/roveyayinevi.com.tr\/index.php\/wp-json\/wp\/v2\/product"}],"about":[{"href":"https:\/\/roveyayinevi.com.tr\/index.php\/wp-json\/wp\/v2\/types\/product"}],"wp:attachment":[{"href":"https:\/\/roveyayinevi.com.tr\/index.php\/wp-json\/wp\/v2\/media?parent=726027"}],"wp:term":[{"taxonomy":"product_brand","embeddable":true,"href":"https:\/\/roveyayinevi.com.tr\/index.php\/wp-json\/wp\/v2\/product_brand?post=726027"},{"taxonomy":"product_cat","embeddable":true,"href":"https:\/\/roveyayinevi.com.tr\/index.php\/wp-json\/wp\/v2\/product_cat?post=726027"},{"taxonomy":"product_tag","embeddable":true,"href":"https:\/\/roveyayinevi.com.tr\/index.php\/wp-json\/wp\/v2\/product_tag?post=726027"}],"curies":[{"name":"wp","href":"https:\/\/api.w.org\/{rel}","templated":true}]}}