{"id":726025,"date":"2025-08-27T19:59:30","date_gmt":"2025-08-27T16:59:30","guid":{"rendered":"https:\/\/roveyayinevi.com.tr\/index.php\/urun\/edebiyatin-tesirli-parcalari\/"},"modified":"2026-04-16T02:33:58","modified_gmt":"2026-04-15T23:33:58","slug":"edebiyatin-tesirli-parcalari","status":"publish","type":"product","link":"https:\/\/roveyayinevi.com.tr\/index.php\/urun\/edebiyatin-tesirli-parcalari\/","title":{"rendered":"Edebiyat\u0131n Tesirli Par\u00e7alar\u0131"},"content":{"rendered":"<p>Ali Lidar, Ki\u015fisel Edebiyat Atlas\u0131 ve Hayata Ra\u011fmen Edebiyat kitaplar\u0131yla k\u0131ymetli buldu\u011fu kitaplara ve bu kitaplar\u0131n yazarlar\u0131na nereden bakt\u0131\u011f\u0131n\u0131, s\u00f6z\u00fcn\u00fc etti\u011fi yazarlar\u0131n eserlerini neden okumam\u0131z gerekti\u011fini titiz bir \u00e7al\u0131\u015fmayla sunmu\u015ftu. Bu iki kitab\u0131n devam\u0131 olan Edebiyat\u0131n Tesirli Par\u00e7alar\u0131 okurlara sadece keyifli bir okuma vadetmiyor, ayn\u0131 zamanda ucu buca\u011f\u0131 olmayan edebiyat evrenindeki nadide eserler i\u00e7in rehberlik ediyor. Bilginin payla\u015f\u0131ld\u0131k\u00e7a \u0131\u015f\u0131ldad\u0131\u011f\u0131n\u0131, okuma ortakl\u0131\u011f\u0131n\u0131n d\u00fcnyan\u0131n en g\u00fczel ortakl\u0131klar\u0131ndan biri oldu\u011funu ve d\u00fcnya tarihinde tesirini en iyi g\u00f6steren \u015feyin edebiyat oldu\u011funu s\u00f6yleyen usta i\u015fi bir kitap.\u201cKi\u015fisel Edebiyat Atlas\u0131 ile ba\u015flad\u0131\u011f\u0131m ve Hayata Ra\u011fmen Edebiyat ile devam eden sevdi\u011fim yazarlara dair his ve d\u00fc\u015f\u00fcncelerimi payla\u015fma hik\u00e2yem Edebiyat\u0131n Tesirli Par\u00e7alar\u0131\u2019n\u0131n tamamlanmas\u0131yla \u00fc\u00e7lemeye d\u00f6n\u00fc\u015ft\u00fc. Bu s\u00fcre\u00e7te altm\u0131\u015f yazar\u0131n alt\u0131 y\u00fczden fazla kitab\u0131yla deyim yerindeyse akraba oldum, daha \u00f6nce \u0131skalad\u0131\u011f\u0131m pek \u00e7ok y\u00f6nleriyle kar\u015f\u0131la\u015ft\u0131m. Umar\u0131m bu kitap okurlar\u0131m\u0131n da benzer \u015feyler ya\u015fay\u0131p hissetmesine vesile olur. \u0130lk kitaptan itibaren onlar\u0131n ilgi ve alakalar\u0131 beni bu yaz\u0131lara devam etmeye iten en \u00f6nemli motivasyon unsuru oldu. Bu vesileyle her birine ayr\u0131 ayr\u0131 te\u015fekk\u00fcr etmeyi kendime bor\u00e7 bilirim.\u201d<\/p>\n","protected":false},"excerpt":{"rendered":"<p>Ali Lidar, Ki\u015fisel Edebiyat Atlas\u0131 ve Hayata Ra\u011fmen Edebiyat kitaplar\u0131yla k\u0131ymetli buldu\u011fu kitaplara ve bu kitaplar\u0131n yazarlar\u0131na nereden bakt\u0131\u011f\u0131n\u0131, s\u00f6z\u00fcn\u00fc etti\u011fi yazarlar\u0131n eserlerini neden okumam\u0131z gerekti\u011fini<span class=\"excerpt-hellip\"> [\u2026]<\/span><\/p>\n","protected":false},"featured_media":0,"template":"","meta":{"_monsterinsights_skip_tracking":false,"_monsterinsights_sitenote_active":false,"_monsterinsights_sitenote_note":"","_monsterinsights_sitenote_category":0},"product_brand":[],"product_cat":[12291],"product_tag":[],"class_list":{"0":"post-726025","1":"product","2":"type-product","3":"status-publish","5":"product_cat-edebiyat","6":"pa_cilt-ciltsiz","7":"pa_tur-kitap","8":"pa_yayinevi-ithaki-yayinlari","9":"pa_yazar-ali-lidar","11":"first","12":"instock","13":"sale","14":"shipping-taxable","15":"purchasable","16":"product-type-simple"},"_links":{"self":[{"href":"https:\/\/roveyayinevi.com.tr\/index.php\/wp-json\/wp\/v2\/product\/726025","targetHints":{"allow":["GET"]}}],"collection":[{"href":"https:\/\/roveyayinevi.com.tr\/index.php\/wp-json\/wp\/v2\/product"}],"about":[{"href":"https:\/\/roveyayinevi.com.tr\/index.php\/wp-json\/wp\/v2\/types\/product"}],"wp:attachment":[{"href":"https:\/\/roveyayinevi.com.tr\/index.php\/wp-json\/wp\/v2\/media?parent=726025"}],"wp:term":[{"taxonomy":"product_brand","embeddable":true,"href":"https:\/\/roveyayinevi.com.tr\/index.php\/wp-json\/wp\/v2\/product_brand?post=726025"},{"taxonomy":"product_cat","embeddable":true,"href":"https:\/\/roveyayinevi.com.tr\/index.php\/wp-json\/wp\/v2\/product_cat?post=726025"},{"taxonomy":"product_tag","embeddable":true,"href":"https:\/\/roveyayinevi.com.tr\/index.php\/wp-json\/wp\/v2\/product_tag?post=726025"}],"curies":[{"name":"wp","href":"https:\/\/api.w.org\/{rel}","templated":true}]}}