{"id":726024,"date":"2025-08-27T19:59:28","date_gmt":"2025-08-27T16:59:28","guid":{"rendered":"https:\/\/roveyayinevi.com.tr\/index.php\/urun\/ben-efsane\/"},"modified":"2026-02-03T02:49:11","modified_gmt":"2026-02-02T23:49:11","slug":"ben-efsane","status":"publish","type":"product","link":"https:\/\/roveyayinevi.com.tr\/index.php\/urun\/ben-efsane\/","title":{"rendered":"Ben, Efsane"},"content":{"rendered":"<p>Beni en \u00e7ok etkileyen yazar Richard Matheson\u2019d\u0131r. Ben, Efsane ilham kaynaklar\u0131mdan.\u201d \u2013Stephen King\u201cMatheson, yirminci y\u00fczy\u0131l\u0131n en \u00f6nemli yazarlar\u0131ndan biri.\u201d \u2013Ray BradburyBRAM STOKER Y\u00dcZYILIN EN \u0130Y\u0130 VAMP\u0130R ROMANI \u00d6D\u00dcL\u00dc\u201c\u00d6YLE B\u0130R D\u00dcNYA K\u0130 C\u0130NAYET UMUT ETMEKTEN DAHA KOLAY.\u201dRichard Matheson korku, gerilim, fantastik ve bilimkurgu t\u00fcrlerinin en \u00fcretken ve en yarat\u0131c\u0131 isimlerinden, yaln\u0131zca edebiyatta de\u011fil sinemada da ard\u0131l\u0131 sanat\u00e7\u0131lar\u0131 hat\u0131r\u0131 say\u0131l\u0131r derecede etkilemi\u015f bir usta. Ben, Efsane ise bilimkurguyla korkuyu harmanlayarak insanl\u0131\u011f\u0131n bat\u0131l inan\u00e7lar\u0131na mikroskopla bakan, yazar\u0131n en bilindik ve en d\u00fc\u015f\u00fcnsel eseri.Robert Neville d\u00fcnyada kalan son insand\u0131\u2026 ama yaln\u0131z de\u011fildi. Toz f\u0131rt\u0131nas\u0131yla birlikte h\u0131zla yay\u0131lan bir salg\u0131n t\u00fcm insanlar\u0131 gece ya\u015fayan kan emici birer yarat\u0131\u011fa d\u00f6n\u00fc\u015ft\u00fcrm\u00fc\u015ft\u00fc. Bu salg\u0131ndan etkilenmeyen Neville ise g\u00fcnd\u00fczleri vampirleri avl\u0131yor, gece olup da yarat\u0131klar ortaya \u00e7\u0131k\u0131nca korunakl\u0131 evinde saklanarak hayatta kalmaya \u00e7al\u0131\u015f\u0131yordu.Vampirizme neden olan mikrobu ara\u015ft\u0131rarak durumu tersine \u00e7evirmeyi, h\u00e2l\u00e2 tam olarak d\u00f6n\u00fc\u015fmeyen insanlar\u0131 kurtarmay\u0131 ama\u00e7layan Neville bir yandan paranoya, umutsuzluk ve yaln\u0131zl\u0131kla m\u00fccadele ederken hayatta kalan tek insan\u0131n kendisi olmad\u0131\u011f\u0131n\u0131 \u00f6\u011frendi\u011finde gelece\u011fi tahmin edemeyece\u011fi bir yola sapacakt\u0131.Vampirizm bir mit mi yoksa bilimle \u00e7\u00f6z\u00fclebilecek bir hastal\u0131k m\u0131? Bir hastal\u0131ksa tedavisi m\u00fcmk\u00fcn m\u00fc?Ben, Efsane, insan\u0131n mitle\u015fme hik\u00e2yesi<\/p>\n","protected":false},"excerpt":{"rendered":"<p>Beni en \u00e7ok etkileyen yazar Richard Matheson\u2019d\u0131r. Ben, Efsane ilham kaynaklar\u0131mdan.\u201d \u2013Stephen King\u201cMatheson, yirminci y\u00fczy\u0131l\u0131n en \u00f6nemli yazarlar\u0131ndan biri.\u201d \u2013Ray BradburyBRAM STOKER Y\u00dcZYILIN EN \u0130Y\u0130 VAMP\u0130R<span class=\"excerpt-hellip\"> [\u2026]<\/span><\/p>\n","protected":false},"featured_media":0,"template":"","meta":{"_monsterinsights_skip_tracking":false,"_monsterinsights_sitenote_active":false,"_monsterinsights_sitenote_note":"","_monsterinsights_sitenote_category":0},"product_brand":[],"product_cat":[12540,12291],"product_tag":[],"class_list":{"0":"post-726024","1":"product","2":"type-product","3":"status-publish","5":"product_cat-bilim-kurgu","6":"product_cat-edebiyat","7":"pa_cilt-ciltsiz","8":"pa_tur-kitap","9":"pa_yayinevi-ithaki-yayinlari","10":"pa_yazar-richard-matheson","12":"first","13":"instock","14":"sale","15":"shipping-taxable","16":"purchasable","17":"product-type-simple"},"_links":{"self":[{"href":"https:\/\/roveyayinevi.com.tr\/index.php\/wp-json\/wp\/v2\/product\/726024","targetHints":{"allow":["GET"]}}],"collection":[{"href":"https:\/\/roveyayinevi.com.tr\/index.php\/wp-json\/wp\/v2\/product"}],"about":[{"href":"https:\/\/roveyayinevi.com.tr\/index.php\/wp-json\/wp\/v2\/types\/product"}],"wp:attachment":[{"href":"https:\/\/roveyayinevi.com.tr\/index.php\/wp-json\/wp\/v2\/media?parent=726024"}],"wp:term":[{"taxonomy":"product_brand","embeddable":true,"href":"https:\/\/roveyayinevi.com.tr\/index.php\/wp-json\/wp\/v2\/product_brand?post=726024"},{"taxonomy":"product_cat","embeddable":true,"href":"https:\/\/roveyayinevi.com.tr\/index.php\/wp-json\/wp\/v2\/product_cat?post=726024"},{"taxonomy":"product_tag","embeddable":true,"href":"https:\/\/roveyayinevi.com.tr\/index.php\/wp-json\/wp\/v2\/product_tag?post=726024"}],"curies":[{"name":"wp","href":"https:\/\/api.w.org\/{rel}","templated":true}]}}