{"id":726022,"date":"2025-08-27T19:59:26","date_gmt":"2025-08-27T16:59:26","guid":{"rendered":"https:\/\/roveyayinevi.com.tr\/index.php\/urun\/gizliajans\/"},"modified":"2026-04-13T02:41:39","modified_gmt":"2026-04-12T23:41:39","slug":"gizliajans","status":"publish","type":"product","link":"https:\/\/roveyayinevi.com.tr\/index.php\/urun\/gizliajans\/","title":{"rendered":"Gizliajans"},"content":{"rendered":"<p>Baz\u0131 a\u015fklar vard\u0131r, i\u00e7inde kahkahalar\u0131n \u00e7\u0131nlamas\u0131ndan ziyade g\u00f6zya\u015flar\u0131n\u0131n \u00e7a\u011flamas\u0131  daha uygun d\u00fc\u015fer.\u201dMusa, metin yazar\u0131 olarak i\u015fe ba\u015flad\u0131\u011f\u0131 reklam ajans\u0131nda patron diye \u015eeytan adl\u0131 bir kara kediyle tan\u0131\u015ft\u0131r\u0131ld\u0131\u011f\u0131nda bir nebze \u015fa\u015f\u0131rsa da \u201c\u0130\u015f, i\u015ftir\u201d diye d\u00fc\u015f\u00fcn\u00fcr. Acaba \u00f6yle midir? Astronomik fakat a\u015fina, deh\u015fetengizli\u011fi nispetinde cazip, yabanc\u0131 oldu\u011fu kadar yerli bir hikaye.Uyumsuzlu\u011fun zirvesinde bir a\u015fk\u2026Kimsenin hi\u00e7bir \u015feyi yad\u0131rgamad\u0131\u011f\u0131 bir ortama damgas\u0131n\u0131 vuran bir komplo\u2026Ve tekinsiz tiplerin z\u0131vanadan \u00e7\u0131kmas\u0131yla b\u00fcsb\u00fct\u00fcn harlanan  bir macera!Almanya\u2019da yazarlar, ele\u015ftirmenler ve yay\u0131nc\u0131lardan olu\u015fan Litprom j\u00fcrisi taraf\u0131ndan haz\u0131rlanan \u2018d\u00fcnya edebiyat\u0131n\u0131n en iyileri\u2019 listesinde yer verilen Gizliajans\u2019\u0131 okurken \u00e7ok\u00e7a tebess\u00fcm edecek, s\u0131k\u00e7a kahkaha atacaks\u0131n\u0131z.Biliyorum. Y\u00fcre\u011fime ellerimle a\u00e7t\u0131\u011f\u0131m yaradan s\u0131zan bu kan, bu gazap ate\u015fi, bu kutsal fikr-i sabit, g\u00f6zlerimdeki perdeyi kald\u0131ran biricik hakikattir. Mutlulu\u011fum, felaketim, en pervas\u0131z g\u00fcnah\u0131m&#8230; Bil ki hi\u00e7bir tecr\u00fcbe, hi\u00e7bir t\u00f6vbe, hayat\u0131n gelip ge\u00e7icili\u011fine, kerhen olana dair hi\u00e7bir \u015fey bu m\u00fchr\u00fc k\u0131ramaz. Zavall\u0131 varl\u0131\u011f\u0131m\u0131n anlam\u0131, ba\u015fka hi\u00e7bir \u015fey de\u011fil, sadece gizli nik\u00e2h\u0131m\u0131z\u0131 k\u0131yd\u0131\u011f\u0131m\u0131z o gece y\u00fcre\u011fimi sana ba\u011flayan bu yemindir. Bundan b\u00f6yle ald\u0131\u011f\u0131m her nefeste senin ruhunu i\u00e7ime \u00e7ekece\u011fim, y\u00fcre\u011fimin her vuru\u015fu senin ismini f\u0131s\u0131ldayacak. A\u015fk\u0131ndan gayr\u0131s\u0131 yalan, ve bak, g\u00f6kteki ay \u015fahidimdir.<\/p>\n","protected":false},"excerpt":{"rendered":"<p>Baz\u0131 a\u015fklar vard\u0131r, i\u00e7inde kahkahalar\u0131n \u00e7\u0131nlamas\u0131ndan ziyade g\u00f6zya\u015flar\u0131n\u0131n \u00e7a\u011flamas\u0131 daha uygun d\u00fc\u015fer.\u201dMusa, metin yazar\u0131 olarak i\u015fe ba\u015flad\u0131\u011f\u0131 reklam ajans\u0131nda patron diye \u015eeytan adl\u0131 bir kara kediyle<span class=\"excerpt-hellip\"> [\u2026]<\/span><\/p>\n","protected":false},"featured_media":0,"template":"","meta":{"_monsterinsights_skip_tracking":false,"_monsterinsights_sitenote_active":false,"_monsterinsights_sitenote_note":"","_monsterinsights_sitenote_category":0},"product_brand":[],"product_cat":[12291,12711],"product_tag":[],"class_list":{"0":"post-726022","1":"product","2":"type-product","3":"status-publish","5":"product_cat-edebiyat","6":"product_cat-roman-oyku","7":"pa_cilt-ciltsiz","8":"pa_tur-kitap","9":"pa_yayinevi-alfa-yayinlari","10":"pa_yazar-alper-caniguz","12":"first","13":"instock","14":"sale","15":"shipping-taxable","16":"purchasable","17":"product-type-simple"},"_links":{"self":[{"href":"https:\/\/roveyayinevi.com.tr\/index.php\/wp-json\/wp\/v2\/product\/726022","targetHints":{"allow":["GET"]}}],"collection":[{"href":"https:\/\/roveyayinevi.com.tr\/index.php\/wp-json\/wp\/v2\/product"}],"about":[{"href":"https:\/\/roveyayinevi.com.tr\/index.php\/wp-json\/wp\/v2\/types\/product"}],"wp:attachment":[{"href":"https:\/\/roveyayinevi.com.tr\/index.php\/wp-json\/wp\/v2\/media?parent=726022"}],"wp:term":[{"taxonomy":"product_brand","embeddable":true,"href":"https:\/\/roveyayinevi.com.tr\/index.php\/wp-json\/wp\/v2\/product_brand?post=726022"},{"taxonomy":"product_cat","embeddable":true,"href":"https:\/\/roveyayinevi.com.tr\/index.php\/wp-json\/wp\/v2\/product_cat?post=726022"},{"taxonomy":"product_tag","embeddable":true,"href":"https:\/\/roveyayinevi.com.tr\/index.php\/wp-json\/wp\/v2\/product_tag?post=726022"}],"curies":[{"name":"wp","href":"https:\/\/api.w.org\/{rel}","templated":true}]}}