{"id":726020,"date":"2025-08-27T19:59:24","date_gmt":"2025-08-27T16:59:24","guid":{"rendered":"https:\/\/roveyayinevi.com.tr\/index.php\/urun\/canavar-pesinde-62-kralligin-kaderi\/"},"modified":"2026-04-16T02:33:58","modified_gmt":"2026-04-15T23:33:58","slug":"canavar-pesinde-62-kralligin-kaderi","status":"publish","type":"product","link":"https:\/\/roveyayinevi.com.tr\/index.php\/urun\/canavar-pesinde-62-kralligin-kaderi\/","title":{"rendered":"Canavar Pe\u015finde 62 &#8211; Krall\u0131\u011f\u0131n Kaderi"},"content":{"rendered":"<p>Yepyeni Canavar Pe\u015finde maceras\u0131na ho\u015f geldiniz:\u00c7\u00f6l\u00fcn kumlar\u0131n\u0131n alt\u0131nda korkun\u00e7 bir \u015fey saklan\u0131yor.Tom ve Elenna, \u00e7\u00f6lde, en zay\u0131f anlar\u0131nda onlar\u0131 yakalay\u0131p ezmeye \u00e7al\u0131\u015fanDikenli Goril Tarrok\u2019un \u00f6l\u00fcmc\u00fcl sald\u0131r\u0131s\u0131ndan kurtulabilecekler mi?<\/p>\n","protected":false},"excerpt":{"rendered":"<p>Yepyeni Canavar Pe\u015finde maceras\u0131na ho\u015f geldiniz:\u00c7\u00f6l\u00fcn kumlar\u0131n\u0131n alt\u0131nda korkun\u00e7 bir \u015fey saklan\u0131yor.Tom ve Elenna, \u00e7\u00f6lde, en zay\u0131f anlar\u0131nda onlar\u0131 yakalay\u0131p ezmeye \u00e7al\u0131\u015fanDikenli Goril Tarrok\u2019un \u00f6l\u00fcmc\u00fcl sald\u0131r\u0131s\u0131ndan<span class=\"excerpt-hellip\"> [\u2026]<\/span><\/p>\n","protected":false},"featured_media":0,"template":"","meta":{"_monsterinsights_skip_tracking":false,"_monsterinsights_sitenote_active":false,"_monsterinsights_sitenote_note":"","_monsterinsights_sitenote_category":0},"product_brand":[],"product_cat":[12274,12631],"product_tag":[],"class_list":{"0":"post-726020","1":"product","2":"type-product","3":"status-publish","5":"product_cat-cocuk-ve-genclik-kitaplari","6":"product_cat-diger-cocuk-ve-genclik-kitaplari","7":"pa_cilt-ciltsiz","8":"pa_tur-kitap","9":"pa_yayinevi-beyaz-balina-yayinlari","10":"pa_yazar-adam-blade","12":"first","13":"instock","14":"sale","15":"shipping-taxable","16":"purchasable","17":"product-type-simple"},"_links":{"self":[{"href":"https:\/\/roveyayinevi.com.tr\/index.php\/wp-json\/wp\/v2\/product\/726020","targetHints":{"allow":["GET"]}}],"collection":[{"href":"https:\/\/roveyayinevi.com.tr\/index.php\/wp-json\/wp\/v2\/product"}],"about":[{"href":"https:\/\/roveyayinevi.com.tr\/index.php\/wp-json\/wp\/v2\/types\/product"}],"wp:attachment":[{"href":"https:\/\/roveyayinevi.com.tr\/index.php\/wp-json\/wp\/v2\/media?parent=726020"}],"wp:term":[{"taxonomy":"product_brand","embeddable":true,"href":"https:\/\/roveyayinevi.com.tr\/index.php\/wp-json\/wp\/v2\/product_brand?post=726020"},{"taxonomy":"product_cat","embeddable":true,"href":"https:\/\/roveyayinevi.com.tr\/index.php\/wp-json\/wp\/v2\/product_cat?post=726020"},{"taxonomy":"product_tag","embeddable":true,"href":"https:\/\/roveyayinevi.com.tr\/index.php\/wp-json\/wp\/v2\/product_tag?post=726020"}],"curies":[{"name":"wp","href":"https:\/\/api.w.org\/{rel}","templated":true}]}}