{"id":726017,"date":"2025-08-27T19:59:21","date_gmt":"2025-08-27T16:59:21","guid":{"rendered":"https:\/\/roveyayinevi.com.tr\/index.php\/urun\/kemik-cayi\/"},"modified":"2026-04-16T02:33:58","modified_gmt":"2026-04-15T23:33:58","slug":"kemik-cayi","status":"publish","type":"product","link":"https:\/\/roveyayinevi.com.tr\/index.php\/urun\/kemik-cayi\/","title":{"rendered":"Kemik \u00c7ay\u0131"},"content":{"rendered":"<p>\u201cGelmedin Ali Haydar. Ka\u00e7 g\u00fcn oldu g\u00f6r\u00fc\u015fmeyeli, sar\u0131lmayal\u0131, bak\u0131\u015fmayal\u0131, kokla\u015fmayal\u0131, titre\u015fmeyeli. Aramad\u0131n, sormad\u0131n. Bak, bana neler ettik el ele verdik de. \u00d6nce s\u00f6z kestik, ci\u011ferime&#8230; Sonra k\u0131na yakt\u0131k, kalbime&#8230; \u0130\u015fte \u015fimdi de nik\u00e2h\u0131m\u0131 k\u0131yd\u0131k, hayallerime&#8230; Annem renksiz. Teyzem murad\u0131na nail olmu\u015flu\u011fun sarho\u015flu\u011funda kas\u0131m kas\u0131m kas\u0131l\u0131yor, sonunda o\u011flunu everdi. Osman m\u0131? Bilmem. Ho\u015f o da neler oldu\u011funun fark\u0131nda de\u011fil zavall\u0131. Ba\u015f g\u00f6z edildik nihayet. Hep birlikte, maaile, konu kom\u015fu, dost akraba, el ele verip Elif \u2019i katlettik!\u201dKUM G\u0130B\u0130 adl\u0131 roman\u0131yla tan\u0131nan yazar Hatice D\u00f6kmen\u2019in cesur ve yal\u0131n \u00fcslubuyla kaleme ald\u0131\u011f\u0131 KEM\u0130K \u00c7AYI insan hik\u00e2yeleriyle dolu ger\u00e7ek\u00e7i ve sars\u0131c\u0131 bir kitap&#8230;Daha \u00e7ok kad\u0131n\u0131n \u00f6rselenmi\u015fli\u011fine, sinmi\u015fli\u011fine, s\u0131k\u0131\u015fm\u0131\u015fl\u0131\u011f\u0131na, t\u00f6kezleyi\u015fine, \u00f6r\u00fclen duvarlar\u0131n ard\u0131nda ya\u015fad\u0131\u011f\u0131 hi\u00e7li\u011fine, ay\u0131p-su\u00e7-g\u00fcnah sarmal\u0131nda yolunu bulmak i\u00e7in \u00e7abalay\u0131\u015f\u0131na ve daha pek \u00e7ok \u015feye tan\u0131k olaca\u011f\u0131n\u0131z bu kitapta, maskesiz toplumsal ger\u00e7ekliklerin y\u00fcz\u00fcne bakmaya cesaretiniz var m\u0131?<\/p>\n","protected":false},"excerpt":{"rendered":"<p>\u201cGelmedin Ali Haydar. Ka\u00e7 g\u00fcn oldu g\u00f6r\u00fc\u015fmeyeli, sar\u0131lmayal\u0131, bak\u0131\u015fmayal\u0131, kokla\u015fmayal\u0131, titre\u015fmeyeli. Aramad\u0131n, sormad\u0131n. Bak, bana neler ettik el ele verdik de. \u00d6nce s\u00f6z kestik, ci\u011ferime&#8230; Sonra<span class=\"excerpt-hellip\"> [\u2026]<\/span><\/p>\n","protected":false},"featured_media":0,"template":"","meta":{"_monsterinsights_skip_tracking":false,"_monsterinsights_sitenote_active":false,"_monsterinsights_sitenote_note":"","_monsterinsights_sitenote_category":0},"product_brand":[],"product_cat":[12291,12711],"product_tag":[],"class_list":{"0":"post-726017","1":"product","2":"type-product","3":"status-publish","5":"product_cat-edebiyat","6":"product_cat-roman-oyku","7":"pa_cilt-ciltsiz","8":"pa_tur-kitap","9":"pa_yayinevi-destek-yayinlari","10":"pa_yazar-hatice-dokmen","12":"first","13":"instock","14":"sale","15":"shipping-taxable","16":"purchasable","17":"product-type-simple"},"_links":{"self":[{"href":"https:\/\/roveyayinevi.com.tr\/index.php\/wp-json\/wp\/v2\/product\/726017","targetHints":{"allow":["GET"]}}],"collection":[{"href":"https:\/\/roveyayinevi.com.tr\/index.php\/wp-json\/wp\/v2\/product"}],"about":[{"href":"https:\/\/roveyayinevi.com.tr\/index.php\/wp-json\/wp\/v2\/types\/product"}],"wp:attachment":[{"href":"https:\/\/roveyayinevi.com.tr\/index.php\/wp-json\/wp\/v2\/media?parent=726017"}],"wp:term":[{"taxonomy":"product_brand","embeddable":true,"href":"https:\/\/roveyayinevi.com.tr\/index.php\/wp-json\/wp\/v2\/product_brand?post=726017"},{"taxonomy":"product_cat","embeddable":true,"href":"https:\/\/roveyayinevi.com.tr\/index.php\/wp-json\/wp\/v2\/product_cat?post=726017"},{"taxonomy":"product_tag","embeddable":true,"href":"https:\/\/roveyayinevi.com.tr\/index.php\/wp-json\/wp\/v2\/product_tag?post=726017"}],"curies":[{"name":"wp","href":"https:\/\/api.w.org\/{rel}","templated":true}]}}