{"id":726015,"date":"2025-08-27T19:59:19","date_gmt":"2025-08-27T16:59:19","guid":{"rendered":"https:\/\/roveyayinevi.com.tr\/index.php\/urun\/bilim-felsefesi-5\/"},"modified":"2026-04-16T02:33:58","modified_gmt":"2026-04-15T23:33:58","slug":"bilim-felsefesi-5","status":"publish","type":"product","link":"https:\/\/roveyayinevi.com.tr\/index.php\/urun\/bilim-felsefesi-5\/","title":{"rendered":"Bilim Felsefesi"},"content":{"rendered":"<p>Elinizdeki kitap bilim felsefesinin temel sorunlar\u0131na ve kavramlar\u0131na bir a\u00e7\u0131klama getirmekte, bilimsel ilerlemenin ve ak\u0131lc\u0131 bir yakla\u015f\u0131m\u0131n, gu\u0308nu\u0308mu\u0308z bilim felsefesindeki sorunlar\u0131n \u00e7\u00f6zu\u0308mu\u0308nde \u00f6nemini g\u00f6stermeyi ama\u00e7lamaktad\u0131r. Bu ama\u00e7la yirminci yu\u0308zy\u0131l bilim felsefesinin \u00f6nemli du\u0308\u015fu\u0308nu\u0308rlerinin g\u00f6ru\u0308\u015flerini ele alarak bilimsel geli\u015fmenin olana\u011f\u0131n\u0131n hangi bak\u0131\u015f a\u00e7\u0131s\u0131ndan g\u00f6ru\u0308lebilir oldu\u011fu, bilim tarihinin su\u0308rekli bir geli\u015fim \u00e7izgisi g\u00f6sterip g\u00f6stermedi\u011fi, bilimsel olan ile sahte-bilimsel olan aras\u0131nda metodolojik bir ayr\u0131m yap\u0131labilip yap\u0131lamayaca\u011f\u0131 gibi meselelerin a\u00e7\u0131kl\u0131\u011fa kavu\u015fturulmas\u0131 hedeflenmektedir. Ayr\u0131ca evrimsel biyoloji gibi tarihsel bilimlerde gelece\u011fe y\u00f6nelik \u00f6ng\u00f6ru\u0308lerin mu\u0308mku\u0308n olup olmad\u0131\u011f\u0131, mu\u0308mku\u0308nse hangi anlamda mu\u0308mku\u0308n oldu\u011fu sorusuna yan\u0131t aranmaktad\u0131r. Bilimin geli\u015fiminde beklenmedik olgular\u0131n ke\u015ffi, bilim oyununda bir son ya da \u00f6nceden planlanm\u0131\u015f ama\u00e7lar olmad\u0131\u011f\u0131n\u0131 g\u00f6sterir. Bilim oyunu son bulmayacak bir oyundur ve bilimin geli\u015fim \u00e7izgisi de \u201cbildiklerimize do\u011fru bir geli\u015fme yerine bildiklerimizden hareketle ba\u015flayan bir geli\u015fim\u201d i\u00e7inde a\u00e7\u0131klanmal\u0131d\u0131r.<\/p>\n","protected":false},"excerpt":{"rendered":"<p>Elinizdeki kitap bilim felsefesinin temel sorunlar\u0131na ve kavramlar\u0131na bir a\u00e7\u0131klama getirmekte, bilimsel ilerlemenin ve ak\u0131lc\u0131 bir yakla\u015f\u0131m\u0131n, gu\u0308nu\u0308mu\u0308z bilim felsefesindeki sorunlar\u0131n \u00e7\u00f6zu\u0308mu\u0308nde \u00f6nemini g\u00f6stermeyi ama\u00e7lamaktad\u0131r. Bu<span class=\"excerpt-hellip\"> [\u2026]<\/span><\/p>\n","protected":false},"featured_media":0,"template":"","meta":{"_monsterinsights_skip_tracking":false,"_monsterinsights_sitenote_active":false,"_monsterinsights_sitenote_note":"","_monsterinsights_sitenote_category":0},"product_brand":[],"product_cat":[12389,12388],"product_tag":[],"class_list":{"0":"post-726015","1":"product","2":"type-product","3":"status-publish","5":"product_cat-diger-felsefe","6":"product_cat-felsefe","7":"pa_cilt-ciltsiz","8":"pa_tur-kitap","9":"pa_yayinevi-say-yayinlari","10":"pa_yazar-cengiz-iskender-ozkan","12":"first","13":"instock","14":"sale","15":"shipping-taxable","16":"purchasable","17":"product-type-simple"},"_links":{"self":[{"href":"https:\/\/roveyayinevi.com.tr\/index.php\/wp-json\/wp\/v2\/product\/726015","targetHints":{"allow":["GET"]}}],"collection":[{"href":"https:\/\/roveyayinevi.com.tr\/index.php\/wp-json\/wp\/v2\/product"}],"about":[{"href":"https:\/\/roveyayinevi.com.tr\/index.php\/wp-json\/wp\/v2\/types\/product"}],"wp:attachment":[{"href":"https:\/\/roveyayinevi.com.tr\/index.php\/wp-json\/wp\/v2\/media?parent=726015"}],"wp:term":[{"taxonomy":"product_brand","embeddable":true,"href":"https:\/\/roveyayinevi.com.tr\/index.php\/wp-json\/wp\/v2\/product_brand?post=726015"},{"taxonomy":"product_cat","embeddable":true,"href":"https:\/\/roveyayinevi.com.tr\/index.php\/wp-json\/wp\/v2\/product_cat?post=726015"},{"taxonomy":"product_tag","embeddable":true,"href":"https:\/\/roveyayinevi.com.tr\/index.php\/wp-json\/wp\/v2\/product_tag?post=726015"}],"curies":[{"name":"wp","href":"https:\/\/api.w.org\/{rel}","templated":true}]}}