{"id":726012,"date":"2025-08-27T19:59:16","date_gmt":"2025-08-27T16:59:16","guid":{"rendered":"https:\/\/roveyayinevi.com.tr\/index.php\/urun\/aynalar-2\/"},"modified":"2026-04-16T02:33:58","modified_gmt":"2026-04-15T23:33:58","slug":"aynalar-2","status":"publish","type":"product","link":"https:\/\/roveyayinevi.com.tr\/index.php\/urun\/aynalar-2\/","title":{"rendered":"Aynalar"},"content":{"rendered":"<p>Koskoca denizin ortas\u0131nda yaln\u0131zl\u0131\u011fa prangalanm\u0131\u015f K\u0131z Kulesi\u2019nin, ge\u00e7mi\u015fini hat\u0131rlamaya \u00e7al\u0131\u015f\u0131rken ruhunun \u00e7evresine duvarlar \u00f6ren k\u00fc\u00e7\u00fck bir \u00e7ocu\u011fun, kozas\u0131ndan \u00e7\u0131k\u0131p kelebek olmay\u0131 bekleyen k\u0131r\u0131k bir kad\u0131n\u0131n hik\u00e2yesi\u2026G\u00f6rd\u00fc\u011f\u00fc g\u00f6zlerin derin sular\u0131na dalan, o g\u00fcne dek ta\u015f duvarken kalbinde \u00e7i\u00e7ekler a\u00e7an Galata\u2019n\u0131n, varl\u0131\u011f\u0131 kelebe\u011fin \u00f6mr\u00fcne \u00f6m\u00fcr katan, g\u00fczel bir adam\u0131n hik\u00e2yesi\u2026Hayatlar\u0131 birbirini yans\u0131tan, hayat\u0131n ta kendisini yans\u0131tan Aynalar\u2019\u0131n hik\u00e2yesi\u2026<\/p>\n","protected":false},"excerpt":{"rendered":"<p>Koskoca denizin ortas\u0131nda yaln\u0131zl\u0131\u011fa prangalanm\u0131\u015f K\u0131z Kulesi\u2019nin, ge\u00e7mi\u015fini hat\u0131rlamaya \u00e7al\u0131\u015f\u0131rken ruhunun \u00e7evresine duvarlar \u00f6ren k\u00fc\u00e7\u00fck bir \u00e7ocu\u011fun, kozas\u0131ndan \u00e7\u0131k\u0131p kelebek olmay\u0131 bekleyen k\u0131r\u0131k bir kad\u0131n\u0131n hik\u00e2yesi\u2026G\u00f6rd\u00fc\u011f\u00fc<span class=\"excerpt-hellip\"> [\u2026]<\/span><\/p>\n","protected":false},"featured_media":0,"template":"","meta":{"_monsterinsights_skip_tracking":false,"_monsterinsights_sitenote_active":false,"_monsterinsights_sitenote_note":"","_monsterinsights_sitenote_category":0},"product_brand":[],"product_cat":[12291,12711],"product_tag":[],"class_list":{"0":"post-726012","1":"product","2":"type-product","3":"status-publish","5":"product_cat-edebiyat","6":"product_cat-roman-oyku","7":"pa_cilt-ciltsiz","8":"pa_tur-kitap","9":"pa_yayinevi-perseus","10":"pa_yazar-dilara-kurt","12":"first","13":"instock","14":"sale","15":"shipping-taxable","16":"purchasable","17":"product-type-simple"},"_links":{"self":[{"href":"https:\/\/roveyayinevi.com.tr\/index.php\/wp-json\/wp\/v2\/product\/726012","targetHints":{"allow":["GET"]}}],"collection":[{"href":"https:\/\/roveyayinevi.com.tr\/index.php\/wp-json\/wp\/v2\/product"}],"about":[{"href":"https:\/\/roveyayinevi.com.tr\/index.php\/wp-json\/wp\/v2\/types\/product"}],"wp:attachment":[{"href":"https:\/\/roveyayinevi.com.tr\/index.php\/wp-json\/wp\/v2\/media?parent=726012"}],"wp:term":[{"taxonomy":"product_brand","embeddable":true,"href":"https:\/\/roveyayinevi.com.tr\/index.php\/wp-json\/wp\/v2\/product_brand?post=726012"},{"taxonomy":"product_cat","embeddable":true,"href":"https:\/\/roveyayinevi.com.tr\/index.php\/wp-json\/wp\/v2\/product_cat?post=726012"},{"taxonomy":"product_tag","embeddable":true,"href":"https:\/\/roveyayinevi.com.tr\/index.php\/wp-json\/wp\/v2\/product_tag?post=726012"}],"curies":[{"name":"wp","href":"https:\/\/api.w.org\/{rel}","templated":true}]}}