{"id":726011,"date":"2025-08-27T19:59:15","date_gmt":"2025-08-27T16:59:15","guid":{"rendered":"https:\/\/roveyayinevi.com.tr\/index.php\/urun\/ciceklerin-zekasi\/"},"modified":"2026-04-16T02:33:58","modified_gmt":"2026-04-15T23:33:58","slug":"ciceklerin-zekasi","status":"publish","type":"product","link":"https:\/\/roveyayinevi.com.tr\/index.php\/urun\/ciceklerin-zekasi\/","title":{"rendered":"\u00c7i\u00e7eklerin Zekas\u0131"},"content":{"rendered":"<p>Nobel Edebiyat \u00f6d\u00fcll\u00fc yazar Maurice Maeterlinck\u2019in \u00fcnl\u00fc do\u011fadenemesi \u00c7i\u00e7eklerin Zek\u00e2s\u0131, t\u00fcm okurlar i\u00e7in bilimsel bilgiyiedebiyata dahil etme konusundaki co\u015fkulu giri\u015fimi temsil ediyor.\u00d6zg\u00fcn bir anlat\u0131m g\u00fcc\u00fcyle yazan Maeterlinck, \u00e7i\u00e7eklerin bilgisahibi olmadan d\u00fc\u015f\u00fcnebilme g\u00fcc\u00fcne, bir t\u00fcr zek\u00e2 te\u015fkil edenkapasiteye sahip oldu\u011funu \u00f6ne s\u00fcr\u00fcyor. Bu eser, edebiyat ilebilim aras\u0131ndaki yarat\u0131c\u0131 kar\u015f\u0131la\u015fmalar\u0131n yan\u0131 s\u0131ra insanl\u0131\u011f\u0131nd\u00fcnyayla ili\u015fkisi hakk\u0131ndaki g\u00fcncel tart\u0131\u015fmalardan heyecanduyanlara keyifli bir okuma ser\u00fcveni sunuyor.\u201cUysal, sessiz, itaatk\u00e2r, dalg\u0131n g\u00f6r\u00fcnen, kendi halinde vekaderine boyun e\u011fdi\u011fini d\u00fc\u015f\u00fcnd\u00fc\u011f\u00fcm\u00fcz bitki alemi, asl\u0131nda tamtersine kadere kar\u015f\u0131 en inat\u00e7\u0131 ve ate\u015fli ba\u015fkald\u0131r\u0131y\u0131 simgeler.Bitkiyi besleyen temel organ olan k\u00f6kleri ayr\u0131lmaz bir \u015fekildetopra\u011fa ba\u011fl\u0131d\u0131r. Ya\u015famda bizi zorlayan muazzam yasalardanhangisinin omuzlar\u0131m\u0131za en b\u00fcy\u00fck bask\u0131y\u0131 yapt\u0131\u011f\u0131n\u0131 ke\u015ffetmek,bizim i\u00e7in zor olsa da, bitkiler i\u00e7in b\u00f6yle de\u011fildir; bu yasa, bitkiyido\u011fumundan \u00f6l\u00fcm\u00fcne kadar hareketsizli\u011fe mahkum edenyasad\u0131r. Bu y\u00fczden ya\u015fam m\u00fccadelesinde bitki, \u00e7abalar\u0131n\u0131 ilknereye yo\u011funla\u015ft\u0131raca\u011f\u0131n\u0131 bizden daha iyi bilir. Sonras\u0131nda\u00e7i\u00e7e\u011finin \u0131\u015f\u0131\u011f\u0131nda serpilip olgunla\u015fmak ve organize olmak i\u00e7ink\u00f6klerinin karanl\u0131\u011f\u0131ndan y\u00fckselen saplant\u0131l\u0131 diren\u00e7, e\u015fsiz birg\u00f6steri sunar. Bu diren\u00e7, kendisini tek bir amaca ula\u015fmayaadam\u0131\u015ft\u0131r: Yeralt\u0131ndaki kaderinden yukar\u0131ya \u00e7\u0131kmak, kurtulmak,a\u011f\u0131r ve kasvetli yasaya ba\u015fkald\u0131rmak, serbest kalmak, kendisinis\u0131n\u0131rlayan dar tabakay\u0131 delmek, icat ederek ya da kanatl\u0131canl\u0131lardan yard\u0131m isteyerek olabildi\u011fince uzaklara gitmek,kaderinin onu hapsetti\u011fi alan\u0131n d\u0131\u015f\u0131na \u00e7\u0131kmak, ba\u015fka bir \u00e2lemeyakla\u015fmak, hareketli ve canl\u0131 bir d\u00fcnyaya girmek\u2026\u201d<\/p>\n","protected":false},"excerpt":{"rendered":"<p>Nobel Edebiyat \u00f6d\u00fcll\u00fc yazar Maurice Maeterlinck\u2019in \u00fcnl\u00fc do\u011fadenemesi \u00c7i\u00e7eklerin Zek\u00e2s\u0131, t\u00fcm okurlar i\u00e7in bilimsel bilgiyiedebiyata dahil etme konusundaki co\u015fkulu giri\u015fimi temsil ediyor.\u00d6zg\u00fcn bir anlat\u0131m g\u00fcc\u00fcyle yazan<span class=\"excerpt-hellip\"> [\u2026]<\/span><\/p>\n","protected":false},"featured_media":0,"template":"","meta":{"_monsterinsights_skip_tracking":false,"_monsterinsights_sitenote_active":false,"_monsterinsights_sitenote_note":"","_monsterinsights_sitenote_category":0},"product_brand":[],"product_cat":[12777,12291],"product_tag":[],"class_list":{"0":"post-726011","1":"product","2":"type-product","3":"status-publish","5":"product_cat-deneme","6":"product_cat-edebiyat","7":"pa_cilt-ciltsiz","8":"pa_tur-kitap","9":"pa_yayinevi-ketebe-yayinlari","10":"pa_yazar-maurice-maeterlinck","12":"first","13":"instock","14":"sale","15":"shipping-taxable","16":"purchasable","17":"product-type-simple"},"_links":{"self":[{"href":"https:\/\/roveyayinevi.com.tr\/index.php\/wp-json\/wp\/v2\/product\/726011","targetHints":{"allow":["GET"]}}],"collection":[{"href":"https:\/\/roveyayinevi.com.tr\/index.php\/wp-json\/wp\/v2\/product"}],"about":[{"href":"https:\/\/roveyayinevi.com.tr\/index.php\/wp-json\/wp\/v2\/types\/product"}],"wp:attachment":[{"href":"https:\/\/roveyayinevi.com.tr\/index.php\/wp-json\/wp\/v2\/media?parent=726011"}],"wp:term":[{"taxonomy":"product_brand","embeddable":true,"href":"https:\/\/roveyayinevi.com.tr\/index.php\/wp-json\/wp\/v2\/product_brand?post=726011"},{"taxonomy":"product_cat","embeddable":true,"href":"https:\/\/roveyayinevi.com.tr\/index.php\/wp-json\/wp\/v2\/product_cat?post=726011"},{"taxonomy":"product_tag","embeddable":true,"href":"https:\/\/roveyayinevi.com.tr\/index.php\/wp-json\/wp\/v2\/product_tag?post=726011"}],"curies":[{"name":"wp","href":"https:\/\/api.w.org\/{rel}","templated":true}]}}