{"id":726004,"date":"2025-08-27T19:59:08","date_gmt":"2025-08-27T16:59:08","guid":{"rendered":"https:\/\/roveyayinevi.com.tr\/index.php\/urun\/gece-yarisi-gunesi\/"},"modified":"2026-04-16T02:33:57","modified_gmt":"2026-04-15T23:33:57","slug":"gece-yarisi-gunesi","status":"publish","type":"product","link":"https:\/\/roveyayinevi.com.tr\/index.php\/urun\/gece-yarisi-gunesi\/","title":{"rendered":"Gece Yar\u0131s\u0131 G\u00fcne\u015fi"},"content":{"rendered":"<p>\u201cVe aslan, kuzuya \u00e2\u015f\u0131k olur.\u201dBu unutulmaz a\u015fk\u0131, bu kez aslan\u0131n a\u011fz\u0131ndan dinlemeye haz\u0131r m\u0131s\u0131n\u0131z?Milyonlar\u0131 pe\u015finden s\u00fcr\u00fckleyen Alacakaranl\u0131k\u2019\u0131n unutulmaz \u00e2\u015f\u0131klar\u0131 Bella ve Edward, serinin yay\u0131mlanan son kitab\u0131ndan on iki y\u0131l sonra, ba\u015flad\u0131klar\u0131 yere geri d\u00f6n\u00fcyor. Hik\u00e2yelerini anlatmak bu kez Edward\u2019a d\u00fc\u015f\u00fcnce, en karanl\u0131k ve heyecan verici detaylar aras\u0131na dalmak da ka\u00e7\u0131n\u0131lmaz oluyor. Sahi, herkesin akl\u0131n\u0131 okuyabilen bir vampirin zihnine s\u00fcz\u00fclmeyi kim istemez ki?<\/p>\n","protected":false},"excerpt":{"rendered":"<p>\u201cVe aslan, kuzuya \u00e2\u015f\u0131k olur.\u201dBu unutulmaz a\u015fk\u0131, bu kez aslan\u0131n a\u011fz\u0131ndan dinlemeye haz\u0131r m\u0131s\u0131n\u0131z?Milyonlar\u0131 pe\u015finden s\u00fcr\u00fckleyen Alacakaranl\u0131k\u2019\u0131n unutulmaz \u00e2\u015f\u0131klar\u0131 Bella ve Edward, serinin yay\u0131mlanan son kitab\u0131ndan<span class=\"excerpt-hellip\"> [\u2026]<\/span><\/p>\n","protected":false},"featured_media":0,"template":"","meta":{"_monsterinsights_skip_tracking":false,"_monsterinsights_sitenote_active":false,"_monsterinsights_sitenote_note":"","_monsterinsights_sitenote_category":0},"product_brand":[],"product_cat":[12291,12711],"product_tag":[],"class_list":{"0":"post-726004","1":"product","2":"type-product","3":"status-publish","5":"product_cat-edebiyat","6":"product_cat-roman-oyku","7":"pa_cilt-ciltsiz","8":"pa_tur-kitap","9":"pa_yayinevi-epsilon-yayinlari","10":"pa_yazar-stephenie-meyer","12":"first","13":"instock","14":"sale","15":"shipping-taxable","16":"purchasable","17":"product-type-simple"},"_links":{"self":[{"href":"https:\/\/roveyayinevi.com.tr\/index.php\/wp-json\/wp\/v2\/product\/726004","targetHints":{"allow":["GET"]}}],"collection":[{"href":"https:\/\/roveyayinevi.com.tr\/index.php\/wp-json\/wp\/v2\/product"}],"about":[{"href":"https:\/\/roveyayinevi.com.tr\/index.php\/wp-json\/wp\/v2\/types\/product"}],"wp:attachment":[{"href":"https:\/\/roveyayinevi.com.tr\/index.php\/wp-json\/wp\/v2\/media?parent=726004"}],"wp:term":[{"taxonomy":"product_brand","embeddable":true,"href":"https:\/\/roveyayinevi.com.tr\/index.php\/wp-json\/wp\/v2\/product_brand?post=726004"},{"taxonomy":"product_cat","embeddable":true,"href":"https:\/\/roveyayinevi.com.tr\/index.php\/wp-json\/wp\/v2\/product_cat?post=726004"},{"taxonomy":"product_tag","embeddable":true,"href":"https:\/\/roveyayinevi.com.tr\/index.php\/wp-json\/wp\/v2\/product_tag?post=726004"}],"curies":[{"name":"wp","href":"https:\/\/api.w.org\/{rel}","templated":true}]}}