{"id":726003,"date":"2025-08-27T19:59:07","date_gmt":"2025-08-27T16:59:07","guid":{"rendered":"https:\/\/roveyayinevi.com.tr\/index.php\/urun\/yeni-karanlik-cag\/"},"modified":"2026-04-16T02:33:57","modified_gmt":"2026-04-15T23:33:57","slug":"yeni-karanlik-cag","status":"publish","type":"product","link":"https:\/\/roveyayinevi.com.tr\/index.php\/urun\/yeni-karanlik-cag\/","title":{"rendered":"Yeni Karanl\u0131k \u00c7a\u011f"},"content":{"rendered":"<p>Neyi, nas\u0131l bildi\u011fimiz ve bilemedi\u011fimiz hakk\u0131nda Yeni Karanl\u0131k \u00c7a\u011f.Teknolojinin ge\u00e7ti\u011fimiz y\u00fczy\u0131lda yakalad\u0131\u011f\u0131 ivme gezegenimizi, ya\u015fad\u0131\u011f\u0131m\u0131z toplumlar\u0131 ve bizleri h\u0131zla d\u00f6n\u00fc\u015ft\u00fcrd\u00fc, ama bunlara dair kavray\u0131\u015f\u0131m\u0131z\u0131 d\u00f6n\u00fc\u015ft\u00fcremedi. Bug\u00fcn teknolojik sistemlere \u00f6ylesine g\u00f6m\u00fclm\u00fc\u015f haldeyiz ki prati\u011fimizi de d\u00fc\u015f\u00fcnce tarz\u0131m\u0131z\u0131 da onlar \u015fekillendiriyor art\u0131k. Ne bu sistemlerin d\u0131\u015f\u0131nda durabiliyoruz, ne de onlars\u0131z d\u00fc\u015f\u00fcnebiliyoruz. Kar\u015f\u0131 kar\u015f\u0131ya oldu\u011fumuz en b\u00fcy\u00fck sorunlar\u0131n bir sorumlusu da sahip oldu\u011fumuz teknolojilerdir: \u0130nsanlar\u0131n \u00e7o\u011funu yoksulla\u015ft\u0131r\u0131p zenginle fakir aras\u0131ndaki u\u00e7urumu her g\u00fcn biraz daha geni\u015fleten z\u0131vanadan \u00e7\u0131km\u0131\u015f bir ekonomik sistem; siyasal ve toplumsal mutabakatlardaki \u00e7\u00f6k\u00fc\u015f ve bunun sonucu olarak milliyet\u00e7ili\u011fin, toplumsal ayr\u0131\u015fmalar\u0131n, etnik \u00e7at\u0131\u015fmalar\u0131n ve g\u00f6lge sava\u015flar\u0131n t\u00fcm d\u00fcnyada artmas\u0131; hepimiz i\u00e7in varolu\u015fsal bir tehdit olu\u015fturan k\u00fcresel \u0131s\u0131nma. Teknolojinin bizi g\u00f6t\u00fcrd\u00fc\u011f\u00fc yerde deliye mi d\u00f6nece\u011fiz, yoksa huzur mu bulaca\u011f\u0131z; bu sorunun cevab\u0131n\u0131 d\u00fcnyadaki yerimizi, birbirimizle ve makinelerle ili\u015fkimizi d\u00fc\u015f\u00fcnme, kavrama bi\u00e7imimiz verecek. Benim s\u00f6z\u00fcn\u00fc etti\u011fim \u201ckaranl\u0131k\u201d, bir nihilizmin sonucu de\u011fil. Mevcut krizin beraberinde getirdi\u011fi f\u0131rsatla alakal\u0131 daha ziyade; \u00f6n\u00fcm\u00fcz\u00fc net bi\u00e7imde g\u00f6r\u00fcp d\u00fcnyada anlaml\u0131, sorumlu, adaletli bir tav\u0131r geli\u015ftirmekte ya\u015fad\u0131\u011f\u0131m\u0131z o bariz s\u0131k\u0131nt\u0131yla alakal\u0131. \u2014James BridleYAZAR HAKKINDA: Teknolojiler ve disiplinler aras\u0131 \u00e7al\u0131\u015fan bir sanat\u00e7\u0131 ve yazar olan James Bridle (1980), Londra, University College\u2019da Bilgisayar ve Bili\u015fim Y\u00fcksek Lisans\u0131 yapm\u0131\u015f ve tezini Yapay Zek\u00e2\u2019n\u0131n yarat\u0131c\u0131 uygulamalar\u0131 \u00fczerine yazm\u0131\u015ft\u0131r.  Yap\u0131tlar\u0131 d\u00fcnyan\u0131n pek \u00e7ok yerinde sergilenmi\u015f ve \u0130stanbul Tasar\u0131m Bienali, Oslo Mimari Trienali, Japon Medya Sanatlar\u0131 Festivali gibi pek \u00e7ok \u00f6nemli etkinlikte yer alm\u0131\u015ft\u0131r. Yeni Estetik ara\u015ft\u0131rma projesiyle ele\u015ftirel ve sanatsal tart\u0131\u015fmalara yol a\u00e7an ve Guardian, Wired, Domus, New Statesman, Observer gibi yay\u0131nlarda ve internet bloglar\u0131nda edebiyat, k\u00fclt\u00fcr, dijital teknoloji \u00fczerine yazan Bridle, 2019\u2019da BBC Radyo 4 i\u00e7in John Berger\u2019\u0131n G\u00f6rme Bi\u00e7imleri\u2019ni dijital \u00e7a\u011f i\u00e7in yeniden tahayy\u00fcl eden, teknolojinin g\u00f6rme bi\u00e7imimizi nas\u0131l de\u011fi\u015ftirdi\u011fini ele alan d\u00f6rt b\u00f6l\u00fcml\u00fck \u201cYeni G\u00f6rme Bi\u00e7imleri\u201d dizisini yaz\u0131p sunmu\u015ftur. &lt;img src=&quot;https:\/\/s3-eu-west-1.amazonaws.com<\/p>\n","protected":false},"excerpt":{"rendered":"<p>Neyi, nas\u0131l bildi\u011fimiz ve bilemedi\u011fimiz hakk\u0131nda Yeni Karanl\u0131k \u00c7a\u011f.Teknolojinin ge\u00e7ti\u011fimiz y\u00fczy\u0131lda yakalad\u0131\u011f\u0131 ivme gezegenimizi, ya\u015fad\u0131\u011f\u0131m\u0131z toplumlar\u0131 ve bizleri h\u0131zla d\u00f6n\u00fc\u015ft\u00fcrd\u00fc, ama bunlara dair kavray\u0131\u015f\u0131m\u0131z\u0131 d\u00f6n\u00fc\u015ft\u00fcremedi. Bug\u00fcn<span class=\"excerpt-hellip\"> [\u2026]<\/span><\/p>\n","protected":false},"featured_media":0,"template":"","meta":{"_monsterinsights_skip_tracking":false,"_monsterinsights_sitenote_active":false,"_monsterinsights_sitenote_note":"","_monsterinsights_sitenote_category":0},"product_brand":[],"product_cat":[13005,15998],"product_tag":[],"class_list":{"0":"post-726003","1":"product","2":"type-product","3":"status-publish","5":"product_cat-bilim-muhendislik","6":"product_cat-bilim-tarihi","7":"pa_cilt-ciltsiz","8":"pa_tur-kitap","9":"pa_yayinevi-metis-yayinlari","10":"pa_yazar-james-bridle","12":"first","13":"instock","14":"sale","15":"shipping-taxable","16":"purchasable","17":"product-type-simple"},"_links":{"self":[{"href":"https:\/\/roveyayinevi.com.tr\/index.php\/wp-json\/wp\/v2\/product\/726003","targetHints":{"allow":["GET"]}}],"collection":[{"href":"https:\/\/roveyayinevi.com.tr\/index.php\/wp-json\/wp\/v2\/product"}],"about":[{"href":"https:\/\/roveyayinevi.com.tr\/index.php\/wp-json\/wp\/v2\/types\/product"}],"wp:attachment":[{"href":"https:\/\/roveyayinevi.com.tr\/index.php\/wp-json\/wp\/v2\/media?parent=726003"}],"wp:term":[{"taxonomy":"product_brand","embeddable":true,"href":"https:\/\/roveyayinevi.com.tr\/index.php\/wp-json\/wp\/v2\/product_brand?post=726003"},{"taxonomy":"product_cat","embeddable":true,"href":"https:\/\/roveyayinevi.com.tr\/index.php\/wp-json\/wp\/v2\/product_cat?post=726003"},{"taxonomy":"product_tag","embeddable":true,"href":"https:\/\/roveyayinevi.com.tr\/index.php\/wp-json\/wp\/v2\/product_tag?post=726003"}],"curies":[{"name":"wp","href":"https:\/\/api.w.org\/{rel}","templated":true}]}}