{"id":726002,"date":"2025-08-27T19:59:07","date_gmt":"2025-08-27T16:59:07","guid":{"rendered":"https:\/\/roveyayinevi.com.tr\/index.php\/urun\/musluman-komunistler\/"},"modified":"2026-04-16T02:33:57","modified_gmt":"2026-04-15T23:33:57","slug":"musluman-komunistler","status":"publish","type":"product","link":"https:\/\/roveyayinevi.com.tr\/index.php\/urun\/musluman-komunistler\/","title":{"rendered":"M\u00fcsl\u00fcman Kom\u00fcnistler"},"content":{"rendered":"<p>Milliyetler hapishanesi \u00c7arl\u0131k Rusya\u2019s\u0131nda ezilen ulus konumundaki Polonyal\u0131, Ukraynal\u0131, G\u00fcrc\u00fc, Ermeni ve benzerlerinin d\u0131\u015f\u0131ndakiler, genelde tarih\u00e7ilerin ilgilendi\u011fi az\u0131nl\u0131klardan olmayanlar, yani Tatarlar, Ba\u015fkurtlar, T\u00fcrkmenler, Azeriler ve benzerleri ne yapt\u0131? Devrim onlar\u0131 nas\u0131l etkiledi, onlar Devrim\u2019e nas\u0131l kat\u0131ld\u0131lar? S\u00f6ylendi\u011fi ve yaz\u0131ld\u0131\u011f\u0131 gibi onlar T\u00fcrk\u00e7\u00fc ve \u0130sl\u00e2mc\u0131 m\u0131yd\u0131lar? Genelde Ekim Devrimi \u00f6ncesi ve sonras\u0131nda M\u00fcsl\u00fcman co\u011frafyaya ili\u015fkin yap\u0131lan \u00e7al\u0131\u015fmalarda milliyet\u00e7i M\u00fcsl\u00fcmanlar\u0131n muhtariyet elde etmek i\u00e7in verdi\u011fi m\u00fccadeleler anlat\u0131l\u0131r. Sanki M\u00fcsl\u00fcmanlar sadece milliyet\u00e7i bir faaliyet i\u00e7indedir ve i\u015f\u00e7i s\u0131n\u0131f\u0131n\u0131n Moskova ve Petrograd\u2019da y\u00fcr\u00fctt\u00fc\u011f\u00fc iktidar kavgas\u0131yla ilgilenmemi\u015flerdir.\u201d Devrim s\u00fcrecinde M\u00fcsl\u00fcmanlar\u0131n yaln\u0131zca \u201cmilliyet\u00e7i\u201d faaliyetler i\u00e7erisinde oldu\u011fu s\u00f6ylenemez ancak daha \u00f6nemlisi, Petrogradve Moskova odakl\u0131 bir tarih okumas\u0131, zaten M\u00fcsl\u00fcmanlar\u0131n faaliyetlerinin anla\u015f\u0131lmas\u0131 a\u00e7\u0131s\u0131ndan isabetli olmayabilir.Emel Akal\u2019\u0131n M\u00fcsl\u00fcman Kom\u00fcnistler: Petrograd-Kazan (1917-1918) adl\u0131 bu kitab\u0131, Ekim Devrimi\u2019nin \u00f6ncesi ve sonras\u0131nda, Rusya\u2019daki M\u00fcsl\u00fcman topluluklar\u0131n faaliyetlerine a\u011f\u0131rl\u0131k vererek Yusuf Ak\u00e7ura, \u015eerif Manatof, Ahmetzaki Validov, Sultan Galiyef, Mustafa Suphi ve Mollanur Vahidof gibi etkili fig\u00fcrler \u00fczerinden \u201chem Moskova\u2019dan Kazan, Orenburg ve Ufa\u2019ya\u201d, \u201chem de Kazan, Orenburg ve Ufa\u2019dan Moskova\u2019ya\u201d bak\u0131yor.Rusya\u2019daki M\u00fcsl\u00fcmanlar\u0131n 1917-1918 y\u0131llar\u0131 aras\u0131ndaki siyasi deneyimine odaklanan \u201calternatif\u201d bir tarih okumas\u0131 sunuyor.<\/p>\n","protected":false},"excerpt":{"rendered":"<p>Milliyetler hapishanesi \u00c7arl\u0131k Rusya\u2019s\u0131nda ezilen ulus konumundaki Polonyal\u0131, Ukraynal\u0131, G\u00fcrc\u00fc, Ermeni ve benzerlerinin d\u0131\u015f\u0131ndakiler, genelde tarih\u00e7ilerin ilgilendi\u011fi az\u0131nl\u0131klardan olmayanlar, yani Tatarlar, Ba\u015fkurtlar, T\u00fcrkmenler, Azeriler ve benzerleri<span class=\"excerpt-hellip\"> [\u2026]<\/span><\/p>\n","protected":false},"featured_media":0,"template":"","meta":{"_monsterinsights_skip_tracking":false,"_monsterinsights_sitenote_active":false,"_monsterinsights_sitenote_note":"","_monsterinsights_sitenote_category":0},"product_brand":[],"product_cat":[13590,12337],"product_tag":[],"class_list":{"0":"post-726002","1":"product","2":"type-product","3":"status-publish","5":"product_cat-arastirma-inceleme-politika-siyaset","6":"product_cat-politika-siyaset","7":"pa_cilt-ciltsiz","8":"pa_tur-kitap","9":"pa_yayinevi-iletisim-yayinlari","10":"pa_yazar-emel-akal","12":"first","13":"instock","14":"sale","15":"shipping-taxable","16":"purchasable","17":"product-type-simple"},"_links":{"self":[{"href":"https:\/\/roveyayinevi.com.tr\/index.php\/wp-json\/wp\/v2\/product\/726002","targetHints":{"allow":["GET"]}}],"collection":[{"href":"https:\/\/roveyayinevi.com.tr\/index.php\/wp-json\/wp\/v2\/product"}],"about":[{"href":"https:\/\/roveyayinevi.com.tr\/index.php\/wp-json\/wp\/v2\/types\/product"}],"wp:attachment":[{"href":"https:\/\/roveyayinevi.com.tr\/index.php\/wp-json\/wp\/v2\/media?parent=726002"}],"wp:term":[{"taxonomy":"product_brand","embeddable":true,"href":"https:\/\/roveyayinevi.com.tr\/index.php\/wp-json\/wp\/v2\/product_brand?post=726002"},{"taxonomy":"product_cat","embeddable":true,"href":"https:\/\/roveyayinevi.com.tr\/index.php\/wp-json\/wp\/v2\/product_cat?post=726002"},{"taxonomy":"product_tag","embeddable":true,"href":"https:\/\/roveyayinevi.com.tr\/index.php\/wp-json\/wp\/v2\/product_tag?post=726002"}],"curies":[{"name":"wp","href":"https:\/\/api.w.org\/{rel}","templated":true}]}}