{"id":726000,"date":"2025-08-27T19:59:05","date_gmt":"2025-08-27T16:59:05","guid":{"rendered":"https:\/\/roveyayinevi.com.tr\/index.php\/urun\/ceza-kanunu-353-madde\/"},"modified":"2026-02-02T02:37:30","modified_gmt":"2026-02-01T23:37:30","slug":"ceza-kanunu-353-madde","status":"publish","type":"product","link":"https:\/\/roveyayinevi.com.tr\/index.php\/urun\/ceza-kanunu-353-madde\/","title":{"rendered":"Ceza Kanunu, 353. Madde"},"content":{"rendered":"<p>Tanguy Viel, bir cinayetin alt\u0131nda yatan ki\u015fisel ve toplumsalsorunlar\u0131, bunlar\u0131n nas\u0131l kesi\u015fti\u011fini masaya yat\u0131r\u0131yor.Bir h\u00e2kimin \u00f6n\u00fcnde, Martial Kermeur, kazanma umudu olmadan,emekliye ayr\u0131lmadan \u00f6nce son kez masaya oturmu\u015f bir krupiye gibida\u011f\u0131t\u0131yor kartlar\u0131 ve kendisini cinayet \u00e2n\u0131na getiren olaylar zincirinianlat\u0131yor: biten evlili\u011fi, o\u011flunun velayeti, mesleki sorunlar\u2026Bunlardan daha \u00f6nemlisi, kendi halindeki bir Fransa kasabas\u0131n\u0131Saint-Tropez\u2019e, l\u00fcks bir tatil merkezine d\u00f6n\u00fc\u015ft\u00fcrece\u011fini s\u00f6yleyerekinsanlara umut veren Antoine Lazenec\u2019in geli\u015fi\u2026 Bir insan\u0131n t\u00fcmbirikimini deniz manzaral\u0131 g\u00fczel bir ev projesine yat\u0131rmas\u0131 makulg\u00f6r\u00fcnebilir. Peki ya proje bir t\u00fcrl\u00fc tamamlanmazsa?Ceza Kanunu, 353. Madde bizi su\u00e7un tan\u0131m\u0131n\u0131 yeniden d\u00fc\u015f\u00fcnmeyeiten bir kara-roman.\u201cHer \u015fey bulan\u0131k; kasabay\u0131 sar\u0131p sarmalayan ve roman\u0131n her yan\u0131nasinen bir sis var gibi. Ama sonra, cinayetin rotas\u0131 bir kapkaral\u0131\u011f\u0131ni\u00e7inden a\u011f\u0131r a\u011f\u0131r, bizi meraktan k\u0131vrand\u0131rarak beliriyor ve sebepleranla\u015f\u0131l\u0131yor.\u201d<\/p>\n","protected":false},"excerpt":{"rendered":"<p>Tanguy Viel, bir cinayetin alt\u0131nda yatan ki\u015fisel ve toplumsalsorunlar\u0131, bunlar\u0131n nas\u0131l kesi\u015fti\u011fini masaya yat\u0131r\u0131yor.Bir h\u00e2kimin \u00f6n\u00fcnde, Martial Kermeur, kazanma umudu olmadan,emekliye ayr\u0131lmadan \u00f6nce son kez masaya<span class=\"excerpt-hellip\"> [\u2026]<\/span><\/p>\n","protected":false},"featured_media":0,"template":"","meta":{"_monsterinsights_skip_tracking":false,"_monsterinsights_sitenote_active":false,"_monsterinsights_sitenote_note":"","_monsterinsights_sitenote_category":0},"product_brand":[],"product_cat":[13661,12291],"product_tag":[],"class_list":{"0":"post-726000","1":"product","2":"type-product","3":"status-publish","5":"product_cat-diger-ulke-edebiyatlari","6":"product_cat-edebiyat","7":"pa_cilt-ciltsiz","8":"pa_tur-kitap","9":"pa_yayinevi-iletisim-yayinlari","10":"pa_yazar-tanguy-viel","12":"first","13":"instock","14":"sale","15":"shipping-taxable","16":"purchasable","17":"product-type-simple"},"_links":{"self":[{"href":"https:\/\/roveyayinevi.com.tr\/index.php\/wp-json\/wp\/v2\/product\/726000","targetHints":{"allow":["GET"]}}],"collection":[{"href":"https:\/\/roveyayinevi.com.tr\/index.php\/wp-json\/wp\/v2\/product"}],"about":[{"href":"https:\/\/roveyayinevi.com.tr\/index.php\/wp-json\/wp\/v2\/types\/product"}],"wp:attachment":[{"href":"https:\/\/roveyayinevi.com.tr\/index.php\/wp-json\/wp\/v2\/media?parent=726000"}],"wp:term":[{"taxonomy":"product_brand","embeddable":true,"href":"https:\/\/roveyayinevi.com.tr\/index.php\/wp-json\/wp\/v2\/product_brand?post=726000"},{"taxonomy":"product_cat","embeddable":true,"href":"https:\/\/roveyayinevi.com.tr\/index.php\/wp-json\/wp\/v2\/product_cat?post=726000"},{"taxonomy":"product_tag","embeddable":true,"href":"https:\/\/roveyayinevi.com.tr\/index.php\/wp-json\/wp\/v2\/product_tag?post=726000"}],"curies":[{"name":"wp","href":"https:\/\/api.w.org\/{rel}","templated":true}]}}