{"id":725999,"date":"2025-08-27T19:59:04","date_gmt":"2025-08-27T16:59:04","guid":{"rendered":"https:\/\/roveyayinevi.com.tr\/index.php\/urun\/herkes-kadar\/"},"modified":"2026-04-16T02:33:42","modified_gmt":"2026-04-15T23:33:42","slug":"herkes-kadar","status":"publish","type":"product","link":"https:\/\/roveyayinevi.com.tr\/index.php\/urun\/herkes-kadar\/","title":{"rendered":"Herkes Kadar"},"content":{"rendered":"<p>Olmayacak \u015fey, A\u011fbim arad\u0131 ak\u015fam\u00fcst\u00fc.\u201cAk\u015fam size gelece\u011fiz,\u201d dedi, evde miyiz, de\u011fil miyiz, sormadan. Niye gelece\u011fini kestirdi\u011fim i\u00e7in sesimi \u00e7\u0131kartmad\u0131m. Sesi donuktu; hal hat\u0131r sorma fasl\u0131n\u0131 k\u0131sa tutmu\u015f, sesindeki sert ton can\u0131m\u0131 s\u0131km\u0131\u015ft\u0131. Masamda biriken i\u015fleri temizleyecektim o g\u00fcn, elimi s\u00fcremedim, \u00e7ak\u0131ld\u0131m kald\u0131m \u00f6ylece. Nicedir, sa\u011fda solda, \u201cKimse ne \u00fczer ne sevindirir beni,\u201d diyor, insan s\u00f6z\u00fcn\u00fcn hep yalan oldu\u011fundan dem vuruyordum. Birden, anlad\u0131m ki her \u015feye ra\u011fmen birisi kal\u0131yormu\u015f, s\u00f6zleri derinlerden ses getiren.Beh\u00e7et \u00c7elik, Herkes Kadar\u2019da d\u00fcnyalar\u0131m\u0131z\u0131n bazen birbirine ne kadar benzedi\u011fini, bazen de bu benzerlikler aras\u0131nda s\u0131k\u0131\u015f\u0131p kalan farkl\u0131l\u0131klar\u0131n d\u00fcnyam\u0131z\u0131 nas\u0131l da bamba\u015fka bir \u015feye d\u00f6n\u00fc\u015ft\u00fcrd\u00fc\u011f\u00fcn\u00fc anlat\u0131rken, bir yandan da arkada\u015fl\u0131kta, a\u015fkta ya da ailede, iki ki\u015fi aras\u0131nda olu\u015fan g\u00f6r\u00fcnmez ba\u011flar\u0131n hayatlar\u0131m\u0131za dokundu\u011fu yerlerde b\u0131rakt\u0131\u011f\u0131 izlere \u0131\u015f\u0131k tutuyor. Sadece bir eyvallah diyerek \u00e7\u0131k\u0131p gidenlerin, ge\u00e7mi\u015fi bug\u00fcn gibi i\u00e7inde ta\u015f\u0131yanlar\u0131n, gen\u00e7liklerini \u00f6\u011frenci evlerinin heyecan\u0131na yat\u0131ranlar\u0131n, neden \u00e7a\u011f\u0131r\u0131ld\u0131klar\u0131na bir t\u00fcrl\u00fc anlam veremeyenlerin, bir ba\u015fkas\u0131n\u0131n g\u00f6zlerinde kendini g\u00f6rmeye \u00e7abalarken h\u00fcsrana u\u011frayanlar\u0131n hik\u00e2yeleri ve yine hayatlar\u0131m\u0131z\u0131n ak\u0131\u015f\u0131ndaki \u2013durgun ya da gerilimli\u2013 ritmi derinden hissettiren bir dil\u2026\u00c7a\u011fda\u015f edebiyat\u0131m\u0131z\u0131n \u00f6nde gelen yazarlar\u0131ndan Beh\u00e7et \u00c7elik\u2019ten hayat\u0131m\u0131z\u0131n zamanla k\u0131y\u0131ld\u0131\u011f\u0131 anlar\u0131 hat\u0131rlatan \u00f6yk\u00fcler<\/p>\n","protected":false},"excerpt":{"rendered":"<p>Olmayacak \u015fey, A\u011fbim arad\u0131 ak\u015fam\u00fcst\u00fc.\u201cAk\u015fam size gelece\u011fiz,\u201d dedi, evde miyiz, de\u011fil miyiz, sormadan. Niye gelece\u011fini kestirdi\u011fim i\u00e7in sesimi \u00e7\u0131kartmad\u0131m. Sesi donuktu; hal hat\u0131r sorma fasl\u0131n\u0131 k\u0131sa<span class=\"excerpt-hellip\"> [\u2026]<\/span><\/p>\n","protected":false},"featured_media":0,"template":"","meta":{"_monsterinsights_skip_tracking":false,"_monsterinsights_sitenote_active":false,"_monsterinsights_sitenote_note":"","_monsterinsights_sitenote_category":0},"product_brand":[],"product_cat":[12291,12711],"product_tag":[],"class_list":{"0":"post-725999","1":"product","2":"type-product","3":"status-publish","5":"product_cat-edebiyat","6":"product_cat-roman-oyku","7":"pa_cilt-ciltsiz","8":"pa_tur-kitap","9":"pa_yayinevi-iletisim-yayinlari","10":"pa_yazar-behcet-celik","12":"first","13":"instock","14":"sale","15":"shipping-taxable","16":"purchasable","17":"product-type-simple"},"_links":{"self":[{"href":"https:\/\/roveyayinevi.com.tr\/index.php\/wp-json\/wp\/v2\/product\/725999","targetHints":{"allow":["GET"]}}],"collection":[{"href":"https:\/\/roveyayinevi.com.tr\/index.php\/wp-json\/wp\/v2\/product"}],"about":[{"href":"https:\/\/roveyayinevi.com.tr\/index.php\/wp-json\/wp\/v2\/types\/product"}],"wp:attachment":[{"href":"https:\/\/roveyayinevi.com.tr\/index.php\/wp-json\/wp\/v2\/media?parent=725999"}],"wp:term":[{"taxonomy":"product_brand","embeddable":true,"href":"https:\/\/roveyayinevi.com.tr\/index.php\/wp-json\/wp\/v2\/product_brand?post=725999"},{"taxonomy":"product_cat","embeddable":true,"href":"https:\/\/roveyayinevi.com.tr\/index.php\/wp-json\/wp\/v2\/product_cat?post=725999"},{"taxonomy":"product_tag","embeddable":true,"href":"https:\/\/roveyayinevi.com.tr\/index.php\/wp-json\/wp\/v2\/product_tag?post=725999"}],"curies":[{"name":"wp","href":"https:\/\/api.w.org\/{rel}","templated":true}]}}