{"id":725998,"date":"2025-08-27T19:59:03","date_gmt":"2025-08-27T16:59:03","guid":{"rendered":"https:\/\/roveyayinevi.com.tr\/index.php\/urun\/biyoloji-felsefesi\/"},"modified":"2026-02-03T02:49:10","modified_gmt":"2026-02-02T23:49:10","slug":"biyoloji-felsefesi","status":"publish","type":"product","link":"https:\/\/roveyayinevi.com.tr\/index.php\/urun\/biyoloji-felsefesi\/","title":{"rendered":"Biyoloji Felsefesi"},"content":{"rendered":"<p>\u015eeyleri canl\u0131 ya da cans\u0131z olarak ay\u0131rt etmek deneyimimizin temel bile\u015fenlerinden biriymi\u015f gibi g\u00f6r\u00fcn\u00fcyor. Canl\u0131larla cans\u0131zlar aras\u0131nda mutlak bir ayr\u0131m\u0131n oldu\u011fu konusunda bir \u015fekilde bir i\u00e7g\u00fcd\u00fcye sahibiz. Oysa evrim kuram\u0131 bu i\u00e7g\u00fcd\u00fcm\u00fcz\u00fc ezip ge\u00e7mektedir. \u00c7\u00fcnk\u00fc evrim kuram\u0131 canl\u0131lar\u0131n i\u00e7inde s\u00fcrmekte olan s\u00fcre\u00e7ler ile cans\u0131z fiziksel d\u00fcnyada s\u00fcrmekte olan s\u00fcre\u00e7lerin temelde ayn\u0131 oldu\u011fu sonucuna varmaktad\u0131r. Biyoloji felsefesi, bilim felsefesinin bir par\u00e7as\u0131 olarak d\u00fc\u015f\u00fcn\u00fclebilir. Bilim felsefecilerinin sordu\u011fu sorular aras\u0131nda bilimin kulland\u0131\u011f\u0131 kavramlar hakk\u0131ndaki sorular, \u201cDo\u011fa yasas\u0131 nedir?\u201d ve \u201cDo\u011fal \u00e7e\u015fit nedir?\u201d gibi sorular vard\u0131r. Biyolojiyi anlamak i\u00e7in kavramsal bir \u00e7al\u0131\u015fma yapmak gerekmektedir, \u00e7\u00fcnk\u00fc biyolojinin bilhassa kendisine aitmi\u015f gibi g\u00f6r\u00fcnen kavramlar\u0131 vard\u0131r. Dolay\u0131s\u0131yla biyoloji felsefesinin bir g\u00f6revi de bu kavramlar\u0131 anlamakta bize yard\u0131mc\u0131 olmakt\u0131r. Bir \u015feyin do\u011fu\u015ftan olmas\u0131 ne demektir? Bir \u015feyin i\u015flevinin olmas\u0131 ne demektir? T\u00fcr nedir? Bu ve benzeri di\u011fer \u201ckavramsal\u201d sorulara de\u011finilen bu kitapta, ilk olarak evrim teorisinin altta yatan baz\u0131 ince ayr\u0131nt\u0131lar\u0131 ve evrim teorisinin genel d\u00fcnya g\u00f6r\u00fc\u015f\u00fcm\u00fczdeki yeri incelenmekte.\u201cGarvey\u2019in Biyoloji Felsefesi bu konudaki literat\u00fcr\u00fcn ana hatlar\u0131yla bir \u00f6zetini ba\u015far\u0131l\u0131 bir \u015fekilde vererek g\u00fcncel bilimsel kuramlar\u0131 masaya yat\u0131rmakta.\u201d \u2013Maureen A. O\u2019Malley, and Daniel J. Nicholson, Exeter \u00dcniversitesi, Notre Dame Philosophical Reviews, \u201cBiyoloji \u00f6\u011frencilerinden konusunun uzman\u0131 olmayanlara kadar geni\u015f bir okur kitlesine hitap eden bu harika \u00e7al\u0131\u015fma, Darwin\u2019in evrim kuram\u0131ndan g\u00fcn\u00fcm\u00fcze b\u00fct\u00fcn evrim felsefesini kaps\u0131yor.\u201d\u2013Todd Grantham, Philosophical Papers<\/p>\n","protected":false},"excerpt":{"rendered":"<p>\u015eeyleri canl\u0131 ya da cans\u0131z olarak ay\u0131rt etmek deneyimimizin temel bile\u015fenlerinden biriymi\u015f gibi g\u00f6r\u00fcn\u00fcyor. Canl\u0131larla cans\u0131zlar aras\u0131nda mutlak bir ayr\u0131m\u0131n oldu\u011fu konusunda bir \u015fekilde bir i\u00e7g\u00fcd\u00fcye<span class=\"excerpt-hellip\"> [\u2026]<\/span><\/p>\n","protected":false},"featured_media":0,"template":"","meta":{"_monsterinsights_skip_tracking":false,"_monsterinsights_sitenote_active":false,"_monsterinsights_sitenote_note":"","_monsterinsights_sitenote_category":0},"product_brand":[],"product_cat":[13005,37328],"product_tag":[],"class_list":{"0":"post-725998","1":"product","2":"type-product","3":"status-publish","5":"product_cat-bilim-muhendislik","6":"product_cat-diger-bilim-muhendislik","7":"pa_cilt-ciltsiz","8":"pa_tur-kitap","9":"pa_yayinevi-ginko-kitap","10":"pa_yazar-brian-garvey","12":"first","13":"instock","14":"sale","15":"shipping-taxable","16":"purchasable","17":"product-type-simple"},"_links":{"self":[{"href":"https:\/\/roveyayinevi.com.tr\/index.php\/wp-json\/wp\/v2\/product\/725998","targetHints":{"allow":["GET"]}}],"collection":[{"href":"https:\/\/roveyayinevi.com.tr\/index.php\/wp-json\/wp\/v2\/product"}],"about":[{"href":"https:\/\/roveyayinevi.com.tr\/index.php\/wp-json\/wp\/v2\/types\/product"}],"wp:attachment":[{"href":"https:\/\/roveyayinevi.com.tr\/index.php\/wp-json\/wp\/v2\/media?parent=725998"}],"wp:term":[{"taxonomy":"product_brand","embeddable":true,"href":"https:\/\/roveyayinevi.com.tr\/index.php\/wp-json\/wp\/v2\/product_brand?post=725998"},{"taxonomy":"product_cat","embeddable":true,"href":"https:\/\/roveyayinevi.com.tr\/index.php\/wp-json\/wp\/v2\/product_cat?post=725998"},{"taxonomy":"product_tag","embeddable":true,"href":"https:\/\/roveyayinevi.com.tr\/index.php\/wp-json\/wp\/v2\/product_tag?post=725998"}],"curies":[{"name":"wp","href":"https:\/\/api.w.org\/{rel}","templated":true}]}}