{"id":725996,"date":"2025-08-27T19:59:02","date_gmt":"2025-08-27T16:59:02","guid":{"rendered":"https:\/\/roveyayinevi.com.tr\/index.php\/urun\/shadows-of-authors\/"},"modified":"2026-04-16T02:33:42","modified_gmt":"2026-04-15T23:33:42","slug":"shadows-of-authors","status":"publish","type":"product","link":"https:\/\/roveyayinevi.com.tr\/index.php\/urun\/shadows-of-authors\/","title":{"rendered":"Shadows of Authors"},"content":{"rendered":"<p>\u0130\u00e7indekiler Chapter I: Mehmet RaufChapter II: David Herbert LawrenceChapter III: Hector Hugh Munro(Saki)Chapter IV: \u00d6mer SeyfettinChapter V: Charles DickensChapter VI: Halide Edip Ad\u0131varChapterVII: Peyami SafaChapter VIII: Sait Faik Abas\u0131yan\u0131kChapter IX: Ahmet Hamdi Tanp\u0131narChapter X: Franz Kafka<\/p>\n","protected":false},"excerpt":{"rendered":"<p>\u0130\u00e7indekiler Chapter I: Mehmet RaufChapter II: David Herbert LawrenceChapter III: Hector Hugh Munro(Saki)Chapter IV: \u00d6mer SeyfettinChapter V: Charles DickensChapter VI: Halide Edip Ad\u0131varChapterVII: Peyami SafaChapter VIII:<span class=\"excerpt-hellip\"> [\u2026]<\/span><\/p>\n","protected":false},"featured_media":0,"template":"","meta":{"_monsterinsights_skip_tracking":false,"_monsterinsights_sitenote_active":false,"_monsterinsights_sitenote_note":"","_monsterinsights_sitenote_category":0},"product_brand":[],"product_cat":[20225,12291],"product_tag":[],"class_list":{"0":"post-725996","1":"product","2":"type-product","3":"status-publish","5":"product_cat-dil-bilim","6":"product_cat-edebiyat","7":"pa_cilt-ciltsiz","8":"pa_tur-kitap","9":"pa_yayinevi-gazi-kitabevi","10":"pa_yazar-senem-ustun-kaya","12":"first","13":"instock","14":"sale","15":"shipping-taxable","16":"purchasable","17":"product-type-simple"},"_links":{"self":[{"href":"https:\/\/roveyayinevi.com.tr\/index.php\/wp-json\/wp\/v2\/product\/725996","targetHints":{"allow":["GET"]}}],"collection":[{"href":"https:\/\/roveyayinevi.com.tr\/index.php\/wp-json\/wp\/v2\/product"}],"about":[{"href":"https:\/\/roveyayinevi.com.tr\/index.php\/wp-json\/wp\/v2\/types\/product"}],"wp:attachment":[{"href":"https:\/\/roveyayinevi.com.tr\/index.php\/wp-json\/wp\/v2\/media?parent=725996"}],"wp:term":[{"taxonomy":"product_brand","embeddable":true,"href":"https:\/\/roveyayinevi.com.tr\/index.php\/wp-json\/wp\/v2\/product_brand?post=725996"},{"taxonomy":"product_cat","embeddable":true,"href":"https:\/\/roveyayinevi.com.tr\/index.php\/wp-json\/wp\/v2\/product_cat?post=725996"},{"taxonomy":"product_tag","embeddable":true,"href":"https:\/\/roveyayinevi.com.tr\/index.php\/wp-json\/wp\/v2\/product_tag?post=725996"}],"curies":[{"name":"wp","href":"https:\/\/api.w.org\/{rel}","templated":true}]}}