{"id":725995,"date":"2025-08-27T19:59:01","date_gmt":"2025-08-27T16:59:01","guid":{"rendered":"https:\/\/roveyayinevi.com.tr\/index.php\/urun\/bizim-ev-tatilde\/"},"modified":"2026-04-16T02:33:42","modified_gmt":"2026-04-15T23:33:42","slug":"bizim-ev-tatilde","status":"publish","type":"product","link":"https:\/\/roveyayinevi.com.tr\/index.php\/urun\/bizim-ev-tatilde\/","title":{"rendered":"Bizim Ev Tatilde"},"content":{"rendered":"<p>\u201cBug\u00fcn deniz tatilimizin son g\u00fcn\u00fc. Yar\u0131n eve d\u00f6n\u00fcyoruz.\u00dc\u00e7 haftal\u0131k tatilimiz g\u00f6z a\u00e7\u0131p kapay\u0131ncaya kadar gelip ge\u00e7mi\u015fti. Anneme g\u00f6re hayat b\u00f6yleydi ve her \u015feyin bir sonu vard\u0131. Biz de tatilimizin sonuna gelmi\u015ftik i\u015fte.Hepimiz buray\u0131 \u00e7ok sevmi\u015ftik. En \u00e7ok da ben. Buran\u0131n denizini, plaj\u0131n\u0131, dondurmal\u0131 \u00e7ay bah\u00e7elerini, tekne ve ma\u011fara gezilerini hi\u00e7 unutmayacakt\u0131m. En \u00e7ok da geni\u015f bah\u00e7eli, bir s\u00fcr\u00fc odal\u0131 bu yaz evini.\u201dMustafa Hakk\u0131 Kurt\u2019un samimi ve s\u0131cac\u0131k anlat\u0131m\u0131yla Bizim Ev Tatilde, okurlar\u0131n\u0131 kalabal\u0131k bir ailenin sevgi ve ne\u015fe dolu yaz tatiline davet ediyor!<\/p>\n","protected":false},"excerpt":{"rendered":"<p>\u201cBug\u00fcn deniz tatilimizin son g\u00fcn\u00fc. Yar\u0131n eve d\u00f6n\u00fcyoruz.\u00dc\u00e7 haftal\u0131k tatilimiz g\u00f6z a\u00e7\u0131p kapay\u0131ncaya kadar gelip ge\u00e7mi\u015fti. Anneme g\u00f6re hayat b\u00f6yleydi ve her \u015feyin bir sonu vard\u0131.<span class=\"excerpt-hellip\"> [\u2026]<\/span><\/p>\n","protected":false},"featured_media":0,"template":"","meta":{"_monsterinsights_skip_tracking":false,"_monsterinsights_sitenote_active":false,"_monsterinsights_sitenote_note":"","_monsterinsights_sitenote_category":0},"product_brand":[],"product_cat":[12274,12631],"product_tag":[],"class_list":{"0":"post-725995","1":"product","2":"type-product","3":"status-publish","5":"product_cat-cocuk-ve-genclik-kitaplari","6":"product_cat-diger-cocuk-ve-genclik-kitaplari","7":"pa_cilt-ciltsiz","8":"pa_tur-kitap","9":"pa_yayinevi-fom-kitap","10":"pa_yazar-mustafa-hakki-kurt","12":"first","13":"instock","14":"sale","15":"shipping-taxable","16":"purchasable","17":"product-type-simple"},"_links":{"self":[{"href":"https:\/\/roveyayinevi.com.tr\/index.php\/wp-json\/wp\/v2\/product\/725995","targetHints":{"allow":["GET"]}}],"collection":[{"href":"https:\/\/roveyayinevi.com.tr\/index.php\/wp-json\/wp\/v2\/product"}],"about":[{"href":"https:\/\/roveyayinevi.com.tr\/index.php\/wp-json\/wp\/v2\/types\/product"}],"wp:attachment":[{"href":"https:\/\/roveyayinevi.com.tr\/index.php\/wp-json\/wp\/v2\/media?parent=725995"}],"wp:term":[{"taxonomy":"product_brand","embeddable":true,"href":"https:\/\/roveyayinevi.com.tr\/index.php\/wp-json\/wp\/v2\/product_brand?post=725995"},{"taxonomy":"product_cat","embeddable":true,"href":"https:\/\/roveyayinevi.com.tr\/index.php\/wp-json\/wp\/v2\/product_cat?post=725995"},{"taxonomy":"product_tag","embeddable":true,"href":"https:\/\/roveyayinevi.com.tr\/index.php\/wp-json\/wp\/v2\/product_tag?post=725995"}],"curies":[{"name":"wp","href":"https:\/\/api.w.org\/{rel}","templated":true}]}}