{"id":725990,"date":"2025-08-27T19:58:56","date_gmt":"2025-08-27T16:58:56","guid":{"rendered":"https:\/\/roveyayinevi.com.tr\/index.php\/urun\/turkce-kokenli-adlar-sozlugu\/"},"modified":"2026-04-16T02:33:42","modified_gmt":"2026-04-15T23:33:42","slug":"turkce-kokenli-adlar-sozlugu","status":"publish","type":"product","link":"https:\/\/roveyayinevi.com.tr\/index.php\/urun\/turkce-kokenli-adlar-sozlugu\/","title":{"rendered":"T\u00fcrk\u00e7e K\u00f6kenli Adlar S\u00f6zl\u00fc\u011f\u00fc"},"content":{"rendered":"<p>Bu s\u00f6zl\u00fck, \u00e7ocuklar\u0131na T\u00fcrk\u00e7e k\u00f6kenli adlar koymak isteyenlere, gerek g\u00fcncel, gerek tarihi T\u00fcrk\u00e7e k\u00f6kenli adlar\u0131 da kapsayan geni\u015f bir se\u00e7me imkan\u0131 sunmaktad\u0131r. Ayr\u0131ca bu konu \u00fcst\u00fcne ara\u015ft\u0131rma yapacak olan ara\u015ft\u0131rmac\u0131lara da kaynak-ba\u015fvuru kitab\u0131 olma niteli\u011findedir.<\/p>\n","protected":false},"excerpt":{"rendered":"<p>Bu s\u00f6zl\u00fck, \u00e7ocuklar\u0131na T\u00fcrk\u00e7e k\u00f6kenli adlar koymak isteyenlere, gerek g\u00fcncel, gerek tarihi T\u00fcrk\u00e7e k\u00f6kenli adlar\u0131 da kapsayan geni\u015f bir se\u00e7me imkan\u0131 sunmaktad\u0131r. Ayr\u0131ca bu konu \u00fcst\u00fcne<span class=\"excerpt-hellip\"> [\u2026]<\/span><\/p>\n","protected":false},"featured_media":0,"template":"","meta":{"_monsterinsights_skip_tracking":false,"_monsterinsights_sitenote_active":false,"_monsterinsights_sitenote_note":"","_monsterinsights_sitenote_category":0},"product_brand":[],"product_cat":[12566,13611],"product_tag":[],"class_list":{"0":"post-725990","1":"product","2":"type-product","3":"status-publish","5":"product_cat-egitim","6":"product_cat-sozlukler-ve-konusma-kilavuzlari","7":"pa_cilt-ciltsiz","8":"pa_tur-kitap","9":"pa_yayinevi-luna-yayinlari","10":"pa_yazar-gokdal-okay","12":"first","13":"instock","14":"sale","15":"shipping-taxable","16":"purchasable","17":"product-type-simple"},"_links":{"self":[{"href":"https:\/\/roveyayinevi.com.tr\/index.php\/wp-json\/wp\/v2\/product\/725990","targetHints":{"allow":["GET"]}}],"collection":[{"href":"https:\/\/roveyayinevi.com.tr\/index.php\/wp-json\/wp\/v2\/product"}],"about":[{"href":"https:\/\/roveyayinevi.com.tr\/index.php\/wp-json\/wp\/v2\/types\/product"}],"wp:attachment":[{"href":"https:\/\/roveyayinevi.com.tr\/index.php\/wp-json\/wp\/v2\/media?parent=725990"}],"wp:term":[{"taxonomy":"product_brand","embeddable":true,"href":"https:\/\/roveyayinevi.com.tr\/index.php\/wp-json\/wp\/v2\/product_brand?post=725990"},{"taxonomy":"product_cat","embeddable":true,"href":"https:\/\/roveyayinevi.com.tr\/index.php\/wp-json\/wp\/v2\/product_cat?post=725990"},{"taxonomy":"product_tag","embeddable":true,"href":"https:\/\/roveyayinevi.com.tr\/index.php\/wp-json\/wp\/v2\/product_tag?post=725990"}],"curies":[{"name":"wp","href":"https:\/\/api.w.org\/{rel}","templated":true}]}}