{"id":725988,"date":"2025-08-27T19:58:55","date_gmt":"2025-08-27T16:58:55","guid":{"rendered":"https:\/\/roveyayinevi.com.tr\/index.php\/urun\/yerel-muhasebe-uygulamalari-ile-tms-tfrs-yakinsama-surecinin-degerlendirilmesi\/"},"modified":"2026-04-16T02:33:42","modified_gmt":"2026-04-15T23:33:42","slug":"yerel-muhasebe-uygulamalari-ile-tms-tfrs-yakinsama-surecinin-degerlendirilmesi","status":"publish","type":"product","link":"https:\/\/roveyayinevi.com.tr\/index.php\/urun\/yerel-muhasebe-uygulamalari-ile-tms-tfrs-yakinsama-surecinin-degerlendirilmesi\/","title":{"rendered":"Yerel Muhasebe Uygulamalar\u0131 ile TMS \/ TFRS Yak\u0131nsama S\u00fcrecinin De\u011ferlendirilmesi"},"content":{"rendered":"<p>B\u0130R\u0130NC\u0130 B\u00d6L\u00dcM \u2013 Muhasebe Mesle\u011fi ve Denetim-D\u00fcnya\u2019da Muhasebe Mesle\u011finin Geli\u015fimi- T\u00fcrkiye\u2019de Muhasebe Mesle\u011finin Geli\u015fimi- Yeminli Mali M\u00fc\u015favirlik ve Serbest Muhasebeci Mali M\u00fc\u015favirlik Mesle\u011fi- Denetim Kavram\u0131, Denetim T\u00fcrleri ve Denetim Mesle\u011fi- Denetim Mesle\u011fi ve Muhasebe \u0130li\u015fkisi \u0130K\u0130NC\u0130 B\u00d6L\u00dcM \u2013 Muhasebe ve Raporlama Standartlar\u0131n\u0131n Ortaya \u00c7\u0131k\u0131\u015f\u0131, D\u00fcnya\u2019da ve T\u00fcrkiye\u2019deki Geli\u015fimi ile Yak\u0131nsama S\u00fcreci -Uluslar aras\u0131 Finansal Raporlama ve Muhasebe Standartlar\u0131n\u0131n Ortaya \u00c7\u0131k\u0131\u015f\u0131 ve Amac\u0131-Uluslar aras\u0131 Finansal Raporlama ve Muhasebe Standartlar\u0131n\u0131n D\u00fcnya\u2019daki Geli\u015fim S\u00fcreci \u00dc\u00c7\u00dcNC\u00dc B\u00d6L\u00dcM \u2013 Yerel Muhasebe Uygulamalar\u0131 ile TMS \/ TFRS Yak\u0131nsama S\u00fcrecinin De\u011ferlendirilmesi: \u0130zmir \u0130linde Bir Uygulama-Litarat\u00fcr Ara\u015ft\u0131rmas\u0131-Kurumsal \u00c7er\u00e7eve<\/p>\n","protected":false},"excerpt":{"rendered":"<p>B\u0130R\u0130NC\u0130 B\u00d6L\u00dcM \u2013 Muhasebe Mesle\u011fi ve Denetim-D\u00fcnya\u2019da Muhasebe Mesle\u011finin Geli\u015fimi- T\u00fcrkiye\u2019de Muhasebe Mesle\u011finin Geli\u015fimi- Yeminli Mali M\u00fc\u015favirlik ve Serbest Muhasebeci Mali M\u00fc\u015favirlik Mesle\u011fi- Denetim Kavram\u0131, Denetim<span class=\"excerpt-hellip\"> [\u2026]<\/span><\/p>\n","protected":false},"featured_media":0,"template":"","meta":{"_monsterinsights_skip_tracking":false,"_monsterinsights_sitenote_active":false,"_monsterinsights_sitenote_note":"","_monsterinsights_sitenote_category":0},"product_brand":[],"product_cat":[13043,14381],"product_tag":[],"class_list":{"0":"post-725988","1":"product","2":"type-product","3":"status-publish","5":"product_cat-ekonomi","6":"product_cat-isletme-muhasebe-maliye","7":"pa_cilt-ciltsiz","8":"pa_tur-kitap","9":"pa_yayinevi-gazi-kitabevi","10":"pa_yazar-selin-coskun","12":"first","13":"instock","14":"sale","15":"shipping-taxable","16":"purchasable","17":"product-type-simple"},"_links":{"self":[{"href":"https:\/\/roveyayinevi.com.tr\/index.php\/wp-json\/wp\/v2\/product\/725988","targetHints":{"allow":["GET"]}}],"collection":[{"href":"https:\/\/roveyayinevi.com.tr\/index.php\/wp-json\/wp\/v2\/product"}],"about":[{"href":"https:\/\/roveyayinevi.com.tr\/index.php\/wp-json\/wp\/v2\/types\/product"}],"wp:attachment":[{"href":"https:\/\/roveyayinevi.com.tr\/index.php\/wp-json\/wp\/v2\/media?parent=725988"}],"wp:term":[{"taxonomy":"product_brand","embeddable":true,"href":"https:\/\/roveyayinevi.com.tr\/index.php\/wp-json\/wp\/v2\/product_brand?post=725988"},{"taxonomy":"product_cat","embeddable":true,"href":"https:\/\/roveyayinevi.com.tr\/index.php\/wp-json\/wp\/v2\/product_cat?post=725988"},{"taxonomy":"product_tag","embeddable":true,"href":"https:\/\/roveyayinevi.com.tr\/index.php\/wp-json\/wp\/v2\/product_tag?post=725988"}],"curies":[{"name":"wp","href":"https:\/\/api.w.org\/{rel}","templated":true}]}}