{"id":725987,"date":"2025-08-27T19:58:54","date_gmt":"2025-08-27T16:58:54","guid":{"rendered":"https:\/\/roveyayinevi.com.tr\/index.php\/urun\/ekonomi-ve-finans-alaninda-yapilan-ampirik-calismalar-2\/"},"modified":"2026-04-16T02:33:41","modified_gmt":"2026-04-15T23:33:41","slug":"ekonomi-ve-finans-alaninda-yapilan-ampirik-calismalar-2","status":"publish","type":"product","link":"https:\/\/roveyayinevi.com.tr\/index.php\/urun\/ekonomi-ve-finans-alaninda-yapilan-ampirik-calismalar-2\/","title":{"rendered":"Ekonomi ve Finans Alan\u0131nda Yap\u0131lan Ampirik \u00c7al\u0131\u015fmalar 2"},"content":{"rendered":"<p>1. Ekonomik B\u00fcy\u00fcme ve Enflasyon \u0130li\u015fkisi \u00dczerine Ampirik Bir \u00c7al\u0131\u015fma: 2005: QI-2020: Q1 D\u00f6nemi T\u00fcrkiye \u00d6rne\u011fi2. \u0130slam \u00dclkeleri Savunma Sanayii Harcamalar\u0131nda \u0130\u015fbirli\u011fi Olanaklar\u0131n\u0131n Anlaml\u0131l\u0131\u011f\u0131na Y\u00f6nelik Bir Ara\u015ft\u0131rma3. Y\u00fcksek Teknolojili \u00dcr\u00fcn \u0130hracat\u0131 Ekonomik B\u00fcy\u00fcmeyi Etkiler mi? OECD \u00dclkeleri \u0130\u00e7in Panel Ard\u0131 Uygulamas\u01314. T\u00fcrkiye Ekonomisinde T\u00fcketici Fiyat Endeksinin Konut Fiyat Endeksi \u00dczerine Etkisi5. G7 \u00dclkelerinde Yenilenebilir ve Yenilenemez Enerji T\u00fcketimi, Ekonomik B\u00fcy\u00fcme, Turizm ve CO2 Emisyonu \u0130li\u015fkisi: Panel Veri Analizi6. K\u00fc\u00e7\u00fck ve Orta \u00d6l\u00e7ekli \u0130\u015fletmelerde \u0130hracat\u0131n Finansman Arac\u0131 Olarak Cosme Program\u0131: Kahramanmara\u015f \u0130li \u00d6l\u00e7e\u011fi7. T\u00fcrkiye Ekonomisi \u0130\u00e7in Ortak Gelir Tuza\u011f\u0131ndan \u00c7\u0131k\u0131\u015f Aray\u0131\u015f\u0131: \u0130\u015fg\u00fcc\u00fc Verimlili\u011fi \u00dczerine Ampirik Analiz8. Do\u011frudan Yabanc\u0131 Yat\u0131r\u0131m Giri\u015flerinin \u0130nsan\u00ee Geli\u015fmeye Etkisi: AB \u00dcyesi \u00dclkeler \u00dczerinde Ampirik Bir Analiz9. Enerji T\u00fcketimi ve Ekonomik B\u00fcy\u00fcme: MINT \u00dclkeler \u00d6rne\u011finde Panel Nedensellik Analizi10. Bankac\u0131l\u0131k Hizmetlerinde Kat\u0131l\u0131m Bankalar\u0131n\u0131n Tercih Edilme Sebepleri <\/p>\n","protected":false},"excerpt":{"rendered":"<p>1. Ekonomik B\u00fcy\u00fcme ve Enflasyon \u0130li\u015fkisi \u00dczerine Ampirik Bir \u00c7al\u0131\u015fma: 2005: QI-2020: Q1 D\u00f6nemi T\u00fcrkiye \u00d6rne\u011fi2. \u0130slam \u00dclkeleri Savunma Sanayii Harcamalar\u0131nda \u0130\u015fbirli\u011fi Olanaklar\u0131n\u0131n Anlaml\u0131l\u0131\u011f\u0131na Y\u00f6nelik Bir<span class=\"excerpt-hellip\"> [\u2026]<\/span><\/p>\n","protected":false},"featured_media":0,"template":"","meta":{"_monsterinsights_skip_tracking":false,"_monsterinsights_sitenote_active":false,"_monsterinsights_sitenote_note":"","_monsterinsights_sitenote_category":0},"product_brand":[],"product_cat":[17249,13043],"product_tag":[],"class_list":{"0":"post-725987","1":"product","2":"type-product","3":"status-publish","5":"product_cat-borsa-finans","6":"product_cat-ekonomi","7":"pa_cilt-ciltsiz","8":"pa_tur-kitap","9":"pa_yayinevi-gazi-kitabevi","10":"pa_yazar-cebrail-telek","12":"first","13":"instock","14":"sale","15":"shipping-taxable","16":"purchasable","17":"product-type-simple"},"_links":{"self":[{"href":"https:\/\/roveyayinevi.com.tr\/index.php\/wp-json\/wp\/v2\/product\/725987","targetHints":{"allow":["GET"]}}],"collection":[{"href":"https:\/\/roveyayinevi.com.tr\/index.php\/wp-json\/wp\/v2\/product"}],"about":[{"href":"https:\/\/roveyayinevi.com.tr\/index.php\/wp-json\/wp\/v2\/types\/product"}],"wp:attachment":[{"href":"https:\/\/roveyayinevi.com.tr\/index.php\/wp-json\/wp\/v2\/media?parent=725987"}],"wp:term":[{"taxonomy":"product_brand","embeddable":true,"href":"https:\/\/roveyayinevi.com.tr\/index.php\/wp-json\/wp\/v2\/product_brand?post=725987"},{"taxonomy":"product_cat","embeddable":true,"href":"https:\/\/roveyayinevi.com.tr\/index.php\/wp-json\/wp\/v2\/product_cat?post=725987"},{"taxonomy":"product_tag","embeddable":true,"href":"https:\/\/roveyayinevi.com.tr\/index.php\/wp-json\/wp\/v2\/product_tag?post=725987"}],"curies":[{"name":"wp","href":"https:\/\/api.w.org\/{rel}","templated":true}]}}