{"id":725985,"date":"2025-08-27T19:58:53","date_gmt":"2025-08-27T16:58:53","guid":{"rendered":"https:\/\/roveyayinevi.com.tr\/index.php\/urun\/olu-kadinlar-memleketi\/"},"modified":"2026-04-16T02:33:41","modified_gmt":"2026-04-15T23:33:41","slug":"olu-kadinlar-memleketi","status":"publish","type":"product","link":"https:\/\/roveyayinevi.com.tr\/index.php\/urun\/olu-kadinlar-memleketi\/","title":{"rendered":"\u00d6l\u00fc Kad\u0131nlar Memleketi"},"content":{"rendered":"<p>\u201cBunun ad\u0131 cinsk\u0131r\u0131m. Kad\u0131n cinsini k\u0131r\u0131yorlar. Biz yine bakkala gidiyor, meyve se\u00e7iyor, \u00e7orap al\u0131yor, haberlere sinirleniyor, klakson \u00e7al\u0131yor, kom\u015fuya h\u00e2l hat\u0131r soruyor, dizi seyrediyoruz.\u201d Bur\u00e7e Bahad\u0131r, e\u015flerini \u00f6ld\u00fcrmekten h\u00fck\u00fcm giymi\u015f iki kad\u0131n ve \u00fc\u00e7 erkekle hapishanede konu\u015ftu. \u00d6ld\u00fcr\u00fclm\u00fc\u015f bir kad\u0131n\u0131n\u0131n babas\u0131n\u0131, bir ba\u015fkas\u0131n\u0131n ablas\u0131n\u0131 dinledi. \u0130nsanlar\u0131n, ailelerin, cinayetlerin hik\u00e2yesini yazd\u0131.Kad\u0131n cinayetleri neden politiktir? Kad\u0131n katilleri korkun\u00e7 birer cani midir yoksa s\u0131radan insanlar m\u0131? Cinayetler neden i\u015flenir, vakalar nas\u0131l sona erer? \u00d6l\u00fc Kad\u0131nlar Memleketi, failleri, ma\u011fdurlar\u0131 ve yak\u0131nlar\u0131 dinleyerek kad\u0131n cinayetlerinin sebebini anlamaya \u00e7al\u0131\u015f\u0131yor.<\/p>\n","protected":false},"excerpt":{"rendered":"<p>\u201cBunun ad\u0131 cinsk\u0131r\u0131m. Kad\u0131n cinsini k\u0131r\u0131yorlar. Biz yine bakkala gidiyor, meyve se\u00e7iyor, \u00e7orap al\u0131yor, haberlere sinirleniyor, klakson \u00e7al\u0131yor, kom\u015fuya h\u00e2l hat\u0131r soruyor, dizi seyrediyoruz.\u201d Bur\u00e7e Bahad\u0131r,<span class=\"excerpt-hellip\"> [\u2026]<\/span><\/p>\n","protected":false},"featured_media":0,"template":"","meta":{"_monsterinsights_skip_tracking":false,"_monsterinsights_sitenote_active":false,"_monsterinsights_sitenote_note":"","_monsterinsights_sitenote_category":0},"product_brand":[],"product_cat":[13252,12324],"product_tag":[],"class_list":{"0":"post-725985","1":"product","2":"type-product","3":"status-publish","5":"product_cat-kadin-calismalari","6":"product_cat-sosyoloji","7":"pa_cilt-ciltsiz","8":"pa_tur-kitap","9":"pa_yayinevi-gorunmez-adam-yayincilik","10":"pa_yazar-burce-bahadir","12":"first","13":"instock","14":"sale","15":"shipping-taxable","16":"purchasable","17":"product-type-simple"},"_links":{"self":[{"href":"https:\/\/roveyayinevi.com.tr\/index.php\/wp-json\/wp\/v2\/product\/725985","targetHints":{"allow":["GET"]}}],"collection":[{"href":"https:\/\/roveyayinevi.com.tr\/index.php\/wp-json\/wp\/v2\/product"}],"about":[{"href":"https:\/\/roveyayinevi.com.tr\/index.php\/wp-json\/wp\/v2\/types\/product"}],"wp:attachment":[{"href":"https:\/\/roveyayinevi.com.tr\/index.php\/wp-json\/wp\/v2\/media?parent=725985"}],"wp:term":[{"taxonomy":"product_brand","embeddable":true,"href":"https:\/\/roveyayinevi.com.tr\/index.php\/wp-json\/wp\/v2\/product_brand?post=725985"},{"taxonomy":"product_cat","embeddable":true,"href":"https:\/\/roveyayinevi.com.tr\/index.php\/wp-json\/wp\/v2\/product_cat?post=725985"},{"taxonomy":"product_tag","embeddable":true,"href":"https:\/\/roveyayinevi.com.tr\/index.php\/wp-json\/wp\/v2\/product_tag?post=725985"}],"curies":[{"name":"wp","href":"https:\/\/api.w.org\/{rel}","templated":true}]}}