{"id":725977,"date":"2025-08-27T19:58:45","date_gmt":"2025-08-27T16:58:45","guid":{"rendered":"https:\/\/roveyayinevi.com.tr\/index.php\/urun\/yenidogan-bakimi-ve-ilkyardim\/"},"modified":"2026-04-16T02:33:41","modified_gmt":"2026-04-15T23:33:41","slug":"yenidogan-bakimi-ve-ilkyardim","status":"publish","type":"product","link":"https:\/\/roveyayinevi.com.tr\/index.php\/urun\/yenidogan-bakimi-ve-ilkyardim\/","title":{"rendered":"Yenido\u011fan Bak\u0131m\u0131 ve \u0130lkyard\u0131m"},"content":{"rendered":"<p>Bebek bak\u0131m\u0131yla ilgili b\u00fct\u00fcn sorular\u0131n cevab\u0131 bu kitapta!Heyecan dolu hamilelik d\u00f6neminden sonra en b\u00fcy\u00fck mucizenizi kuca\u011f\u0131n\u0131za ald\u0131n\u0131z. Peki \u015fimdi ne yapacaks\u0131n\u0131z?Deneyimli hem\u015fire Esra Ertu\u011frul\u2019un haz\u0131rlad\u0131\u011f\u0131 Yenido\u011fan Bak\u0131m\u0131 ve \u0130lkyard\u0131m bebek bak\u0131m\u0131yla ilgili b\u00fct\u00fcn sorular\u0131n\u0131za cevap veriyor. Do\u011fum \u00e7antas\u0131 haz\u0131rl\u0131\u011f\u0131ndan \u00f6rnek al\u0131\u015fveri\u015f listesine, bebe\u011fi tutu\u015f pozisyonlar\u0131ndan banyo yapt\u0131rma tekniklerine, bebek beslenmesinden \u00f6rnek mama tariflerine kadar t\u00fcm merak ettiklerinizi bu kapsaml\u0131 rehberde bulacaks\u0131n\u0131z.Ayr\u0131ca kolik, sar\u0131l\u0131k gibi yenido\u011fanlarda s\u0131k g\u00f6r\u00fclen sa\u011fl\u0131k problemleri hakk\u0131nda bilgi edinirken, yaralanma, zehirlenme gibi acil durumlarda yapman\u0131z gerekenlerle ilgili de \u00e7ok \u015fey \u00f6\u011freneceksiniz. Yenido\u011fan Bak\u0131m\u0131 ve \u0130lkyard\u0131m bebe\u011finiz b\u00fcy\u00fcrken ve sonras\u0131nda da en b\u00fcy\u00fck yard\u0131mc\u0131n\u0131z olacak.<\/p>\n","protected":false},"excerpt":{"rendered":"<p>Bebek bak\u0131m\u0131yla ilgili b\u00fct\u00fcn sorular\u0131n cevab\u0131 bu kitapta!Heyecan dolu hamilelik d\u00f6neminden sonra en b\u00fcy\u00fck mucizenizi kuca\u011f\u0131n\u0131za ald\u0131n\u0131z. Peki \u015fimdi ne yapacaks\u0131n\u0131z?Deneyimli hem\u015fire Esra Ertu\u011frul\u2019un haz\u0131rlad\u0131\u011f\u0131 Yenido\u011fan<span class=\"excerpt-hellip\"> [\u2026]<\/span><\/p>\n","protected":false},"featured_media":0,"template":"","meta":{"_monsterinsights_skip_tracking":false,"_monsterinsights_sitenote_active":false,"_monsterinsights_sitenote_note":"","_monsterinsights_sitenote_category":0},"product_brand":[],"product_cat":[14902,13365],"product_tag":[],"class_list":{"0":"post-725977","1":"product","2":"type-product","3":"status-publish","5":"product_cat-annelik-ve-cocuk-bakimi","6":"product_cat-saglik","7":"pa_cilt-ciltsiz","8":"pa_tur-kitap","9":"pa_yayinevi-nemesis-kitap","10":"pa_yazar-esra-ertugrul","12":"first","13":"instock","14":"sale","15":"shipping-taxable","16":"purchasable","17":"product-type-simple"},"_links":{"self":[{"href":"https:\/\/roveyayinevi.com.tr\/index.php\/wp-json\/wp\/v2\/product\/725977","targetHints":{"allow":["GET"]}}],"collection":[{"href":"https:\/\/roveyayinevi.com.tr\/index.php\/wp-json\/wp\/v2\/product"}],"about":[{"href":"https:\/\/roveyayinevi.com.tr\/index.php\/wp-json\/wp\/v2\/types\/product"}],"wp:attachment":[{"href":"https:\/\/roveyayinevi.com.tr\/index.php\/wp-json\/wp\/v2\/media?parent=725977"}],"wp:term":[{"taxonomy":"product_brand","embeddable":true,"href":"https:\/\/roveyayinevi.com.tr\/index.php\/wp-json\/wp\/v2\/product_brand?post=725977"},{"taxonomy":"product_cat","embeddable":true,"href":"https:\/\/roveyayinevi.com.tr\/index.php\/wp-json\/wp\/v2\/product_cat?post=725977"},{"taxonomy":"product_tag","embeddable":true,"href":"https:\/\/roveyayinevi.com.tr\/index.php\/wp-json\/wp\/v2\/product_tag?post=725977"}],"curies":[{"name":"wp","href":"https:\/\/api.w.org\/{rel}","templated":true}]}}