{"id":725976,"date":"2025-08-27T19:58:44","date_gmt":"2025-08-27T16:58:44","guid":{"rendered":"https:\/\/roveyayinevi.com.tr\/index.php\/urun\/avci\/"},"modified":"2026-04-16T02:33:41","modified_gmt":"2026-04-15T23:33:41","slug":"avci","status":"publish","type":"product","link":"https:\/\/roveyayinevi.com.tr\/index.php\/urun\/avci\/","title":{"rendered":"Avc\u0131"},"content":{"rendered":"<p>Rakipsiz iz s\u00fcrme becerileri sayesinde muhaf\u0131z alay\u0131nda Avc\u0131 lakab\u0131yla an\u0131lan Ewen Lamont, tehlikeli bir g\u00f6revi kabul eder: Krall\u0131ktaki en gizli bilgileri ta\u015f\u0131yan ula\u011f\u0131n, yani Rahibe Genna\u2019n\u0131n yerini tespit edecek ve onu koruyacakt\u0131r. Ancak bu s\u0131radan bir g\u00f6rev de\u011fildir. Ewen, gen\u00e7 ve g\u00fczel av\u0131yla daha \u00f6nce kar\u015f\u0131la\u015fm\u0131\u015f hatta sonsuza dek haf\u0131zas\u0131na kaz\u0131nacak \u00e7al\u0131nt\u0131, g\u00fcnahk\u00e2r bir \u00f6p\u00fcc\u00fck payla\u015fm\u0131\u015ft\u0131r. Gen\u00e7 kad\u0131n\u0131 g\u00fcvende tutmaya kararl\u0131 olan Ewen, aralar\u0131ndaki yasaklar kalkt\u0131\u011f\u0131nda onun cazibesine kar\u015f\u0131 koymak zorunda kalacak ve bu, ola\u011fan\u00fcst\u00fc yeteneklerine ra\u011fmen kar\u015f\u0131la\u015ft\u0131\u011f\u0131 en zorlu sava\u015f olacakt\u0131r.\u00dc\u00e7 y\u0131l \u00f6nce ikiz k\u0131z karde\u015fini kurtarma giri\u015fimi bir felaketle sonu\u00e7lanan Janet, bu hatas\u0131n\u0131 telafi etmek i\u00e7in kimli\u011fini de\u011fi\u015ftirerek rahibe k\u0131l\u0131\u011f\u0131na girer ve kral\u0131n en g\u00fcvendi\u011fi ula\u011f\u0131 olarak g\u00f6reve ba\u015flar. Her \u015fey yolundad\u0131r. Ta ki sert, \u015fehvetli \u00f6p\u00fcc\u00fckleriyle i\u00e7inde ink\u00e2r edilemeyecek duygular uyand\u0131ran yak\u0131\u015f\u0131kl\u0131 bir sava\u015f\u00e7\u0131ya teslim olana kadar\u2026 Fakat krall\u0131\u011f\u0131n gelece\u011fini belirleyecek \u00e7ok \u00f6nemli bir mesaj d\u00fc\u015fman\u0131n eline ge\u00e7ti\u011finde, Janet\u2019in her \u015feyi bulabilen bir avc\u0131ya g\u00fcvenmesi gerekecektir. Peki, y\u00fcre\u011fini de ona emanet edebilecek midir?.<\/p>\n","protected":false},"excerpt":{"rendered":"<p>Rakipsiz iz s\u00fcrme becerileri sayesinde muhaf\u0131z alay\u0131nda Avc\u0131 lakab\u0131yla an\u0131lan Ewen Lamont, tehlikeli bir g\u00f6revi kabul eder: Krall\u0131ktaki en gizli bilgileri ta\u015f\u0131yan ula\u011f\u0131n, yani Rahibe Genna\u2019n\u0131n<span class=\"excerpt-hellip\"> [\u2026]<\/span><\/p>\n","protected":false},"featured_media":0,"template":"","meta":{"_monsterinsights_skip_tracking":false,"_monsterinsights_sitenote_active":false,"_monsterinsights_sitenote_note":"","_monsterinsights_sitenote_category":0},"product_brand":[],"product_cat":[12291,12711],"product_tag":[],"class_list":{"0":"post-725976","1":"product","2":"type-product","3":"status-publish","5":"product_cat-edebiyat","6":"product_cat-roman-oyku","7":"pa_cilt-ciltsiz","8":"pa_tur-kitap","9":"pa_yayinevi-nemesis-kitap","10":"pa_yazar-monica-mccarty","12":"first","13":"instock","14":"sale","15":"shipping-taxable","16":"purchasable","17":"product-type-simple"},"_links":{"self":[{"href":"https:\/\/roveyayinevi.com.tr\/index.php\/wp-json\/wp\/v2\/product\/725976","targetHints":{"allow":["GET"]}}],"collection":[{"href":"https:\/\/roveyayinevi.com.tr\/index.php\/wp-json\/wp\/v2\/product"}],"about":[{"href":"https:\/\/roveyayinevi.com.tr\/index.php\/wp-json\/wp\/v2\/types\/product"}],"wp:attachment":[{"href":"https:\/\/roveyayinevi.com.tr\/index.php\/wp-json\/wp\/v2\/media?parent=725976"}],"wp:term":[{"taxonomy":"product_brand","embeddable":true,"href":"https:\/\/roveyayinevi.com.tr\/index.php\/wp-json\/wp\/v2\/product_brand?post=725976"},{"taxonomy":"product_cat","embeddable":true,"href":"https:\/\/roveyayinevi.com.tr\/index.php\/wp-json\/wp\/v2\/product_cat?post=725976"},{"taxonomy":"product_tag","embeddable":true,"href":"https:\/\/roveyayinevi.com.tr\/index.php\/wp-json\/wp\/v2\/product_tag?post=725976"}],"curies":[{"name":"wp","href":"https:\/\/api.w.org\/{rel}","templated":true}]}}