{"id":725973,"date":"2025-08-27T19:58:41","date_gmt":"2025-08-27T16:58:41","guid":{"rendered":"https:\/\/roveyayinevi.com.tr\/index.php\/urun\/odysseia-4\/"},"modified":"2026-04-16T02:33:41","modified_gmt":"2026-04-15T23:33:41","slug":"odysseia-4","status":"publish","type":"product","link":"https:\/\/roveyayinevi.com.tr\/index.php\/urun\/odysseia-4\/","title":{"rendered":"Odysseia"},"content":{"rendered":"<p>Efsanevi sava\u015f\u00e7\u0131 Odysseus, Truva Sava\u015f\u0131\u2019n\u0131n ard\u0131ndan \u0130thaka\u2019daki evine d\u00f6nmek \u00fczere adamlar\u0131yla birlikte denize a\u00e7\u0131ld\u0131\u011f\u0131nda, ba\u015f\u0131na gelecek felaketlerdenhaberdar de\u011fildir.Bu zorlu yolculukta onlar\u0131, insan yiyen devler, korkun\u00e7 tepeg\u00f6z ve alt\u0131 ba\u015fl\u0131canavar Skylla beklemektedir. Ayr\u0131ca sinsi sirenlerin ve zalim bir b\u00fcy\u00fcc\u00fcn\u00fcn de\u00fcstesinden gelmek zorunda kalacaklard\u0131r.Kahraman Odysseus, t\u00fcm bu zorluklar\u0131 hem zek\u00e2s\u0131yla, hem de ona destek olantanr\u0131lar\u0131n yard\u0131m\u0131yla a\u015fmaya ve onu senelerdir b\u00fcy\u00fck bir \u00f6zlemle bekleyen e\u015five o\u011fluna kavu\u015fmaya \u00e7al\u0131\u015facakt\u0131r.<\/p>\n","protected":false},"excerpt":{"rendered":"<p>Efsanevi sava\u015f\u00e7\u0131 Odysseus, Truva Sava\u015f\u0131\u2019n\u0131n ard\u0131ndan \u0130thaka\u2019daki evine d\u00f6nmek \u00fczere adamlar\u0131yla birlikte denize a\u00e7\u0131ld\u0131\u011f\u0131nda, ba\u015f\u0131na gelecek felaketlerdenhaberdar de\u011fildir.Bu zorlu yolculukta onlar\u0131, insan yiyen devler, korkun\u00e7 tepeg\u00f6z<span class=\"excerpt-hellip\"> [\u2026]<\/span><\/p>\n","protected":false},"featured_media":0,"template":"","meta":{"_monsterinsights_skip_tracking":false,"_monsterinsights_sitenote_active":false,"_monsterinsights_sitenote_note":"","_monsterinsights_sitenote_category":0},"product_brand":[],"product_cat":[12416,12291],"product_tag":[],"class_list":{"0":"post-725973","1":"product","2":"type-product","3":"status-publish","5":"product_cat-cizgi-roman","6":"product_cat-edebiyat","7":"pa_cilt-ciltsiz","8":"pa_tur-kitap","9":"pa_yayinevi-remzi-kitabevi","10":"pa_yazar-russell-punter-andrea-da-rold","12":"first","13":"instock","14":"sale","15":"shipping-taxable","16":"purchasable","17":"product-type-simple"},"_links":{"self":[{"href":"https:\/\/roveyayinevi.com.tr\/index.php\/wp-json\/wp\/v2\/product\/725973","targetHints":{"allow":["GET"]}}],"collection":[{"href":"https:\/\/roveyayinevi.com.tr\/index.php\/wp-json\/wp\/v2\/product"}],"about":[{"href":"https:\/\/roveyayinevi.com.tr\/index.php\/wp-json\/wp\/v2\/types\/product"}],"wp:attachment":[{"href":"https:\/\/roveyayinevi.com.tr\/index.php\/wp-json\/wp\/v2\/media?parent=725973"}],"wp:term":[{"taxonomy":"product_brand","embeddable":true,"href":"https:\/\/roveyayinevi.com.tr\/index.php\/wp-json\/wp\/v2\/product_brand?post=725973"},{"taxonomy":"product_cat","embeddable":true,"href":"https:\/\/roveyayinevi.com.tr\/index.php\/wp-json\/wp\/v2\/product_cat?post=725973"},{"taxonomy":"product_tag","embeddable":true,"href":"https:\/\/roveyayinevi.com.tr\/index.php\/wp-json\/wp\/v2\/product_tag?post=725973"}],"curies":[{"name":"wp","href":"https:\/\/api.w.org\/{rel}","templated":true}]}}