{"id":725971,"date":"2025-08-27T19:58:39","date_gmt":"2025-08-27T16:58:39","guid":{"rendered":"https:\/\/roveyayinevi.com.tr\/index.php\/urun\/baskervillelerin-kopegi-2\/"},"modified":"2026-04-16T02:33:41","modified_gmt":"2026-04-15T23:33:41","slug":"baskervillelerin-kopegi-2","status":"publish","type":"product","link":"https:\/\/roveyayinevi.com.tr\/index.php\/urun\/baskervillelerin-kopegi-2\/","title":{"rendered":"Baskerville\u2019lerin K\u00f6pe\u011fi"},"content":{"rendered":"<p>Sir Charles Baskerville, bir gece kona\u011f\u0131n\u0131n bah\u00e7esinde dola\u015f\u0131rken gizemli bir\u015fekilde \u00f6l\u00fcnce, \u00fcnl\u00fc dedektif Sherlock Holmes devreye girer.Sir Charles ku\u015faklar \u00f6ncesine kadar uzanan korkun\u00e7 Baskerville lanetininkurban\u0131 m\u0131 olmu\u015ftur?Holmes, yard\u0131mc\u0131s\u0131 Watson\u2019la birlikte Baskerville\u2019lerin K\u00f6pe\u011fi vakas\u0131n\u0131 \u00e7\u00f6zebilmek i\u00e7in t\u00fcm becerilerini ortaya koymak zorundad\u0131r.<\/p>\n","protected":false},"excerpt":{"rendered":"<p>Sir Charles Baskerville, bir gece kona\u011f\u0131n\u0131n bah\u00e7esinde dola\u015f\u0131rken gizemli bir\u015fekilde \u00f6l\u00fcnce, \u00fcnl\u00fc dedektif Sherlock Holmes devreye girer.Sir Charles ku\u015faklar \u00f6ncesine kadar uzanan korkun\u00e7 Baskerville lanetininkurban\u0131 m\u0131<span class=\"excerpt-hellip\"> [\u2026]<\/span><\/p>\n","protected":false},"featured_media":0,"template":"","meta":{"_monsterinsights_skip_tracking":false,"_monsterinsights_sitenote_active":false,"_monsterinsights_sitenote_note":"","_monsterinsights_sitenote_category":0},"product_brand":[],"product_cat":[12689,12274],"product_tag":[],"class_list":{"0":"post-725971","1":"product","2":"type-product","3":"status-publish","5":"product_cat-cizgi-roman-cocuk-ve-genclik-kitaplari","6":"product_cat-cocuk-ve-genclik-kitaplari","7":"pa_cilt-ciltsiz","8":"pa_tur-kitap","9":"pa_yayinevi-remzi-kitabevi","10":"pa_yazar-russell-punter-andrea-da-rold","12":"first","13":"instock","14":"sale","15":"shipping-taxable","16":"purchasable","17":"product-type-simple"},"_links":{"self":[{"href":"https:\/\/roveyayinevi.com.tr\/index.php\/wp-json\/wp\/v2\/product\/725971","targetHints":{"allow":["GET"]}}],"collection":[{"href":"https:\/\/roveyayinevi.com.tr\/index.php\/wp-json\/wp\/v2\/product"}],"about":[{"href":"https:\/\/roveyayinevi.com.tr\/index.php\/wp-json\/wp\/v2\/types\/product"}],"wp:attachment":[{"href":"https:\/\/roveyayinevi.com.tr\/index.php\/wp-json\/wp\/v2\/media?parent=725971"}],"wp:term":[{"taxonomy":"product_brand","embeddable":true,"href":"https:\/\/roveyayinevi.com.tr\/index.php\/wp-json\/wp\/v2\/product_brand?post=725971"},{"taxonomy":"product_cat","embeddable":true,"href":"https:\/\/roveyayinevi.com.tr\/index.php\/wp-json\/wp\/v2\/product_cat?post=725971"},{"taxonomy":"product_tag","embeddable":true,"href":"https:\/\/roveyayinevi.com.tr\/index.php\/wp-json\/wp\/v2\/product_tag?post=725971"}],"curies":[{"name":"wp","href":"https:\/\/api.w.org\/{rel}","templated":true}]}}