{"id":725969,"date":"2025-08-27T19:58:37","date_gmt":"2025-08-27T16:58:37","guid":{"rendered":"https:\/\/roveyayinevi.com.tr\/index.php\/urun\/kan-kardesim-dorutay\/"},"modified":"2026-04-16T02:33:41","modified_gmt":"2026-04-15T23:33:41","slug":"kan-kardesim-dorutay","status":"publish","type":"product","link":"https:\/\/roveyayinevi.com.tr\/index.php\/urun\/kan-kardesim-dorutay\/","title":{"rendered":"Kan Karde\u015fim Dorutay"},"content":{"rendered":"<p>Anadolu\u2019nun y\u00fcce mi y\u00fcce da\u011flar\u0131n\u0131n birinde, \u00c7aml\u0131bel denilen bir yer varm\u0131\u015f.Bu \u00c7aml\u0131bel\u2019in yi\u011fitleri pek yaman pek cesurmu\u015f. Halka yap\u0131lan k\u00f6t\u00fcl\u00fcklere kar\u015f\u0131 \u00e7\u0131kan \u00c7aml\u0131bel yi\u011fitlerinin her birinin ayr\u0131 maceras\u0131, ayr\u0131 destan\u0131 varm\u0131\u015f. Babas\u0131n\u0131 \u00e7ok k\u00fc\u00e7\u00fckken kaybetmi\u015f olan Demircio\u011flu da duymu\u015ftur bu destanlar\u0131, K\u00f6se Kenan\u2019\u0131, Arap Reyhan\u2019\u0131, Ayvaz\u2019\u0131&#8230; Her birinin hik\u00e2yesi dillere destanm\u0131\u015f destan olmas\u0131na ama k\u0131rk yi\u011fidin k\u0131rk\u0131n\u0131n da sevip sayd\u0131\u011f\u0131 K\u00f6ro\u011flu ba\u015fkaym\u0131\u015f. Demircio\u011flu en \u00e7ok onu merak eder, en \u00e7ok onu g\u00f6rmek istermi\u015f. G\u00fcnlerden bir g\u00fcn, bir halk \u00e2\u015f\u0131\u011f\u0131ndan duydu\u011fu d\u00f6rtl\u00fc\u011f\u00fcn \u00e7a\u011fr\u0131s\u0131na uyarak zalim ustas\u0131n\u0131n yan\u0131ndan ayr\u0131lmaya karar vermi\u015f&#8230;K\u00f6ro\u011flu\u2019yum kayalar\u0131 yarar\u0131m \/ Halk\u0131n k\u0131l\u0131c\u0131y\u0131m hakk\u0131 arar\u0131m \/ \u015eahtan, padi\u015fahtan hesap sorar\u0131m \/ Uykudan uyanan kat\u0131l\u0131r bana\u00dcM\u0130T KAFTANCIO\u011eLU1934 y\u0131l\u0131nda Ardahan\u2019\u0131n Hanak il\u00e7esinin Saskara (Koyunp\u0131nar) k\u00f6y\u00fcnde do\u011far. 1957 y\u0131l\u0131nda mezun oldu\u011fu Cilavuz K\u00f6y Enstit\u00fcs\u00fc insanl\u0131\u011f\u0131 \u00f6\u011frendi\u011fi yer olur. 1964 y\u0131l\u0131nda TRT\u2019nin a\u00e7t\u0131\u011f\u0131 s\u0131nav\u0131 kazanarak TRT\u2019nin K\u00f6y Yay\u0131nlar\u0131 b\u00f6l\u00fcm\u00fcne girer.TRT \u0130stanbul Radyosu\u2019nda halk k\u00fclt\u00fcr\u00fcn\u00fcn tan\u0131t\u0131ld\u0131\u011f\u0131 \u201cAv Bizim Avlak Bizim\u201d, \u201cDilden Dile\u201d ve \u201cYurdun D\u00f6rt Buca\u011f\u0131ndan\u201d programlar\u0131n\u0131 haz\u0131rlar. \u201cEvre\u015fe Yollar\u0131 Dar\u201d ve \u201cY\u00fcksek Y\u00fcksek Tepelere Ev Kurmas\u0131nlar\u201d gibi t\u00fcrk\u00fcler de i\u00e7inde olmak \u00fczere \u00e7ok say\u0131da t\u00fcrk\u00fcy\u00fc derleyerek halk m\u00fczi\u011fine kazand\u0131r\u0131r. \u0130lk \u00f6yk\u00fcs\u00fc 1955 y\u0131l\u0131nda Varl\u0131k dergisinde, \u201cSihirli Halka\u201d adl\u0131 \u00f6yk\u00fcs\u00fc ise Cumhuriyet gazetesinde yay\u0131mlan\u0131r. E\u011fitim e\u015fitsizli\u011fini anlatt\u0131\u011f\u0131 D\u00f6neme\u00e7, 1970 TRT \u00f6yk\u00fc yar\u0131\u015fmas\u0131nda Osman \u015eahin\u2019le birlikte birincilik \u00f6d\u00fcl\u00fcn\u00fc payla\u015f\u0131r. \u0130ki y\u0131l sonra, Nisan 1972\u2019de, D\u00f6neme\u00e7\u2019in de i\u00e7inde yer ald\u0131\u011f\u0131 ilk \u00f6yk\u00fcler toplam\u0131 ayn\u0131 adla Remzi Kitabevi taraf\u0131ndan yay\u0131mlan\u0131r.Ayn\u0131 y\u0131l, \u201cHac\u0131 Bekta\u015f\u0131n G\u00f6lgesinde S\u00f6m\u00fcr\u00fc\u201d \u00fcst ba\u015fl\u0131\u011f\u0131yla yay\u0131mlanan  Hakullah r\u00f6portaj\u0131 d\u00f6nemin \u00f6nemli \u00f6d\u00fcllerinden olan Karacan \u00f6d\u00fcl\u00fcne de\u011fer g\u00f6r\u00fcl\u00fcr. 1972 y\u0131l\u0131nda, Yelatan roman\u0131n\u0131 yay\u0131mlar. Ardahan Kars y\u00f6resi masallar\u0131n\u0131 kendine \u00f6zg\u00fc uslubuyla yeniden yazd\u0131\u011f\u0131 Tek Atl\u0131 Tekin Olmaz, d\u00f6nemin \u00f6nemli \u00e7izerlerinden Fahri Karag\u00f6zo\u011flu\u2019nun desenleriyle birlikte 1973 y\u0131l\u0131nda okuyucuyla bulu\u015fur.1974 y\u0131l\u0131nda, devlet taraf\u0131ndan desteklenen a\u015firet ve a\u011fal\u0131k d\u00fczenine y\u00f6nelik g\u00fc\u00e7l\u00fc ele\u015ftiriler i\u00e7eren T\u00fcfekliler roman\u0131 ve K\u00f6ro\u011fluyla ilgili yap\u0131lm\u0131\u015f en iyi \u00e7al\u0131\u015fmalardan biri olan K\u00f6ro\u011flu Kollar\u0131 Halk Destanlar\u0131 Remzi Kitabevi\u2019nce yay\u0131mlan\u0131r. 1974 sonras\u0131 Anadolu masallar\u0131ndan olu\u015fan bir se\u00e7kiyi Kekeme Tav\u015fan ad\u0131yla kitapla\u015ft\u0131r\u0131r. 1975 y\u0131l\u0131nda \u00c7arpana adl\u0131 \u00f6yk\u00fc kitab\u0131n\u0131, 1977\u2019de K\u00f6ro\u011flu hik\u00e2yelerine farkl\u0131 bir bak\u0131\u015f\u0131 temsil eden, \u00e7ocuklar i\u00e7in yaz\u0131lan Kankarde\u015fim Dorutay\u2019\u0131 yay\u0131mlar. 1979\u2019da D\u00f6rt Boynuzlu Ko\u00e7 adl\u0131 \u00e7ocuk kitab\u0131 ve K\u00f6ro\u011flu destanlar\u0131 \u00e7al\u0131\u015fmas\u0131n\u0131n geni\u015fletilmi\u015f halini i\u00e7eren K\u00f6ro\u011flu Kol Destanlar\u0131 K\u00fclt\u00fcr Bakanl\u0131\u011f\u0131 Yay\u0131nlar\u0131 taraf\u0131ndan yay\u0131mlan\u0131r. 1980 y\u0131l\u0131nda \u00c7oban Ge\u00e7mez adl\u0131 an\u0131-hik\u00e2ye kitab\u0131 ve sava\u015f kar\u015f\u0131tl\u0131\u011f\u0131n\u0131n i\u015flendi\u011fi \u00e7ocuk roman\u0131 \u00c7izmelerim Ke\u00e7eden okuyucuyla bulu\u015fur. 1979 Haziran\u0131\u2019nda Alt\u0131n Ekin adl\u0131 roman\u0131, h\u00fck\u00fcmet de\u011fi\u015fikli\u011fi sonras\u0131 toplat\u0131l\u0131r. 11 Nisan 1980 tarihinde; halk d\u00fc\u015fmanlar\u0131n\u0131n kendisini hedef g\u00f6stermesinin hemen sonras\u0131nda evinin \u00f6n\u00fcnde pusuya d\u00fc\u015f\u00fcr\u00fclerek \u00f6ld\u00fcr\u00fcl\u00fcr. \u015e\u00fclg\u00fcr Deresi adl\u0131 \u00e7ocuk kitab\u0131, yay\u0131mlanmam\u0131\u015f kent ve k\u0131r \u00f6yk\u00fclerinden olu\u015fan \u0130stanbul Allak Bullak adl\u0131 \u00e7al\u0131\u015fmas\u0131, H\u0131z\u0131r Pa\u015fa ve K\u00f6ro\u011flu Kollar\u0131 Halk Destanlar\u0131 i\u00e7inde yer alan Sali Bey destan\u0131 YAZKO Yay\u0131nlar\u0131 taraf\u0131ndan Salih Bey ismiyle , Hakullah r\u00f6portaj\u0131 ise di\u011fer r\u00f6portajlar\u0131yla birlikte ayn\u0131 adla Su Yay\u0131nlar\u0131 taraf\u0131ndan \u00f6l\u00fcm\u00fcnden sonra yay\u0131mlan\u0131r. <\/p>\n","protected":false},"excerpt":{"rendered":"<p>Anadolu\u2019nun y\u00fcce mi y\u00fcce da\u011flar\u0131n\u0131n birinde, \u00c7aml\u0131bel denilen bir yer varm\u0131\u015f.Bu \u00c7aml\u0131bel\u2019in yi\u011fitleri pek yaman pek cesurmu\u015f. Halka yap\u0131lan k\u00f6t\u00fcl\u00fcklere kar\u015f\u0131 \u00e7\u0131kan \u00c7aml\u0131bel yi\u011fitlerinin her birinin<span class=\"excerpt-hellip\"> [\u2026]<\/span><\/p>\n","protected":false},"featured_media":0,"template":"","meta":{"_monsterinsights_skip_tracking":false,"_monsterinsights_sitenote_active":false,"_monsterinsights_sitenote_note":"","_monsterinsights_sitenote_category":0},"product_brand":[],"product_cat":[12291,12711],"product_tag":[],"class_list":{"0":"post-725969","1":"product","2":"type-product","3":"status-publish","5":"product_cat-edebiyat","6":"product_cat-roman-oyku","7":"pa_cilt-ciltsiz","8":"pa_tur-kitap","9":"pa_yayinevi-dinozor-cocuk","10":"pa_yazar-umit-kaftancioglu","12":"first","13":"instock","14":"sale","15":"shipping-taxable","16":"purchasable","17":"product-type-simple"},"_links":{"self":[{"href":"https:\/\/roveyayinevi.com.tr\/index.php\/wp-json\/wp\/v2\/product\/725969","targetHints":{"allow":["GET"]}}],"collection":[{"href":"https:\/\/roveyayinevi.com.tr\/index.php\/wp-json\/wp\/v2\/product"}],"about":[{"href":"https:\/\/roveyayinevi.com.tr\/index.php\/wp-json\/wp\/v2\/types\/product"}],"wp:attachment":[{"href":"https:\/\/roveyayinevi.com.tr\/index.php\/wp-json\/wp\/v2\/media?parent=725969"}],"wp:term":[{"taxonomy":"product_brand","embeddable":true,"href":"https:\/\/roveyayinevi.com.tr\/index.php\/wp-json\/wp\/v2\/product_brand?post=725969"},{"taxonomy":"product_cat","embeddable":true,"href":"https:\/\/roveyayinevi.com.tr\/index.php\/wp-json\/wp\/v2\/product_cat?post=725969"},{"taxonomy":"product_tag","embeddable":true,"href":"https:\/\/roveyayinevi.com.tr\/index.php\/wp-json\/wp\/v2\/product_tag?post=725969"}],"curies":[{"name":"wp","href":"https:\/\/api.w.org\/{rel}","templated":true}]}}