{"id":725968,"date":"2025-08-27T19:58:36","date_gmt":"2025-08-27T16:58:36","guid":{"rendered":"https:\/\/roveyayinevi.com.tr\/index.php\/urun\/bandirma-roket-kulubu\/"},"modified":"2026-04-16T02:33:41","modified_gmt":"2026-04-15T23:33:41","slug":"bandirma-roket-kulubu","status":"publish","type":"product","link":"https:\/\/roveyayinevi.com.tr\/index.php\/urun\/bandirma-roket-kulubu\/","title":{"rendered":"Band\u0131rma Roket Kul\u00fcb\u00fc"},"content":{"rendered":"<p>Sevilen yazar Ahmet \u015eerif \u0130zg\u00f6ren, ya\u015fanm\u0131\u015f olaylardan esinlenerek yazd\u0131\u011f\u0131 yeni \u00e7ocuk roman\u0131nda gen\u00e7 okurlara giri\u015fimcilik s\u00f6zleri f\u0131s\u0131ld\u0131yor. Heyecan i\u00e7inde ak\u0131p giden bu \u00fcmitvar kitab\u0131 okurken, bir ilki ger\u00e7ekle\u015ftirmek i\u00e7in sorumluluk \u00fcstlenen be\u015f arkada\u015f\u0131n hayallerine tan\u0131kl\u0131k edecek, havac\u0131l\u0131k tarihimizin \u00f6nemli noktalar\u0131nda gezinecek, bu tarihe emek veren baz\u0131 isimlerle tan\u0131\u015facaks\u0131n\u0131z. \u201cOkurla Sohbet\u201d b\u00f6l\u00fcm\u00fc de yine okuruyla g\u00f6z g\u00f6ze gelmek \u00fczere sizi bekliyor.\u201cHi\u00e7 d\u00f6n\u00fcp bakmay\u0131n. G\u00fcne\u015fi arkan\u0131za al\u0131rsan\u0131z sadece g\u00f6lge g\u00f6r\u00fcrs\u00fcn\u00fcz, g\u00fcne\u015fe do\u011fru d\u00f6nerseniz g\u00f6lgeler arkan\u0131zda kal\u0131r. B\u0131rak\u0131n arkan\u0131zda kals\u0131n g\u00f6lgeler.\u201dBu topraklarda uzay ara\u015ft\u0131rmalar\u0131 yapmay\u0131, Ay\u2019a roket g\u00f6ndermeyi tutkuyla istediler. BUM\u2019da g\u00fcmb\u00fcr g\u00fcmb\u00fcr, ne\u015feli ad\u0131mlarla \u00e7al\u0131\u015fmaya ba\u015flad\u0131lar. T\u00fcm \u015fartlar\u0131 zorlad\u0131lar. \u00d6nlerinde bir de yar\u0131\u015fma var. Acaba kul\u00fcp \u00fcyeleri o roketi yapabilecek mi? Hepsinden \u00f6nemlisi, roketleri g\u00f6kte gururla s\u00fcz\u00fclebilecek mi?Be\u015f arkada\u015f\u0131n havac\u0131l\u0131k tarihimize kaz\u0131nm\u0131\u015f maceralar\u0131 sizin de ayaklar\u0131n\u0131z\u0131 yerden kesecek. Siz yeter ki isteyin, bekleyen o \u0131l\u0131man hava hep haz\u0131rd\u0131r hayallerinizi kucaklamaya. Yeter ki isteyin, yeter ki\u2026<\/p>\n","protected":false},"excerpt":{"rendered":"<p>Sevilen yazar Ahmet \u015eerif \u0130zg\u00f6ren, ya\u015fanm\u0131\u015f olaylardan esinlenerek yazd\u0131\u011f\u0131 yeni \u00e7ocuk roman\u0131nda gen\u00e7 okurlara giri\u015fimcilik s\u00f6zleri f\u0131s\u0131ld\u0131yor. Heyecan i\u00e7inde ak\u0131p giden bu \u00fcmitvar kitab\u0131 okurken, bir<span class=\"excerpt-hellip\"> [\u2026]<\/span><\/p>\n","protected":false},"featured_media":0,"template":"","meta":{"_monsterinsights_skip_tracking":false,"_monsterinsights_sitenote_active":false,"_monsterinsights_sitenote_note":"","_monsterinsights_sitenote_category":0},"product_brand":[],"product_cat":[12274,12284],"product_tag":[],"class_list":{"0":"post-725968","1":"product","2":"type-product","3":"status-publish","5":"product_cat-cocuk-ve-genclik-kitaplari","6":"product_cat-hikayeler","7":"pa_cilt-ciltsiz","8":"pa_tur-kitap","9":"pa_yayinevi-elma-cocuk","10":"pa_yazar-ahmet-serif-izgoren","12":"first","13":"instock","14":"sale","15":"shipping-taxable","16":"purchasable","17":"product-type-simple"},"_links":{"self":[{"href":"https:\/\/roveyayinevi.com.tr\/index.php\/wp-json\/wp\/v2\/product\/725968","targetHints":{"allow":["GET"]}}],"collection":[{"href":"https:\/\/roveyayinevi.com.tr\/index.php\/wp-json\/wp\/v2\/product"}],"about":[{"href":"https:\/\/roveyayinevi.com.tr\/index.php\/wp-json\/wp\/v2\/types\/product"}],"wp:attachment":[{"href":"https:\/\/roveyayinevi.com.tr\/index.php\/wp-json\/wp\/v2\/media?parent=725968"}],"wp:term":[{"taxonomy":"product_brand","embeddable":true,"href":"https:\/\/roveyayinevi.com.tr\/index.php\/wp-json\/wp\/v2\/product_brand?post=725968"},{"taxonomy":"product_cat","embeddable":true,"href":"https:\/\/roveyayinevi.com.tr\/index.php\/wp-json\/wp\/v2\/product_cat?post=725968"},{"taxonomy":"product_tag","embeddable":true,"href":"https:\/\/roveyayinevi.com.tr\/index.php\/wp-json\/wp\/v2\/product_tag?post=725968"}],"curies":[{"name":"wp","href":"https:\/\/api.w.org\/{rel}","templated":true}]}}