{"id":725967,"date":"2025-08-27T19:58:34","date_gmt":"2025-08-27T16:58:34","guid":{"rendered":"https:\/\/roveyayinevi.com.tr\/index.php\/urun\/insan-neyle-yasar-5\/"},"modified":"2025-09-25T06:12:55","modified_gmt":"2025-09-25T03:12:55","slug":"insan-neyle-yasar-5","status":"publish","type":"product","link":"https:\/\/roveyayinevi.com.tr\/index.php\/urun\/insan-neyle-yasar-5\/","title":{"rendered":"\u0130nsan Neyle Ya\u015far?"},"content":{"rendered":"<p>\u00dcnl\u00fc yazardan sevgi, \u015fefkat ve ihtiras \u00fcst\u00fcne \u00fc\u00e7 \u00f6yk\u00fc&#8230;\u201c\u0130nsan Neyle Ya\u015far?\u201d, \u201c\u0130nsan\u0131n Ne Kadar Topra\u011fa \u0130htiyac\u0131 Var?\u201dve \u201cK\u0131v\u0131lc\u0131m\u0131 S\u00f6nd\u00fcrmeyen Yang\u0131n\u0131 \u00d6nleyemez\u201d d\u00fcnya edebiyat\u0131n\u0131n en b\u00fcy\u00fck yazarlar\u0131ndan biri olan Lev N. Tolstoy\u2019un yazd\u0131\u011f\u0131 \u00fc\u00e7 uzun \u00f6yk\u00fcd\u00fcr. Her \u00fc\u00e7 \u00f6yk\u00fc de birer fabl havas\u0131nda ve ak\u0131c\u0131 bir dille kaleme al\u0131nm\u0131\u015ft\u0131r.Yazar, \u201c\u0130nsan Neyle Ya\u015far?\u201dda insan y\u00fcre\u011finin sevgiyle dolu oldu\u011funu, bunu daha \u00f6nce hi\u00e7 tan\u0131mad\u0131\u011f\u0131 birine bile g\u00f6sterebildi\u011fini ve insan\u0131 ya\u015fatan \u015feyin sevgi oldu\u011funu anlat\u0131r.\u201c\u0130nsan\u0131n Ne Kadar Topra\u011fa \u0130htiyac\u0131 Var?\u201dda ele al\u0131nan konu ise, ihtiras\u0131n\u0131n tutsa\u011f\u0131 olan bir bireyin kaderidir.\u201cK\u0131v\u0131lc\u0131m\u0131 S\u00f6nd\u00fcrmeyen Yang\u0131n\u0131 \u00d6nleyemez\u201dde anlat\u0131lan da: \u00f6fkeyi, k\u0131zg\u0131nl\u0131\u011f\u0131 s\u00fcrd\u00fcrerek, kin g\u00fcderek hi\u00e7bir yere var\u0131lamayaca\u011f\u0131 ve bu t\u00fcr tutumlardan insan\u0131n kendisinin de zarar g\u00f6rece\u011fidir.Lev N. Tolstoy: 1828\u2019de Tula yak\u0131nlar\u0131ndaki Yasnaya Polyana\u2019da do\u011fdu. Toprak sahibi zengin bir ailenin o\u011fluydu. K\u00fc\u00e7\u00fck ya\u015fta \u00f6nce annesini sonra babas\u0131n\u0131 kaybedince yak\u0131nlar\u0131n\u0131n elinde b\u00fcy\u00fcd\u00fc. Kazan \u00dcniversitesi\u2019ndeki ba\u015far\u0131s\u0131z \u00f6\u011frencilik y\u0131llar\u0131ndan sonra 1851 y\u0131l\u0131na de\u011fin ya\u015fam\u0131n\u0131 e\u011flenceyle ge\u00e7irdi. Yasnaya Polyana\u2019ya d\u00f6nd\u00fc ve Moskova, Tula ve St. Petersburg\u2019da kayg\u0131s\u0131z ve aylak bir hayat s\u00fcrd\u00fc. \u0130lk eseri olan \u00c7ocuklu\u011fum\u2019u bu s\u0131rada yazd\u0131. En \u00fcnl\u00fc romanlar\u0131 olan Sava\u015f ve Bar\u0131\u015f (1869) ile Anna Karenina\u2019y\u0131 (1877) d\u00fczenli bir hayat ya\u015fad\u0131\u011f\u0131 bu s\u00fcre\u00e7te yazd\u0131. 1901\u2019de, d\u00fc\u015f\u00fcnceleri ve yazd\u0131\u011f\u0131 eserler Rus Ortodoks Kilisesi\u2019nin tepkisini \u00e7ekti\u011fi i\u00e7in aforoz edildi. Ama bu, gen\u00e7ler aras\u0131ndaki \u00fcn\u00fcn\u00fc daha da artt\u0131rd\u0131. Rus k\u00f6yl\u00fcs\u00fcn\u00fcn yoksullu\u011fu ve peri\u015fanl\u0131\u011f\u0131 onu \u00e7ok d\u00fc\u015f\u00fcnd\u00fcr\u00fcyordu. K\u00f6yl\u00fcler gibi giyinip, onlarla birlikte \u00e7al\u0131\u015fmaya ba\u015flad\u0131. T\u00fcm servetini k\u00f6yl\u00fclere ba\u011f\u0131\u015flamak istedi ama ailesi onu engelledi. Bir k\u00fcsk\u00fcnl\u00fck sonras\u0131 k\u0131\u015f ortas\u0131nda evini terk etti ve hastaland\u0131. 1910\u2019da 82 ya\u015f\u0131ndayken \u00f6ld\u00fc.Yap\u0131tlar\u0131nda Rus k\u00f6yl\u00fcs\u00fcn\u00fcn ve insanlar\u0131n sorunlar\u0131na e\u011filen, ya\u015fam\u0131n nas\u0131l bir \u015fey oldu\u011funu anlatmaya \u00e7al\u0131\u015fan Tolstoy, \u00e7a\u011f\u0131n\u0131n en \u00fcnl\u00fc romanc\u0131lar\u0131ndand\u0131r.<\/p>\n","protected":false},"excerpt":{"rendered":"<p>\u00dcnl\u00fc yazardan sevgi, \u015fefkat ve ihtiras \u00fcst\u00fcne \u00fc\u00e7 \u00f6yk\u00fc&#8230;\u201c\u0130nsan Neyle Ya\u015far?\u201d, \u201c\u0130nsan\u0131n Ne Kadar Topra\u011fa \u0130htiyac\u0131 Var?\u201dve \u201cK\u0131v\u0131lc\u0131m\u0131 S\u00f6nd\u00fcrmeyen Yang\u0131n\u0131 \u00d6nleyemez\u201d d\u00fcnya edebiyat\u0131n\u0131n en b\u00fcy\u00fck yazarlar\u0131ndan<span class=\"excerpt-hellip\"> [\u2026]<\/span><\/p>\n","protected":false},"featured_media":0,"template":"","meta":{"_monsterinsights_skip_tracking":false,"_monsterinsights_sitenote_active":false,"_monsterinsights_sitenote_note":"","_monsterinsights_sitenote_category":0},"product_brand":[],"product_cat":[12291,12711],"product_tag":[],"class_list":{"0":"post-725967","1":"product","2":"type-product","3":"status-publish","5":"product_cat-edebiyat","6":"product_cat-roman-oyku","7":"pa_cilt-ciltsiz","8":"pa_tur-kitap","9":"pa_yayinevi-remzi-kitabevi","10":"pa_yazar-lev-nikolayevic-tolstoy","12":"first","13":"instock","14":"sale","15":"shipping-taxable","16":"purchasable","17":"product-type-simple"},"_links":{"self":[{"href":"https:\/\/roveyayinevi.com.tr\/index.php\/wp-json\/wp\/v2\/product\/725967","targetHints":{"allow":["GET"]}}],"collection":[{"href":"https:\/\/roveyayinevi.com.tr\/index.php\/wp-json\/wp\/v2\/product"}],"about":[{"href":"https:\/\/roveyayinevi.com.tr\/index.php\/wp-json\/wp\/v2\/types\/product"}],"wp:attachment":[{"href":"https:\/\/roveyayinevi.com.tr\/index.php\/wp-json\/wp\/v2\/media?parent=725967"}],"wp:term":[{"taxonomy":"product_brand","embeddable":true,"href":"https:\/\/roveyayinevi.com.tr\/index.php\/wp-json\/wp\/v2\/product_brand?post=725967"},{"taxonomy":"product_cat","embeddable":true,"href":"https:\/\/roveyayinevi.com.tr\/index.php\/wp-json\/wp\/v2\/product_cat?post=725967"},{"taxonomy":"product_tag","embeddable":true,"href":"https:\/\/roveyayinevi.com.tr\/index.php\/wp-json\/wp\/v2\/product_tag?post=725967"}],"curies":[{"name":"wp","href":"https:\/\/api.w.org\/{rel}","templated":true}]}}