{"id":725957,"date":"2025-08-27T19:58:27","date_gmt":"2025-08-27T16:58:27","guid":{"rendered":"https:\/\/roveyayinevi.com.tr\/index.php\/urun\/bir-ruyanin-pesinden\/"},"modified":"2025-11-21T06:14:53","modified_gmt":"2025-11-21T03:14:53","slug":"bir-ruyanin-pesinden","status":"publish","type":"product","link":"https:\/\/roveyayinevi.com.tr\/index.php\/urun\/bir-ruyanin-pesinden\/","title":{"rendered":"Bir R\u00fcyan\u0131n Pe\u015finden"},"content":{"rendered":"<p>Kader midir iki insan\u0131 bir araya getirip sonsuz yolculu\u011fa \u00e7\u0131karan, yoksa at\u0131lan ilk ad\u0131m m\u0131d\u0131r asl\u0131nda kader \u00e7izgisini olu\u015fturan?Yazar R\u00fcya Alaca\u2019n\u0131n bu soruya verecek cevab\u0131 yoktu.Arkada\u015f\u0131n\u0131n \u0131srar\u0131 \u00fczerine hi\u00e7 tan\u0131mad\u0131\u011f\u0131 bir adama e-posta g\u00f6nderdi\u011finde kar\u015f\u0131s\u0131na \u00c7a\u011fr\u0131 Akarslan gibi birinin \u00e7\u0131kaca\u011f\u0131n\u0131 ve otizmli karde\u015fi Erdem Akarslan\u2019\u0131n kendisine nas\u0131l hayran oldu\u011funu bilmiyordu.  Ya\u015farken sonsuzlu\u011fu and\u0131ran,Son buldu\u011funda nefes almay\u0131 unutturan,Her \u015feye ra\u011fmen s\u00fcrmesi dilenen,Bir r\u00fcyayd\u0131\u2026<\/p>\n","protected":false},"excerpt":{"rendered":"<p>Kader midir iki insan\u0131 bir araya getirip sonsuz yolculu\u011fa \u00e7\u0131karan, yoksa at\u0131lan ilk ad\u0131m m\u0131d\u0131r asl\u0131nda kader \u00e7izgisini olu\u015fturan?Yazar R\u00fcya Alaca\u2019n\u0131n bu soruya verecek cevab\u0131 yoktu.Arkada\u015f\u0131n\u0131n<span class=\"excerpt-hellip\"> [\u2026]<\/span><\/p>\n","protected":false},"featured_media":0,"template":"","meta":{"_monsterinsights_skip_tracking":false,"_monsterinsights_sitenote_active":false,"_monsterinsights_sitenote_note":"","_monsterinsights_sitenote_category":0},"product_brand":[],"product_cat":[12291,50487],"product_tag":[],"class_list":{"0":"post-725957","1":"product","2":"type-product","3":"status-publish","5":"product_cat-edebiyat","6":"product_cat-kurgu","7":"pa_cilt-ciltsiz","8":"pa_tur-kitap","9":"pa_yayinevi-epsilon-yayinlari","10":"pa_yazar-imran-tohumcu","12":"first","13":"instock","14":"sale","15":"shipping-taxable","16":"purchasable","17":"product-type-simple"},"_links":{"self":[{"href":"https:\/\/roveyayinevi.com.tr\/index.php\/wp-json\/wp\/v2\/product\/725957","targetHints":{"allow":["GET"]}}],"collection":[{"href":"https:\/\/roveyayinevi.com.tr\/index.php\/wp-json\/wp\/v2\/product"}],"about":[{"href":"https:\/\/roveyayinevi.com.tr\/index.php\/wp-json\/wp\/v2\/types\/product"}],"wp:attachment":[{"href":"https:\/\/roveyayinevi.com.tr\/index.php\/wp-json\/wp\/v2\/media?parent=725957"}],"wp:term":[{"taxonomy":"product_brand","embeddable":true,"href":"https:\/\/roveyayinevi.com.tr\/index.php\/wp-json\/wp\/v2\/product_brand?post=725957"},{"taxonomy":"product_cat","embeddable":true,"href":"https:\/\/roveyayinevi.com.tr\/index.php\/wp-json\/wp\/v2\/product_cat?post=725957"},{"taxonomy":"product_tag","embeddable":true,"href":"https:\/\/roveyayinevi.com.tr\/index.php\/wp-json\/wp\/v2\/product_tag?post=725957"}],"curies":[{"name":"wp","href":"https:\/\/api.w.org\/{rel}","templated":true}]}}