{"id":725955,"date":"2025-08-27T19:58:25","date_gmt":"2025-08-27T16:58:25","guid":{"rendered":"https:\/\/roveyayinevi.com.tr\/index.php\/urun\/gonul-sende-misafirken-sev\/"},"modified":"2026-04-16T02:33:41","modified_gmt":"2026-04-15T23:33:41","slug":"gonul-sende-misafirken-sev","status":"publish","type":"product","link":"https:\/\/roveyayinevi.com.tr\/index.php\/urun\/gonul-sende-misafirken-sev\/","title":{"rendered":"G\u00f6n\u00fcl Sende Misafirken Sev"},"content":{"rendered":"<p>Bu kitap bir sevgi g\u00fcnl\u00fc\u011f\u00fcd\u00fcr. K\u00f6t\u00fcl\u00fcklerin kol gezdi\u011fi d\u00fcnyada a\u015fka ve sevgiye doymu\u015f bir kalple yaz\u0131lm\u0131\u015ft\u0131r. Hayat\u0131n sonbahar\u0131na geldi\u011finde ya\u015fanan onca y\u0131l\u0131n ard\u0131ndan geriye kalan tek \u015fey sevgi oluyor. Bedenine yaln\u0131zl\u0131k \u00e7\u00f6kt\u00fc\u011f\u00fcnde a\u015fk dolu hat\u0131ralar yan\u0131na ko\u015farken \u00f6fke, k\u0131skan\u00e7l\u0131k ve kin sadece ruhu yoruyor. Y\u0131llar sonra geri d\u00f6n\u00fcp bakt\u0131\u011f\u0131nda i\u00e7in huzurla dolsun istiyorsan zaman kaybetmeden kalbinde a\u015fka yer a\u00e7. G\u00f6n\u00fcl sende misafirken sev doya doya!<\/p>\n","protected":false},"excerpt":{"rendered":"<p>Bu kitap bir sevgi g\u00fcnl\u00fc\u011f\u00fcd\u00fcr. K\u00f6t\u00fcl\u00fcklerin kol gezdi\u011fi d\u00fcnyada a\u015fka ve sevgiye doymu\u015f bir kalple yaz\u0131lm\u0131\u015ft\u0131r. Hayat\u0131n sonbahar\u0131na geldi\u011finde ya\u015fanan onca y\u0131l\u0131n ard\u0131ndan geriye kalan tek<span class=\"excerpt-hellip\"> [\u2026]<\/span><\/p>\n","protected":false},"featured_media":0,"template":"","meta":{"_monsterinsights_skip_tracking":false,"_monsterinsights_sitenote_active":false,"_monsterinsights_sitenote_note":"","_monsterinsights_sitenote_category":0},"product_brand":[],"product_cat":[12777,12291],"product_tag":[],"class_list":{"0":"post-725955","1":"product","2":"type-product","3":"status-publish","5":"product_cat-deneme","6":"product_cat-edebiyat","7":"pa_cilt-ciltsiz","8":"pa_tur-kitap","9":"pa_yayinevi-inkilap-kitabevi","10":"pa_yazar-semsi-tufekci","12":"first","13":"instock","14":"sale","15":"shipping-taxable","16":"purchasable","17":"product-type-simple"},"_links":{"self":[{"href":"https:\/\/roveyayinevi.com.tr\/index.php\/wp-json\/wp\/v2\/product\/725955","targetHints":{"allow":["GET"]}}],"collection":[{"href":"https:\/\/roveyayinevi.com.tr\/index.php\/wp-json\/wp\/v2\/product"}],"about":[{"href":"https:\/\/roveyayinevi.com.tr\/index.php\/wp-json\/wp\/v2\/types\/product"}],"wp:attachment":[{"href":"https:\/\/roveyayinevi.com.tr\/index.php\/wp-json\/wp\/v2\/media?parent=725955"}],"wp:term":[{"taxonomy":"product_brand","embeddable":true,"href":"https:\/\/roveyayinevi.com.tr\/index.php\/wp-json\/wp\/v2\/product_brand?post=725955"},{"taxonomy":"product_cat","embeddable":true,"href":"https:\/\/roveyayinevi.com.tr\/index.php\/wp-json\/wp\/v2\/product_cat?post=725955"},{"taxonomy":"product_tag","embeddable":true,"href":"https:\/\/roveyayinevi.com.tr\/index.php\/wp-json\/wp\/v2\/product_tag?post=725955"}],"curies":[{"name":"wp","href":"https:\/\/api.w.org\/{rel}","templated":true}]}}