{"id":725953,"date":"2025-08-27T19:58:24","date_gmt":"2025-08-27T16:58:24","guid":{"rendered":"https:\/\/roveyayinevi.com.tr\/index.php\/urun\/kotuluk\/"},"modified":"2026-04-16T02:33:41","modified_gmt":"2026-04-15T23:33:41","slug":"kotuluk","status":"publish","type":"product","link":"https:\/\/roveyayinevi.com.tr\/index.php\/urun\/kotuluk\/","title":{"rendered":"K\u00f6t\u00fcl\u00fck"},"content":{"rendered":"<p>K\u00f6tu\u0308lu\u0308k neden insanlara bu kadar korkutucu ama bir o kadar da ilgi uyand\u0131r\u0131c\u0131 gelir? \u00d6rne\u011fin neden seri katillerin hayatlar\u0131na ve yapt\u0131klar\u0131na merak duyar\u0131z? Ya da neden ger\u00e7ek hayatta kar\u015f\u0131la\u015ft\u0131\u011f\u0131m\u0131zda kendimizi korumaktan ba\u015fka bir \u015fey du\u0308\u015fu\u0308nmezken, filmlerde ve dizilerde \u015fiddeti bu kadar \u00f6n plana \u00e7\u0131kar\u0131r, hatta bazen adeta yu\u0308celtiriz? Gelmi\u015f ge\u00e7mi\u015f en k\u00f6tu\u0308 insanlardan biri olmas\u0131na ra\u011fmen Hitler neden h\u00e2l\u00e2 en popu\u0308ler tarihi ki\u015filiklerden biridir? Peki ya siz ge\u00e7mi\u015fe gidebilseydiniz, bebek Hitler\u2019i \u00f6ldu\u0308ru\u0308r mu\u0308ydu\u0308nu\u0308z?\u0130nsan sadece siyah veya beyaz olmayan, grinin her tonunu bar\u0131nd\u0131ran bir canl\u0131. Bu\u0308tu\u0308n hayat\u0131m\u0131z boyunca tek bir duygu hissedemeyece\u011fimiz gibi, sadece \u201ciyi\u201d ya da \u201ck\u00f6tu\u0308\u201d de olamay\u0131z. \u00c7o\u011funlu\u011fun iyili\u011fi i\u00e7in bebek Hitler\u2019I \u00f6ldu\u0308rmek isteyecek binlerce \u201ciyi\u201d insan bulabiliriz \u00f6rne\u011fin. K\u00f6tu\u0308lu\u0308\u011fe merak\u0131m\u0131z da i\u015fte buradan, eylemlerimizi anlamland\u0131rma iste\u011finden gelir. Julia Shaw K\u00f6tu\u0308lu\u0308k\u2019te bu noktadan ba\u015flayarak insanl\u0131\u011f\u0131n yu\u0308ksek sesle dile getirmeye \u00e7ekindi\u011fi karanl\u0131k taraf\u0131n\u0131 inceliyor. Ak\u0131l hastal\u0131klar\u0131 ve cinsel sapk\u0131nl\u0131klardan tecavu\u0308z \u201cku\u0308ltu\u0308ru\u0308ne\u201d, yapay zek\u00e2 ve teknoloji ikileminden ter\u00f6rizme, k\u00f6tu\u0308lu\u0308\u011fu\u0308 bu\u0308tu\u0308n ahlaki ve etik y\u00f6nleriyle ele al\u0131yor. K\u00f6tu\u0308lu\u0308k, ayd\u0131nlat\u0131c\u0131 oldu\u011fu kadar \u00e7arp\u0131c\u0131 bir kitap.<\/p>\n","protected":false},"excerpt":{"rendered":"<p>K\u00f6tu\u0308lu\u0308k neden insanlara bu kadar korkutucu ama bir o kadar da ilgi uyand\u0131r\u0131c\u0131 gelir? \u00d6rne\u011fin neden seri katillerin hayatlar\u0131na ve yapt\u0131klar\u0131na merak duyar\u0131z? Ya da neden<span class=\"excerpt-hellip\"> [\u2026]<\/span><\/p>\n","protected":false},"featured_media":0,"template":"","meta":{"_monsterinsights_skip_tracking":false,"_monsterinsights_sitenote_active":false,"_monsterinsights_sitenote_note":"","_monsterinsights_sitenote_category":0},"product_brand":[],"product_cat":[12358,12357],"product_tag":[],"class_list":{"0":"post-725953","1":"product","2":"type-product","3":"status-publish","5":"product_cat-genel-psikoloji","6":"product_cat-psikoloji","7":"pa_cilt-ciltsiz","8":"pa_tur-kitap","9":"pa_yayinevi-say-yayinlari","10":"pa_yazar-julia-shaw","12":"first","13":"instock","14":"sale","15":"shipping-taxable","16":"purchasable","17":"product-type-simple"},"_links":{"self":[{"href":"https:\/\/roveyayinevi.com.tr\/index.php\/wp-json\/wp\/v2\/product\/725953","targetHints":{"allow":["GET"]}}],"collection":[{"href":"https:\/\/roveyayinevi.com.tr\/index.php\/wp-json\/wp\/v2\/product"}],"about":[{"href":"https:\/\/roveyayinevi.com.tr\/index.php\/wp-json\/wp\/v2\/types\/product"}],"wp:attachment":[{"href":"https:\/\/roveyayinevi.com.tr\/index.php\/wp-json\/wp\/v2\/media?parent=725953"}],"wp:term":[{"taxonomy":"product_brand","embeddable":true,"href":"https:\/\/roveyayinevi.com.tr\/index.php\/wp-json\/wp\/v2\/product_brand?post=725953"},{"taxonomy":"product_cat","embeddable":true,"href":"https:\/\/roveyayinevi.com.tr\/index.php\/wp-json\/wp\/v2\/product_cat?post=725953"},{"taxonomy":"product_tag","embeddable":true,"href":"https:\/\/roveyayinevi.com.tr\/index.php\/wp-json\/wp\/v2\/product_tag?post=725953"}],"curies":[{"name":"wp","href":"https:\/\/api.w.org\/{rel}","templated":true}]}}