{"id":725952,"date":"2025-08-27T19:58:23","date_gmt":"2025-08-27T16:58:23","guid":{"rendered":"https:\/\/roveyayinevi.com.tr\/index.php\/urun\/sevilen-siirler\/"},"modified":"2026-04-16T02:33:41","modified_gmt":"2026-04-15T23:33:41","slug":"sevilen-siirler","status":"publish","type":"product","link":"https:\/\/roveyayinevi.com.tr\/index.php\/urun\/sevilen-siirler\/","title":{"rendered":"Sevil\u2019En \u015eiirler"},"content":{"rendered":"<p>K\u0131sa s\u00fcren g\u00f6nl\u00fcm\u00fcn hikayesian\u0131lar sayfas\u0131n\u0131 \u00e7evirdik\u00e7eokunas\u0131 \u015fiirlerimiras b\u0131rakt\u0131 tam dakalbinin hercai kokank\u00f6\u015fesine.Hercai ne demek en \u00e7ok sen bilme-lisineyy sevgili;hani i\u00e7i i\u00e7ine s\u0131\u011fmayan daldan dala konansevip de a\u015f\u0131k olan ve ziyadesiyle kendisinea\u015f\u0131k eden ma\u015fuk ku\u015fu gibi t\u0131pk\u0131.Kim bilir belki bir g\u00fcn,a\u015fuk ile ma\u015fukg\u00fczel bir mevsimdetekrar bulu\u015fup,hani o az telveli sevdi\u011fimizkahvelerin hatr\u0131na yad ederhercai an\u0131lar\u0131n\u0131.<\/p>\n","protected":false},"excerpt":{"rendered":"<p>K\u0131sa s\u00fcren g\u00f6nl\u00fcm\u00fcn hikayesian\u0131lar sayfas\u0131n\u0131 \u00e7evirdik\u00e7eokunas\u0131 \u015fiirlerimiras b\u0131rakt\u0131 tam dakalbinin hercai kokank\u00f6\u015fesine.Hercai ne demek en \u00e7ok sen bilme-lisineyy sevgili;hani i\u00e7i i\u00e7ine s\u0131\u011fmayan daldan dala konansevip de<span class=\"excerpt-hellip\"> [\u2026]<\/span><\/p>\n","protected":false},"featured_media":0,"template":"","meta":{"_monsterinsights_skip_tracking":false,"_monsterinsights_sitenote_active":false,"_monsterinsights_sitenote_note":"","_monsterinsights_sitenote_category":0},"product_brand":[],"product_cat":[12291,12509],"product_tag":[],"class_list":{"0":"post-725952","1":"product","2":"type-product","3":"status-publish","5":"product_cat-edebiyat","6":"product_cat-siir","7":"pa_cilt-ciltsiz","8":"pa_tur-kitap","9":"pa_yayinevi-kuytu-yayinlari","10":"pa_yazar-sevil-ozdemir","12":"first","13":"instock","14":"sale","15":"shipping-taxable","16":"purchasable","17":"product-type-simple"},"_links":{"self":[{"href":"https:\/\/roveyayinevi.com.tr\/index.php\/wp-json\/wp\/v2\/product\/725952","targetHints":{"allow":["GET"]}}],"collection":[{"href":"https:\/\/roveyayinevi.com.tr\/index.php\/wp-json\/wp\/v2\/product"}],"about":[{"href":"https:\/\/roveyayinevi.com.tr\/index.php\/wp-json\/wp\/v2\/types\/product"}],"wp:attachment":[{"href":"https:\/\/roveyayinevi.com.tr\/index.php\/wp-json\/wp\/v2\/media?parent=725952"}],"wp:term":[{"taxonomy":"product_brand","embeddable":true,"href":"https:\/\/roveyayinevi.com.tr\/index.php\/wp-json\/wp\/v2\/product_brand?post=725952"},{"taxonomy":"product_cat","embeddable":true,"href":"https:\/\/roveyayinevi.com.tr\/index.php\/wp-json\/wp\/v2\/product_cat?post=725952"},{"taxonomy":"product_tag","embeddable":true,"href":"https:\/\/roveyayinevi.com.tr\/index.php\/wp-json\/wp\/v2\/product_tag?post=725952"}],"curies":[{"name":"wp","href":"https:\/\/api.w.org\/{rel}","templated":true}]}}