{"id":725950,"date":"2025-08-27T19:58:20","date_gmt":"2025-08-27T16:58:20","guid":{"rendered":"https:\/\/roveyayinevi.com.tr\/index.php\/urun\/freudun-goremedigi-ruya\/"},"modified":"2026-04-16T02:33:41","modified_gmt":"2026-04-15T23:33:41","slug":"freudun-goremedigi-ruya","status":"publish","type":"product","link":"https:\/\/roveyayinevi.com.tr\/index.php\/urun\/freudun-goremedigi-ruya\/","title":{"rendered":"Freud\u2019un G\u00f6remedi\u011fi R\u00fcya"},"content":{"rendered":"<p>Yak\u0131nlara k\u00fcst\u00fcn , yak\u0131nlara k\u00fcsmeUzaklar her zaman ger\u00e7ek de\u011fildirD\u00fcnyaya k\u00fcs d\u00fcnyan\u0131n haberi olmas\u0131nUnutma hep \u00e7ocuklu\u011fun kenar\u0131ndas\u0131n\u0130nsan her ak\u015fam bir \u00f6z\u00fcr arar kendine\u00c7\u00fcnk\u00fc eve d\u00f6nen herkes biraz cesurdurKonu\u015fmak , y\u00fcr\u00fcmek ve uyumak aras\u0131nda\u2018\u2019Tabip olmayana yaran sard\u0131rma\u2019\u2019<\/p>\n","protected":false},"excerpt":{"rendered":"<p>Yak\u0131nlara k\u00fcst\u00fcn , yak\u0131nlara k\u00fcsmeUzaklar her zaman ger\u00e7ek de\u011fildirD\u00fcnyaya k\u00fcs d\u00fcnyan\u0131n haberi olmas\u0131nUnutma hep \u00e7ocuklu\u011fun kenar\u0131ndas\u0131n\u0130nsan her ak\u015fam bir \u00f6z\u00fcr arar kendine\u00c7\u00fcnk\u00fc eve d\u00f6nen herkes biraz<span class=\"excerpt-hellip\"> [\u2026]<\/span><\/p>\n","protected":false},"featured_media":0,"template":"","meta":{"_monsterinsights_skip_tracking":false,"_monsterinsights_sitenote_active":false,"_monsterinsights_sitenote_note":"","_monsterinsights_sitenote_category":0},"product_brand":[],"product_cat":[12291,12509],"product_tag":[],"class_list":{"0":"post-725950","1":"product","2":"type-product","3":"status-publish","5":"product_cat-edebiyat","6":"product_cat-siir","7":"pa_cilt-ciltsiz","8":"pa_tur-kitap","9":"pa_yayinevi-profil-kitap","10":"pa_yazar-yagiz-gonuler","12":"first","13":"instock","14":"sale","15":"shipping-taxable","16":"purchasable","17":"product-type-simple"},"_links":{"self":[{"href":"https:\/\/roveyayinevi.com.tr\/index.php\/wp-json\/wp\/v2\/product\/725950","targetHints":{"allow":["GET"]}}],"collection":[{"href":"https:\/\/roveyayinevi.com.tr\/index.php\/wp-json\/wp\/v2\/product"}],"about":[{"href":"https:\/\/roveyayinevi.com.tr\/index.php\/wp-json\/wp\/v2\/types\/product"}],"wp:attachment":[{"href":"https:\/\/roveyayinevi.com.tr\/index.php\/wp-json\/wp\/v2\/media?parent=725950"}],"wp:term":[{"taxonomy":"product_brand","embeddable":true,"href":"https:\/\/roveyayinevi.com.tr\/index.php\/wp-json\/wp\/v2\/product_brand?post=725950"},{"taxonomy":"product_cat","embeddable":true,"href":"https:\/\/roveyayinevi.com.tr\/index.php\/wp-json\/wp\/v2\/product_cat?post=725950"},{"taxonomy":"product_tag","embeddable":true,"href":"https:\/\/roveyayinevi.com.tr\/index.php\/wp-json\/wp\/v2\/product_tag?post=725950"}],"curies":[{"name":"wp","href":"https:\/\/api.w.org\/{rel}","templated":true}]}}