{"id":725948,"date":"2025-08-27T19:58:19","date_gmt":"2025-08-27T16:58:19","guid":{"rendered":"https:\/\/roveyayinevi.com.tr\/index.php\/urun\/enerji-vampirleri\/"},"modified":"2026-04-03T02:41:07","modified_gmt":"2026-04-02T23:41:07","slug":"enerji-vampirleri","status":"publish","type":"product","link":"https:\/\/roveyayinevi.com.tr\/index.php\/urun\/enerji-vampirleri\/","title":{"rendered":"Enerji Vampirleri"},"content":{"rendered":"<p>Siz de mutlaka birka\u00e7 \u201cenerji vampiri\u201d tan\u0131yorsunuzdur. Bunlar b\u00fct\u00fcn g\u00fcn \u015fik\u00e2yet eden, hi\u00e7bir \u015feyden ho\u015flanmayan, hep ma\u011fdur olan insanlard\u0131r: hava berbat, bug\u00fcn pazartesi, kom\u015fu yine yanl\u0131\u015f park etmi\u015f\u2026 Bu t\u00fcr insanlar, etraflar\u0131ndaki herkesi a\u015fa\u011f\u0131 \u00e7ekebilirler. Enerji Vampirleri, ba\u015fkalar\u0131 taraf\u0131ndan kontrol edilmek yerine kendi hayatlar\u0131m\u0131z\u0131 nas\u0131l ba\u015far\u0131l\u0131 bir \u015fekilde ya\u015fayabilece\u011fimize dair mizahi ve k\u0131\u015fk\u0131rt\u0131c\u0131 tavsiyeler i\u00e7eriyor. Motive edici ve esprili \u00fcslubuyla Tobias Beck, kendimizi kronik \u015fik\u00e2yet\u00e7ilerden kurtarmak i\u00e7in ihtiya\u00e7 duydu\u011fumuz ko\u00e7lu\u011fu sa\u011fl\u0131yor; \u00f6zel ipu\u00e7lar\u0131yla hayat enerjimizi d\u00fc\u015f\u00fcren her \u015feyi kendimizden uzakla\u015ft\u0131rman\u0131n yollar\u0131n\u0131 g\u00f6steriyor.<\/p>\n","protected":false},"excerpt":{"rendered":"<p>Siz de mutlaka birka\u00e7 \u201cenerji vampiri\u201d tan\u0131yorsunuzdur. Bunlar b\u00fct\u00fcn g\u00fcn \u015fik\u00e2yet eden, hi\u00e7bir \u015feyden ho\u015flanmayan, hep ma\u011fdur olan insanlard\u0131r: hava berbat, bug\u00fcn pazartesi, kom\u015fu yine yanl\u0131\u015f<span class=\"excerpt-hellip\"> [\u2026]<\/span><\/p>\n","protected":false},"featured_media":0,"template":"","meta":{"_monsterinsights_skip_tracking":false,"_monsterinsights_sitenote_active":false,"_monsterinsights_sitenote_note":"","_monsterinsights_sitenote_category":0},"product_brand":[],"product_cat":[12364,12376],"product_tag":[],"class_list":{"0":"post-725948","1":"product","2":"type-product","3":"status-publish","5":"product_cat-genel-konular","6":"product_cat-kisisel-gelisim","7":"pa_cilt-ciltsiz","8":"pa_tur-kitap","9":"pa_yayinevi-profil-kitap","10":"pa_yazar-tobias-beck","12":"first","13":"instock","14":"sale","15":"shipping-taxable","16":"purchasable","17":"product-type-simple"},"_links":{"self":[{"href":"https:\/\/roveyayinevi.com.tr\/index.php\/wp-json\/wp\/v2\/product\/725948","targetHints":{"allow":["GET"]}}],"collection":[{"href":"https:\/\/roveyayinevi.com.tr\/index.php\/wp-json\/wp\/v2\/product"}],"about":[{"href":"https:\/\/roveyayinevi.com.tr\/index.php\/wp-json\/wp\/v2\/types\/product"}],"wp:attachment":[{"href":"https:\/\/roveyayinevi.com.tr\/index.php\/wp-json\/wp\/v2\/media?parent=725948"}],"wp:term":[{"taxonomy":"product_brand","embeddable":true,"href":"https:\/\/roveyayinevi.com.tr\/index.php\/wp-json\/wp\/v2\/product_brand?post=725948"},{"taxonomy":"product_cat","embeddable":true,"href":"https:\/\/roveyayinevi.com.tr\/index.php\/wp-json\/wp\/v2\/product_cat?post=725948"},{"taxonomy":"product_tag","embeddable":true,"href":"https:\/\/roveyayinevi.com.tr\/index.php\/wp-json\/wp\/v2\/product_tag?post=725948"}],"curies":[{"name":"wp","href":"https:\/\/api.w.org\/{rel}","templated":true}]}}