{"id":725947,"date":"2025-08-27T19:58:18","date_gmt":"2025-08-27T16:58:18","guid":{"rendered":"https:\/\/roveyayinevi.com.tr\/index.php\/urun\/einstein\/"},"modified":"2026-04-16T02:33:41","modified_gmt":"2026-04-15T23:33:41","slug":"einstein","status":"publish","type":"product","link":"https:\/\/roveyayinevi.com.tr\/index.php\/urun\/einstein\/","title":{"rendered":"Einstein"},"content":{"rendered":"<p>\u201c\u015euna t\u00fcm kalbimle inan\u0131yorum ki d\u00fcnyan\u0131n t\u00fcm zenginlikleri ilerlemeyi ger\u00e7ekten isteyen bir insan\u0131n elinde de olsa, o ki\u015fi insanl\u0131\u011f\u0131 ileriye g\u00f6t\u00fcremez. Yaln\u0131zca y\u00fcksek ruhlu ve g\u00fc\u00e7l\u00fc ki\u015filikli insanlar\u0131 \u00f6rnek almak bizi soylu d\u00fc\u015f\u00fcncelere ve b\u00fcy\u00fck i\u015flere g\u00f6t\u00fcrebilir\u2026\u201dBilimden sanata bir\u00e7ok alanda y\u00fcksek ruhlu insanlar, zamana meydan okuyan izler b\u0131rakt\u0131 bu d\u00fcnyada. \u00d6zg\u00fcn ki\u015filikleri gibi ya\u015famlar\u0131 da s\u0131radanl\u0131ktan uzakt\u0131. Kendilerinden sonra gelenlerin de birer kutup y\u0131ld\u0131z\u0131 oldular.\u0130nsanl\u0131k tarihine e\u015fsiz katk\u0131larda bulunanlar\u0131n hayat hik\u00e2yeleri Y\u00fcksek Ruhlar Serisi\u2019nde bilinmeyen y\u00f6nleriyle ele al\u0131n\u0131yor. Bu serinin a\u00e7\u0131l\u0131\u015f\u0131n\u0131 \u00f6zg\u00fcrl\u00fck tutkusu, b\u00fcy\u00fck ke\u015fifleri ve ilgin\u00e7 fikirleriyle dikkati \u00e7eken Einstein yap\u0131yor. Bilimsel \u00e7al\u0131\u015fmalar\u0131ndan \u00f6zel hayat\u0131na, ger\u00e7ekle\u015ftirdi\u011fi mucizelerden ba\u015far\u0131s\u0131zl\u0131klar\u0131na kadar t\u00fcm hayat\u0131 ve baz\u0131 aforizmalar\u0131 rahatl\u0131kla okuyaca\u011f\u0131n\u0131z bu eserde bir arada\u2026<\/p>\n","protected":false},"excerpt":{"rendered":"<p>\u201c\u015euna t\u00fcm kalbimle inan\u0131yorum ki d\u00fcnyan\u0131n t\u00fcm zenginlikleri ilerlemeyi ger\u00e7ekten isteyen bir insan\u0131n elinde de olsa, o ki\u015fi insanl\u0131\u011f\u0131 ileriye g\u00f6t\u00fcremez. Yaln\u0131zca y\u00fcksek ruhlu ve g\u00fc\u00e7l\u00fc<span class=\"excerpt-hellip\"> [\u2026]<\/span><\/p>\n","protected":false},"featured_media":0,"template":"","meta":{"_monsterinsights_skip_tracking":false,"_monsterinsights_sitenote_active":false,"_monsterinsights_sitenote_note":"","_monsterinsights_sitenote_category":0},"product_brand":[],"product_cat":[14009,12291],"product_tag":[],"class_list":{"0":"post-725947","1":"product","2":"type-product","3":"status-publish","5":"product_cat-biyografi-otobiyografi-edebiyat","6":"product_cat-edebiyat","7":"pa_cilt-ciltsiz","8":"pa_tur-kitap","9":"pa_yayinevi-profil-kitap","10":"pa_yazar-metehan-dogan","12":"first","13":"instock","14":"sale","15":"shipping-taxable","16":"purchasable","17":"product-type-simple"},"_links":{"self":[{"href":"https:\/\/roveyayinevi.com.tr\/index.php\/wp-json\/wp\/v2\/product\/725947","targetHints":{"allow":["GET"]}}],"collection":[{"href":"https:\/\/roveyayinevi.com.tr\/index.php\/wp-json\/wp\/v2\/product"}],"about":[{"href":"https:\/\/roveyayinevi.com.tr\/index.php\/wp-json\/wp\/v2\/types\/product"}],"wp:attachment":[{"href":"https:\/\/roveyayinevi.com.tr\/index.php\/wp-json\/wp\/v2\/media?parent=725947"}],"wp:term":[{"taxonomy":"product_brand","embeddable":true,"href":"https:\/\/roveyayinevi.com.tr\/index.php\/wp-json\/wp\/v2\/product_brand?post=725947"},{"taxonomy":"product_cat","embeddable":true,"href":"https:\/\/roveyayinevi.com.tr\/index.php\/wp-json\/wp\/v2\/product_cat?post=725947"},{"taxonomy":"product_tag","embeddable":true,"href":"https:\/\/roveyayinevi.com.tr\/index.php\/wp-json\/wp\/v2\/product_tag?post=725947"}],"curies":[{"name":"wp","href":"https:\/\/api.w.org\/{rel}","templated":true}]}}