{"id":725946,"date":"2025-08-27T19:58:17","date_gmt":"2025-08-27T16:58:17","guid":{"rendered":"https:\/\/roveyayinevi.com.tr\/index.php\/urun\/sessiz-bilgeler\/"},"modified":"2026-04-16T02:33:41","modified_gmt":"2026-04-15T23:33:41","slug":"sessiz-bilgeler","status":"publish","type":"product","link":"https:\/\/roveyayinevi.com.tr\/index.php\/urun\/sessiz-bilgeler\/","title":{"rendered":"Sessiz Bilgeler"},"content":{"rendered":"<p>Daha mutlu bir ya\u015fam i\u00e7in ihtiyac\u0131n\u0131z olan ilham, kap\u0131n\u0131z\u0131n hemen d\u0131\u015f\u0131nda bulunabilir.A\u011fa\u00e7lar d\u00fcnyan\u0131n sessiz bilgeleridir. Bir beyine ya da sinir sistemine sahip olmamalar\u0131 a\u011fa\u00e7lar\u0131n d\u00fc\u015f\u00fcnemedi\u011fi, dahas\u0131 zek\u00e2 sahibi olmad\u0131\u011f\u0131 manas\u0131na gelmiyor. A\u011fa\u00e7lar da t\u0131pk\u0131 insanlar gibi zorluklara g\u00f6\u011f\u00fcs geriyor, haberle\u015fiyor ve yard\u0131mla\u015f\u0131yor. Sessiz Bilgeler onlar\u0131n gizli hayat\u0131na derinden bir bak\u0131\u015fla, sabr\u0131n \u00f6neminden birlikten do\u011fan g\u00fcce, hayat\u0131n zorluklar\u0131yla ba\u015fa \u00e7\u0131kmaktan yapt\u0131\u011f\u0131m\u0131z i\u015flerde \u00f6zg\u00fcn ve yarat\u0131c\u0131 olmaya dek pek \u00e7ok ilham verici \u00f6neri sunuyor. Muhte\u015fem ve detayl\u0131 ill\u00fcstrasyonlarla zenginle\u015fen bu kitap, a\u011fa\u00e7lar\u0131 yan\u0131ndan ge\u00e7ip gitti\u011finiz \u015feyler olmaktan \u00e7\u0131kar\u0131p ger\u00e7ek bir arkada\u015fa ve ak\u0131l hocas\u0131na d\u00f6n\u00fc\u015ft\u00fcrecek\u2026<\/p>\n","protected":false},"excerpt":{"rendered":"<p>Daha mutlu bir ya\u015fam i\u00e7in ihtiyac\u0131n\u0131z olan ilham, kap\u0131n\u0131z\u0131n hemen d\u0131\u015f\u0131nda bulunabilir.A\u011fa\u00e7lar d\u00fcnyan\u0131n sessiz bilgeleridir. Bir beyine ya da sinir sistemine sahip olmamalar\u0131 a\u011fa\u00e7lar\u0131n d\u00fc\u015f\u00fcnemedi\u011fi, dahas\u0131<span class=\"excerpt-hellip\"> [\u2026]<\/span><\/p>\n","protected":false},"featured_media":0,"template":"","meta":{"_monsterinsights_skip_tracking":false,"_monsterinsights_sitenote_active":false,"_monsterinsights_sitenote_note":"","_monsterinsights_sitenote_category":0},"product_brand":[],"product_cat":[12364,12376],"product_tag":[],"class_list":{"0":"post-725946","1":"product","2":"type-product","3":"status-publish","5":"product_cat-genel-konular","6":"product_cat-kisisel-gelisim","7":"pa_cilt-ciltsiz","8":"pa_tur-kitap","9":"pa_yayinevi-profil-kitap","10":"pa_yazar-liz-marvin","12":"first","13":"instock","14":"sale","15":"shipping-taxable","16":"purchasable","17":"product-type-simple"},"_links":{"self":[{"href":"https:\/\/roveyayinevi.com.tr\/index.php\/wp-json\/wp\/v2\/product\/725946","targetHints":{"allow":["GET"]}}],"collection":[{"href":"https:\/\/roveyayinevi.com.tr\/index.php\/wp-json\/wp\/v2\/product"}],"about":[{"href":"https:\/\/roveyayinevi.com.tr\/index.php\/wp-json\/wp\/v2\/types\/product"}],"wp:attachment":[{"href":"https:\/\/roveyayinevi.com.tr\/index.php\/wp-json\/wp\/v2\/media?parent=725946"}],"wp:term":[{"taxonomy":"product_brand","embeddable":true,"href":"https:\/\/roveyayinevi.com.tr\/index.php\/wp-json\/wp\/v2\/product_brand?post=725946"},{"taxonomy":"product_cat","embeddable":true,"href":"https:\/\/roveyayinevi.com.tr\/index.php\/wp-json\/wp\/v2\/product_cat?post=725946"},{"taxonomy":"product_tag","embeddable":true,"href":"https:\/\/roveyayinevi.com.tr\/index.php\/wp-json\/wp\/v2\/product_tag?post=725946"}],"curies":[{"name":"wp","href":"https:\/\/api.w.org\/{rel}","templated":true}]}}