{"id":725945,"date":"2025-08-27T19:58:16","date_gmt":"2025-08-27T16:58:16","guid":{"rendered":"https:\/\/roveyayinevi.com.tr\/index.php\/urun\/frekansiniz-kac\/"},"modified":"2026-04-03T02:41:07","modified_gmt":"2026-04-02T23:41:07","slug":"frekansiniz-kac","status":"publish","type":"product","link":"https:\/\/roveyayinevi.com.tr\/index.php\/urun\/frekansiniz-kac\/","title":{"rendered":"Frekans\u0131n\u0131z Ka\u00e7 ?"},"content":{"rendered":"<p>Evrendeki her \u015fey bir enerjidir ve her \u015feyin bir frekans\u0131 vard\u0131r. Sahip oldu\u011fumuz frekans aral\u0131klar\u0131 dengelenmeli ve evrenle uyum i\u00e7inde titre\u015fmelidir. Ancak bu sayede mutlu bir ya\u015fam s\u00fcrebiliriz. Ki\u015fisel d\u00f6n\u00fc\u015f\u00fcm yolculu\u011funu tamamlarken \u00f6\u011frenmemiz gereken \u015feylerden biri de enerjilerin uyumudur.Siyah \u0130nci-Frekans Denge Enerjisi, h\u00fccresel d\u00fczeyde titre\u015fim frekanslar\u0131n\u0131 d\u00fczene koyarak \u00e7al\u0131\u015f\u0131r. B\u00f6ylece beden dengelenmeye, yenilenmeye ve iyile\u015fmeye ba\u015flar.  A\u015fiyan Kutlu bu kitapta t\u00fcm d\u00fcnyan\u0131n ilgilendi\u011fi frekans enerjisi kavram\u0131n\u0131 bize a\u00e7\u0131kl\u0131yor ve frekanslar\u0131m\u0131z\u0131 dengeleyerek mutlu bir ya\u015fam\u0131n kap\u0131lar\u0131n\u0131 a\u00e7abilmemiz i\u00e7in yol g\u00f6steriyor. \u201cFrekans\u0131n\u0131z Ka\u00e7? ba\u015fucu kitab\u0131m oldu. Net, anla\u015f\u0131l\u0131r bilgiler hem dan\u0131\u015fanlar hem de uygulay\u0131c\u0131lar i\u00e7in \u00e7ok a\u00e7\u0131klay\u0131c\u0131.  Etkili bir kitap.\u201d  Ye\u015fim Taner \/ Kozmik Enerji Terapisti       \u201cDo\u011fru diye bilinen fakat hatal\u0131 olan konular\u0131n t\u00fcm\u00fcne de\u011finen tam bir ba\u015fucu kitab\u0131 olmu\u015f. S\u0131k\u0131lmadan bir \u00e7\u0131rp\u0131da okudu\u011fum ve akl\u0131mda kalmay\u0131 ba\u015faran nadir eserlerden diyebilirim. Herkes bu kitapta kendinden bir par\u00e7a bulacak.\u201d  <\/p>\n","protected":false},"excerpt":{"rendered":"<p>Evrendeki her \u015fey bir enerjidir ve her \u015feyin bir frekans\u0131 vard\u0131r. Sahip oldu\u011fumuz frekans aral\u0131klar\u0131 dengelenmeli ve evrenle uyum i\u00e7inde titre\u015fmelidir. Ancak bu sayede mutlu bir<span class=\"excerpt-hellip\"> [\u2026]<\/span><\/p>\n","protected":false},"featured_media":0,"template":"","meta":{"_monsterinsights_skip_tracking":false,"_monsterinsights_sitenote_active":false,"_monsterinsights_sitenote_note":"","_monsterinsights_sitenote_category":0},"product_brand":[],"product_cat":[12364,12376],"product_tag":[],"class_list":{"0":"post-725945","1":"product","2":"type-product","3":"status-publish","5":"product_cat-genel-konular","6":"product_cat-kisisel-gelisim","7":"pa_cilt-ciltsiz","8":"pa_tur-kitap","9":"pa_yayinevi-nemesis-kitap","10":"pa_yazar-asiyan-kutlu","12":"first","13":"instock","14":"sale","15":"shipping-taxable","16":"purchasable","17":"product-type-simple"},"_links":{"self":[{"href":"https:\/\/roveyayinevi.com.tr\/index.php\/wp-json\/wp\/v2\/product\/725945","targetHints":{"allow":["GET"]}}],"collection":[{"href":"https:\/\/roveyayinevi.com.tr\/index.php\/wp-json\/wp\/v2\/product"}],"about":[{"href":"https:\/\/roveyayinevi.com.tr\/index.php\/wp-json\/wp\/v2\/types\/product"}],"wp:attachment":[{"href":"https:\/\/roveyayinevi.com.tr\/index.php\/wp-json\/wp\/v2\/media?parent=725945"}],"wp:term":[{"taxonomy":"product_brand","embeddable":true,"href":"https:\/\/roveyayinevi.com.tr\/index.php\/wp-json\/wp\/v2\/product_brand?post=725945"},{"taxonomy":"product_cat","embeddable":true,"href":"https:\/\/roveyayinevi.com.tr\/index.php\/wp-json\/wp\/v2\/product_cat?post=725945"},{"taxonomy":"product_tag","embeddable":true,"href":"https:\/\/roveyayinevi.com.tr\/index.php\/wp-json\/wp\/v2\/product_tag?post=725945"}],"curies":[{"name":"wp","href":"https:\/\/api.w.org\/{rel}","templated":true}]}}