{"id":725944,"date":"2025-08-27T19:58:15","date_gmt":"2025-08-27T16:58:15","guid":{"rendered":"https:\/\/roveyayinevi.com.tr\/index.php\/urun\/sabret-kabul-et-sukret\/"},"modified":"2026-04-16T02:33:41","modified_gmt":"2026-04-15T23:33:41","slug":"sabret-kabul-et-sukret","status":"publish","type":"product","link":"https:\/\/roveyayinevi.com.tr\/index.php\/urun\/sabret-kabul-et-sukret\/","title":{"rendered":"Sabret , Kabul et , \u015e\u00fckret"},"content":{"rendered":"<p>&#8220;Kadere inanmakla ba\u015fl\u0131yor her \u015fey.Teslim olmakla, s\u0131\u011f\u0131nmakla, hay\u0131rl\u0131s\u0131n\u0131 dilemekle&#8230;Kendi hik\u00e2yemden de, y\u0131llar i\u00e7inde biriktirdi\u011fim bir\u00e7ok kad\u0131n\u0131n hik\u00e2yesinden de anlad\u0131\u011f\u0131m bir \u015fey var: Sabretmek, kabul etmek ve \u015f\u00fckretmek isteklerimize ula\u015fman\u0131n en \u00f6nemli ad\u0131m\u0131.&#8221;Ebru Destan ilk kitab\u0131 Yaln\u0131z De\u011filiz&#8217;de hamilelik ser\u00fcvenini, bu zorlu yolculukta ya\u015fad\u0131klar\u0131n\u0131, b\u00fcy\u00fck kesi\u015fme ve d\u00f6neme\u00e7leri t\u00fcm i\u00e7tenli\u011fiyle anlatm\u0131\u015f, annelik yolundaki binlerce kad\u0131na rehber olmu\u015ftu. Destan bu kez daha da zorlu konular\u0131 kaleme al\u0131yor. \u0130stemenin, do\u011fru istemenin, hay\u0131rl\u0131s\u0131n\u0131 istemenin pe\u015fine d\u00fc\u015f\u00fcyor. Hamile kalman\u0131n, \u00e7ocuk sahibi olman\u0131n ve kimi durumlarda \u00e7ocuk sahibi olamaman\u0131n duygusal izini s\u00fcr\u00fcyor. Uzmanlar ve doktorlar\u0131n y\u00f6nlendirmeleriyle, dua ve inan\u00e7la \u015fifan\u0131n kodlar\u0131n\u0131 sorguluyor. T\u00fcm kad\u0131nlar i\u00e7in bir el rehberi, iyili\u011fe ve istemeye dair bir ba\u015fucu kitab\u0131 Sabret, Kabul Et, \u015e\u00fckret.  &#8220;Yaln\u0131z de\u011filiz. Ona kavu\u015fmak i\u00e7in dilerken de, hay\u0131rl\u0131s\u0131n\u0131 isterken de yaln\u0131z de\u011filiz. Bir kez daha yeni bir yola \u00e7\u0131k\u0131yoruz. Bana kat\u0131l\u0131n.&#8221;&#8212;&#8212;&#8212;&#8212;&#8212;&#8212;&#8212;&#8212;&#8212;-&#8220;41 ya\u015f\u0131nda sa\u011fl\u0131kla anne olmu\u015f ve \u00f6ncesinde d\u00fc\u015f\u00fck ya\u015fam\u0131\u015f bir kad\u0131n olarak inanc\u0131n, i\u00e7sel ve fiziksel g\u00fcc\u00fcn \u00f6nemini biliyorum. Hem ak\u0131\u015fa teslim oldum, hem pes etmeden annelik yoluma devam ettim ve bebe\u011fimi kuca\u011f\u0131ma ald\u0131m. Olan\u0131n da olmayan\u0131n da &#8216;b\u00fct\u00fcn\u00fcn hayr\u0131na&#8217; bir mesaj\u0131 var&#8230;&#8221;<\/p>\n","protected":false},"excerpt":{"rendered":"<p>&#8220;Kadere inanmakla ba\u015fl\u0131yor her \u015fey.Teslim olmakla, s\u0131\u011f\u0131nmakla, hay\u0131rl\u0131s\u0131n\u0131 dilemekle&#8230;Kendi hik\u00e2yemden de, y\u0131llar i\u00e7inde biriktirdi\u011fim bir\u00e7ok kad\u0131n\u0131n hik\u00e2yesinden de anlad\u0131\u011f\u0131m bir \u015fey var: Sabretmek, kabul etmek ve<span class=\"excerpt-hellip\"> [\u2026]<\/span><\/p>\n","protected":false},"featured_media":0,"template":"","meta":{"_monsterinsights_skip_tracking":false,"_monsterinsights_sitenote_active":false,"_monsterinsights_sitenote_note":"","_monsterinsights_sitenote_category":0},"product_brand":[],"product_cat":[12364,12376],"product_tag":[],"class_list":{"0":"post-725944","1":"product","2":"type-product","3":"status-publish","5":"product_cat-genel-konular","6":"product_cat-kisisel-gelisim","7":"pa_cilt-ciltsiz","8":"pa_tur-kitap","9":"pa_yayinevi-profil-kitap","10":"pa_yazar-ebru-destan","12":"first","13":"instock","14":"sale","15":"shipping-taxable","16":"purchasable","17":"product-type-simple"},"_links":{"self":[{"href":"https:\/\/roveyayinevi.com.tr\/index.php\/wp-json\/wp\/v2\/product\/725944","targetHints":{"allow":["GET"]}}],"collection":[{"href":"https:\/\/roveyayinevi.com.tr\/index.php\/wp-json\/wp\/v2\/product"}],"about":[{"href":"https:\/\/roveyayinevi.com.tr\/index.php\/wp-json\/wp\/v2\/types\/product"}],"wp:attachment":[{"href":"https:\/\/roveyayinevi.com.tr\/index.php\/wp-json\/wp\/v2\/media?parent=725944"}],"wp:term":[{"taxonomy":"product_brand","embeddable":true,"href":"https:\/\/roveyayinevi.com.tr\/index.php\/wp-json\/wp\/v2\/product_brand?post=725944"},{"taxonomy":"product_cat","embeddable":true,"href":"https:\/\/roveyayinevi.com.tr\/index.php\/wp-json\/wp\/v2\/product_cat?post=725944"},{"taxonomy":"product_tag","embeddable":true,"href":"https:\/\/roveyayinevi.com.tr\/index.php\/wp-json\/wp\/v2\/product_tag?post=725944"}],"curies":[{"name":"wp","href":"https:\/\/api.w.org\/{rel}","templated":true}]}}