{"id":725941,"date":"2025-08-27T19:58:13","date_gmt":"2025-08-27T16:58:13","guid":{"rendered":"https:\/\/roveyayinevi.com.tr\/index.php\/urun\/eskicinar-sokak-anlatilar\/"},"modified":"2026-04-16T02:33:40","modified_gmt":"2026-04-15T23:33:40","slug":"eskicinar-sokak-anlatilar","status":"publish","type":"product","link":"https:\/\/roveyayinevi.com.tr\/index.php\/urun\/eskicinar-sokak-anlatilar\/","title":{"rendered":"Eski\u00e7\u0131nar Sokak &#8211; Anlat\u0131lar"},"content":{"rendered":"<p>De\u011firmenci rutubet kokusunu, k\u00fcf kokusunu, yanmaktaolan kablo kokusunu an\u0131nda alg\u0131layabilmek i\u00e7in, beynindekibu hatt\u0131 s\u00fcrekli a\u00e7\u0131k tutar.\u0130\u015fte; inceli\u011fi\/kabal\u0131\u011f\u0131, g\u00fczel ve pis kokuyu, k\u00fcflenmi\u015f\/ek\u015fimi\u015fi,tazeyi\/bayat\u0131, alevi\/koru, kuruyu\/nemliyi, esintiyi\/f\u0131rt\u0131nay\u0131 hissederek ya\u015famay\u0131 \u00f6\u011frenmek, de\u011firmencilikzanaat\u0131n\u0131n en belli ba\u015fl\u0131 \u00f6zelli\u011fidir. Onun i\u00e7in, \u201cAnlat\u0131lanlar,de\u011firmencinin ya\u015fama sol eliyle dokunu\u015fudur\u201ddiyebiliyorum<\/p>\n","protected":false},"excerpt":{"rendered":"<p>De\u011firmenci rutubet kokusunu, k\u00fcf kokusunu, yanmaktaolan kablo kokusunu an\u0131nda alg\u0131layabilmek i\u00e7in, beynindekibu hatt\u0131 s\u00fcrekli a\u00e7\u0131k tutar.\u0130\u015fte; inceli\u011fi\/kabal\u0131\u011f\u0131, g\u00fczel ve pis kokuyu, k\u00fcflenmi\u015f\/ek\u015fimi\u015fi,tazeyi\/bayat\u0131, alevi\/koru, kuruyu\/nemliyi, esintiyi\/f\u0131rt\u0131nay\u0131 hissederek<span class=\"excerpt-hellip\"> [\u2026]<\/span><\/p>\n","protected":false},"featured_media":0,"template":"","meta":{"_monsterinsights_skip_tracking":false,"_monsterinsights_sitenote_active":false,"_monsterinsights_sitenote_note":"","_monsterinsights_sitenote_category":0},"product_brand":[],"product_cat":[18545,12291],"product_tag":[],"class_list":{"0":"post-725941","1":"product","2":"type-product","3":"status-publish","5":"product_cat-anlati","6":"product_cat-edebiyat","7":"pa_cilt-ciltsiz","8":"pa_tur-kitap","9":"pa_yayinevi-luna-yayinlari","10":"pa_yazar-orhan-aydin","12":"first","13":"instock","14":"sale","15":"shipping-taxable","16":"purchasable","17":"product-type-simple"},"_links":{"self":[{"href":"https:\/\/roveyayinevi.com.tr\/index.php\/wp-json\/wp\/v2\/product\/725941","targetHints":{"allow":["GET"]}}],"collection":[{"href":"https:\/\/roveyayinevi.com.tr\/index.php\/wp-json\/wp\/v2\/product"}],"about":[{"href":"https:\/\/roveyayinevi.com.tr\/index.php\/wp-json\/wp\/v2\/types\/product"}],"wp:attachment":[{"href":"https:\/\/roveyayinevi.com.tr\/index.php\/wp-json\/wp\/v2\/media?parent=725941"}],"wp:term":[{"taxonomy":"product_brand","embeddable":true,"href":"https:\/\/roveyayinevi.com.tr\/index.php\/wp-json\/wp\/v2\/product_brand?post=725941"},{"taxonomy":"product_cat","embeddable":true,"href":"https:\/\/roveyayinevi.com.tr\/index.php\/wp-json\/wp\/v2\/product_cat?post=725941"},{"taxonomy":"product_tag","embeddable":true,"href":"https:\/\/roveyayinevi.com.tr\/index.php\/wp-json\/wp\/v2\/product_tag?post=725941"}],"curies":[{"name":"wp","href":"https:\/\/api.w.org\/{rel}","templated":true}]}}