{"id":725940,"date":"2025-08-27T19:58:12","date_gmt":"2025-08-27T16:58:12","guid":{"rendered":"https:\/\/roveyayinevi.com.tr\/index.php\/urun\/catalkazik-yazilari-denemeler\/"},"modified":"2026-04-16T02:33:40","modified_gmt":"2026-04-15T23:33:40","slug":"catalkazik-yazilari-denemeler","status":"publish","type":"product","link":"https:\/\/roveyayinevi.com.tr\/index.php\/urun\/catalkazik-yazilari-denemeler\/","title":{"rendered":"\u00c7atalkaz\u0131k Yaz\u0131lar\u0131 &#8211; Denemeler"},"content":{"rendered":"<p>Herkes \u015fark\u0131 s\u00f6yleyebilir, ancak besteyi veg\u00fcfteyi hatas\u0131z okudu\u011fu halde kendisine\u015fark\u0131c\u0131 diyemeyece\u011fimiz bir s\u00fcr\u00fc zanaatk\u00e2rvard\u0131r. Eksik olan nedir? \u201cBlues t\u0131n\u0131s\u0131\u201d diyetan\u0131mlayabilece\u011fimiz: duygu, heyecan, i\u00e7tenlikvs&#8230;Bence, \u201cblues\u2019u olmayan\u201d \u015fark\u0131 da s\u00f6ylemesin.B\u00f6ylesini dinlemeye art\u0131k ne sabr\u0131m\u0131z,ne de zaman\u0131m\u0131z kald\u0131.<\/p>\n","protected":false},"excerpt":{"rendered":"<p>Herkes \u015fark\u0131 s\u00f6yleyebilir, ancak besteyi veg\u00fcfteyi hatas\u0131z okudu\u011fu halde kendisine\u015fark\u0131c\u0131 diyemeyece\u011fimiz bir s\u00fcr\u00fc zanaatk\u00e2rvard\u0131r. Eksik olan nedir? \u201cBlues t\u0131n\u0131s\u0131\u201d diyetan\u0131mlayabilece\u011fimiz: duygu, heyecan, i\u00e7tenlikvs&#8230;Bence, \u201cblues\u2019u olmayan\u201d \u015fark\u0131<span class=\"excerpt-hellip\"> [\u2026]<\/span><\/p>\n","protected":false},"featured_media":0,"template":"","meta":{"_monsterinsights_skip_tracking":false,"_monsterinsights_sitenote_active":false,"_monsterinsights_sitenote_note":"","_monsterinsights_sitenote_category":0},"product_brand":[],"product_cat":[12777,12291],"product_tag":[],"class_list":{"0":"post-725940","1":"product","2":"type-product","3":"status-publish","5":"product_cat-deneme","6":"product_cat-edebiyat","7":"pa_cilt-ciltsiz","8":"pa_tur-kitap","9":"pa_yayinevi-luna-yayinlari","10":"pa_yazar-orhan-aydin","12":"first","13":"instock","14":"sale","15":"shipping-taxable","16":"purchasable","17":"product-type-simple"},"_links":{"self":[{"href":"https:\/\/roveyayinevi.com.tr\/index.php\/wp-json\/wp\/v2\/product\/725940","targetHints":{"allow":["GET"]}}],"collection":[{"href":"https:\/\/roveyayinevi.com.tr\/index.php\/wp-json\/wp\/v2\/product"}],"about":[{"href":"https:\/\/roveyayinevi.com.tr\/index.php\/wp-json\/wp\/v2\/types\/product"}],"wp:attachment":[{"href":"https:\/\/roveyayinevi.com.tr\/index.php\/wp-json\/wp\/v2\/media?parent=725940"}],"wp:term":[{"taxonomy":"product_brand","embeddable":true,"href":"https:\/\/roveyayinevi.com.tr\/index.php\/wp-json\/wp\/v2\/product_brand?post=725940"},{"taxonomy":"product_cat","embeddable":true,"href":"https:\/\/roveyayinevi.com.tr\/index.php\/wp-json\/wp\/v2\/product_cat?post=725940"},{"taxonomy":"product_tag","embeddable":true,"href":"https:\/\/roveyayinevi.com.tr\/index.php\/wp-json\/wp\/v2\/product_tag?post=725940"}],"curies":[{"name":"wp","href":"https:\/\/api.w.org\/{rel}","templated":true}]}}