{"id":725939,"date":"2025-08-27T19:58:11","date_gmt":"2025-08-27T16:58:11","guid":{"rendered":"https:\/\/roveyayinevi.com.tr\/index.php\/urun\/cocuklugun-kayboldugu-gun\/"},"modified":"2026-04-03T02:41:07","modified_gmt":"2026-04-02T23:41:07","slug":"cocuklugun-kayboldugu-gun","status":"publish","type":"product","link":"https:\/\/roveyayinevi.com.tr\/index.php\/urun\/cocuklugun-kayboldugu-gun\/","title":{"rendered":"\u00c7ocuklu\u011fun Kayboldu\u011fu G\u00fcn"},"content":{"rendered":"<p>Anlamad\u0131\u011f\u0131 bir \u015fey vard\u0131: Bir anda Belinay neden buhale gelmi\u015fti? Onu bu duruma getiren sebep neydi?Endi\u015feler ve kayg\u0131lar da beraberinde geliyordu budurumun. Birbirlerine kar\u015f\u0131 olan hisleri de zarar g\u00f6recekmiydi? Her \u015fey ba\u015flamadan bitecek miydi? Geriad\u0131m atmaya ne gerek vard\u0131 ki bu kadar \u00e7ok severken&#8230;Sevdi\u011finiz, bakmaya bile k\u0131yamad\u0131\u011f\u0131n\u0131z \u00e7ocuklu\u011funuz,kar\u015f\u0131n\u0131zda g\u00fcn g\u00fcn kendisiyle m\u00fccadele etseydine hissederdiniz? Cevab\u0131n\u0131 bilmek zor olsa gerek<\/p>\n","protected":false},"excerpt":{"rendered":"<p>Anlamad\u0131\u011f\u0131 bir \u015fey vard\u0131: Bir anda Belinay neden buhale gelmi\u015fti? Onu bu duruma getiren sebep neydi?Endi\u015feler ve kayg\u0131lar da beraberinde geliyordu budurumun. Birbirlerine kar\u015f\u0131 olan hisleri<span class=\"excerpt-hellip\"> [\u2026]<\/span><\/p>\n","protected":false},"featured_media":0,"template":"","meta":{"_monsterinsights_skip_tracking":false,"_monsterinsights_sitenote_active":false,"_monsterinsights_sitenote_note":"","_monsterinsights_sitenote_category":0},"product_brand":[],"product_cat":[12291,12711],"product_tag":[],"class_list":{"0":"post-725939","1":"product","2":"type-product","3":"status-publish","5":"product_cat-edebiyat","6":"product_cat-roman-oyku","7":"pa_cilt-ciltsiz","8":"pa_tur-kitap","9":"pa_yayinevi-luna-yayinlari","10":"pa_yazar-dilruba-oguz","12":"first","13":"instock","14":"sale","15":"shipping-taxable","16":"purchasable","17":"product-type-simple"},"_links":{"self":[{"href":"https:\/\/roveyayinevi.com.tr\/index.php\/wp-json\/wp\/v2\/product\/725939","targetHints":{"allow":["GET"]}}],"collection":[{"href":"https:\/\/roveyayinevi.com.tr\/index.php\/wp-json\/wp\/v2\/product"}],"about":[{"href":"https:\/\/roveyayinevi.com.tr\/index.php\/wp-json\/wp\/v2\/types\/product"}],"wp:attachment":[{"href":"https:\/\/roveyayinevi.com.tr\/index.php\/wp-json\/wp\/v2\/media?parent=725939"}],"wp:term":[{"taxonomy":"product_brand","embeddable":true,"href":"https:\/\/roveyayinevi.com.tr\/index.php\/wp-json\/wp\/v2\/product_brand?post=725939"},{"taxonomy":"product_cat","embeddable":true,"href":"https:\/\/roveyayinevi.com.tr\/index.php\/wp-json\/wp\/v2\/product_cat?post=725939"},{"taxonomy":"product_tag","embeddable":true,"href":"https:\/\/roveyayinevi.com.tr\/index.php\/wp-json\/wp\/v2\/product_tag?post=725939"}],"curies":[{"name":"wp","href":"https:\/\/api.w.org\/{rel}","templated":true}]}}