{"id":725935,"date":"2025-08-27T19:58:07","date_gmt":"2025-08-27T16:58:07","guid":{"rendered":"https:\/\/roveyayinevi.com.tr\/index.php\/urun\/izmir-sokaklari\/"},"modified":"2026-01-29T03:01:37","modified_gmt":"2026-01-29T00:01:37","slug":"izmir-sokaklari","status":"publish","type":"product","link":"https:\/\/roveyayinevi.com.tr\/index.php\/urun\/izmir-sokaklari\/","title":{"rendered":"\u0130zmir Sokaklar\u0131"},"content":{"rendered":"<p>\u00c7\u0131plak ayaklar\u0131n\u0131 Urla\u2019dan uzatm\u0131\u015f denize,Dalgalar\u0131n bir damlas\u0131 olsam,\u00d6psem ba\u015fparma\u011f\u0131n\u0131 aya\u011f\u0131n\u0131n&#8230;Koklasam t\u00fcylerini parmaklar\u0131n\u0131n&#8230;Ege\u2019nin deli k\u0131z\u0131 y\u00fczer g\u00f6zlerimde,Deniz emer memelerini&#8230;Gizlenmez alt\u0131na \u00f6rt\u00fcn\u00fcn,Devrim \u015fark\u0131m \u00f6zg\u00fcr k\u0131z&#8230;G\u00fcne\u015f ok\u015far omuzlar\u0131n\u0131 Kale\u2019den,Kim \u00e2\u015f\u0131k olmaz sana \u0130zmir<\/p>\n","protected":false},"excerpt":{"rendered":"<p>\u00c7\u0131plak ayaklar\u0131n\u0131 Urla\u2019dan uzatm\u0131\u015f denize,Dalgalar\u0131n bir damlas\u0131 olsam,\u00d6psem ba\u015fparma\u011f\u0131n\u0131 aya\u011f\u0131n\u0131n&#8230;Koklasam t\u00fcylerini parmaklar\u0131n\u0131n&#8230;Ege\u2019nin deli k\u0131z\u0131 y\u00fczer g\u00f6zlerimde,Deniz emer memelerini&#8230;Gizlenmez alt\u0131na \u00f6rt\u00fcn\u00fcn,Devrim \u015fark\u0131m \u00f6zg\u00fcr k\u0131z&#8230;G\u00fcne\u015f ok\u015far omuzlar\u0131n\u0131 Kale\u2019den,Kim<span class=\"excerpt-hellip\"> [\u2026]<\/span><\/p>\n","protected":false},"featured_media":0,"template":"","meta":{"_monsterinsights_skip_tracking":false,"_monsterinsights_sitenote_active":false,"_monsterinsights_sitenote_note":"","_monsterinsights_sitenote_category":0},"product_brand":[],"product_cat":[12291,12711],"product_tag":[],"class_list":{"0":"post-725935","1":"product","2":"type-product","3":"status-publish","5":"product_cat-edebiyat","6":"product_cat-roman-oyku","7":"pa_cilt-ciltsiz","8":"pa_tur-kitap","9":"pa_yayinevi-utopya-yayinevi","10":"pa_yazar-mustafa-cakar","12":"first","13":"instock","14":"sale","15":"shipping-taxable","16":"purchasable","17":"product-type-simple"},"_links":{"self":[{"href":"https:\/\/roveyayinevi.com.tr\/index.php\/wp-json\/wp\/v2\/product\/725935","targetHints":{"allow":["GET"]}}],"collection":[{"href":"https:\/\/roveyayinevi.com.tr\/index.php\/wp-json\/wp\/v2\/product"}],"about":[{"href":"https:\/\/roveyayinevi.com.tr\/index.php\/wp-json\/wp\/v2\/types\/product"}],"wp:attachment":[{"href":"https:\/\/roveyayinevi.com.tr\/index.php\/wp-json\/wp\/v2\/media?parent=725935"}],"wp:term":[{"taxonomy":"product_brand","embeddable":true,"href":"https:\/\/roveyayinevi.com.tr\/index.php\/wp-json\/wp\/v2\/product_brand?post=725935"},{"taxonomy":"product_cat","embeddable":true,"href":"https:\/\/roveyayinevi.com.tr\/index.php\/wp-json\/wp\/v2\/product_cat?post=725935"},{"taxonomy":"product_tag","embeddable":true,"href":"https:\/\/roveyayinevi.com.tr\/index.php\/wp-json\/wp\/v2\/product_tag?post=725935"}],"curies":[{"name":"wp","href":"https:\/\/api.w.org\/{rel}","templated":true}]}}