{"id":725934,"date":"2025-08-27T19:58:06","date_gmt":"2025-08-27T16:58:06","guid":{"rendered":"https:\/\/roveyayinevi.com.tr\/index.php\/urun\/her-yonuyle-sarap\/"},"modified":"2026-04-16T02:33:40","modified_gmt":"2026-04-15T23:33:40","slug":"her-yonuyle-sarap","status":"publish","type":"product","link":"https:\/\/roveyayinevi.com.tr\/index.php\/urun\/her-yonuyle-sarap\/","title":{"rendered":"Her Y\u00f6n\u00fcyle \u015earap"},"content":{"rendered":"<p>Chardonnay\u2019den Zinfandel\u2019e, do\u011fru \u015farab\u0131 se\u00e7mek i\u00e7in bilmeniz gereken her \u015fey. \u015earab\u0131n ne kadar karma\u015f\u0131k bir uzmanl\u0131k alan\u0131 oldu\u011fu hakk\u0131nda az da olsa bir fikriniz vard\u0131r:Herkesin \u015farap \u015fi\u015felerindeki etiketi okumas\u0131 veya iyi bir \u015farab\u0131 kokusundan hatta g\u00f6r\u00fcnt\u00fcs\u00fcnden anlamas\u0131 beklenmez.Buna ra\u011fmen k\u0131rm\u0131z\u0131 \u015farab\u0131 beyaz \u015faraptan ay\u0131rmak da her zaman yeterli olmayabilir. E\u015fsiz bir rehber niteli\u011finde olan Her Y\u00f6n\u00fcyle \u015earap ile \u015farap d\u00fcnyas\u0131n\u0131 ad\u0131m ad\u0131m ve her bir \u00fcz\u00fcm\u00fcne kadar fethedecek, say\u0131s\u0131z lezzeti ke\u015ffedeceksiniz. Her Y\u00f6n\u00fcyle \u015earap ile, B\u00f6lgelere g\u00f6re \u00fcz\u00fcmlerin s\u0131n\u0131fland\u0131r\u0131lmas\u0131n\u0131, T\u00fcm ayr\u0131nt\u0131lar\u0131yla \u015farap \u00fcretimini, \u015earap uzmanlar\u0131 gibi konu\u015fmay\u0131, \u015earap etiketlerini anlay\u0131p b\u00f6lgelere g\u00f6re \u00e7\u00f6z\u00fcmlemeyi, Damak zevkinizi geli\u015ftirecek tad\u0131m tekniklerini uygulamay\u0131, Her duruma uygun olan \u015farab\u0131 se\u00e7meyi, Kendi \u015farap mahzeninizi olu\u015fturup \u015farap depolamay\u0131, \u00f6\u011freneceksiniz. Her Y\u00f6n\u00fcyle \u015earap hem ilk kez \u015farap sat\u0131n alacak olanlar\u0131n, hem de kendisini geli\u015ftirmek isteyen \u015farap severlerin ba\u015fucu kitab\u0131 olacak.<\/p>\n","protected":false},"excerpt":{"rendered":"<p>Chardonnay\u2019den Zinfandel\u2019e, do\u011fru \u015farab\u0131 se\u00e7mek i\u00e7in bilmeniz gereken her \u015fey. \u015earab\u0131n ne kadar karma\u015f\u0131k bir uzmanl\u0131k alan\u0131 oldu\u011fu hakk\u0131nda az da olsa bir fikriniz vard\u0131r:Herkesin \u015farap<span class=\"excerpt-hellip\"> [\u2026]<\/span><\/p>\n","protected":false},"featured_media":0,"template":"","meta":{"_monsterinsights_skip_tracking":false,"_monsterinsights_sitenote_active":false,"_monsterinsights_sitenote_note":"","_monsterinsights_sitenote_category":0},"product_brand":[],"product_cat":[74500,15563],"product_tag":[],"class_list":{"0":"post-725934","1":"product","2":"type-product","3":"status-publish","5":"product_cat-ev-ve-pratik-bilgiler","6":"product_cat-hobi","7":"pa_cilt-ciltsiz","8":"pa_tur-kitap","9":"pa_yayinevi-akil-celen-kitaplar","10":"pa_yazar-barbara-nowak","11":"pa_yazar-beverly-wichman","13":"first","14":"instock","15":"sale","16":"shipping-taxable","17":"purchasable","18":"product-type-simple"},"_links":{"self":[{"href":"https:\/\/roveyayinevi.com.tr\/index.php\/wp-json\/wp\/v2\/product\/725934","targetHints":{"allow":["GET"]}}],"collection":[{"href":"https:\/\/roveyayinevi.com.tr\/index.php\/wp-json\/wp\/v2\/product"}],"about":[{"href":"https:\/\/roveyayinevi.com.tr\/index.php\/wp-json\/wp\/v2\/types\/product"}],"wp:attachment":[{"href":"https:\/\/roveyayinevi.com.tr\/index.php\/wp-json\/wp\/v2\/media?parent=725934"}],"wp:term":[{"taxonomy":"product_brand","embeddable":true,"href":"https:\/\/roveyayinevi.com.tr\/index.php\/wp-json\/wp\/v2\/product_brand?post=725934"},{"taxonomy":"product_cat","embeddable":true,"href":"https:\/\/roveyayinevi.com.tr\/index.php\/wp-json\/wp\/v2\/product_cat?post=725934"},{"taxonomy":"product_tag","embeddable":true,"href":"https:\/\/roveyayinevi.com.tr\/index.php\/wp-json\/wp\/v2\/product_tag?post=725934"}],"curies":[{"name":"wp","href":"https:\/\/api.w.org\/{rel}","templated":true}]}}