{"id":725933,"date":"2025-08-27T19:58:05","date_gmt":"2025-08-27T16:58:05","guid":{"rendered":"https:\/\/roveyayinevi.com.tr\/index.php\/urun\/hizmetci\/"},"modified":"2026-04-16T02:33:40","modified_gmt":"2026-04-15T23:33:40","slug":"hizmetci","status":"publish","type":"product","link":"https:\/\/roveyayinevi.com.tr\/index.php\/urun\/hizmetci\/","title":{"rendered":"Hizmet\u00e7i"},"content":{"rendered":"<p>Hi\u00e7bir \u015fey g\u00f6r\u00fcnd\u00fc\u011f\u00fc gibi de\u011fildir!Ve bazen yalanlar savunma kalenizin en g\u00fc\u00e7l\u00fc ta\u015flar\u0131 olabilir.E\u011fer hayatta tutunacak tek dal\u0131n\u0131z bile kalmam\u0131\u015fsa ve \u00fcstelik can\u0131n\u0131zdan da de\u011ferli bir varl\u0131\u011f\u0131 korumak zorundaysan\u0131z&#8230;Burcu i\u00e7in durum tam da buydu! Hizmet\u00e7i olarak girdi\u011fievde hem kendisini hem karde\u015fini saklayabilirdi, \u00f6yle g\u00fczelplanlam\u0131\u015ft\u0131 ki her \u015feyi, kimse onlar\u0131 bulamazd\u0131. Ancakger\u00e7eklerin g\u00fcn y\u00fcz\u00fcne \u00e7\u0131kmak gibi bir huyu vard\u0131. T\u00fcmyalanlar bir bir ortaya d\u00f6k\u00fcl\u00fcrken Burcu ev sahibine, o aksive ters adama masumiyetini nas\u0131l ispatlayacak, kendisini nas\u0131l aklayacakt\u0131? \u00dcstelik ona bu kadar \u00e2\u015f\u0131k olmu\u015fken!<\/p>\n","protected":false},"excerpt":{"rendered":"<p>Hi\u00e7bir \u015fey g\u00f6r\u00fcnd\u00fc\u011f\u00fc gibi de\u011fildir!Ve bazen yalanlar savunma kalenizin en g\u00fc\u00e7l\u00fc ta\u015flar\u0131 olabilir.E\u011fer hayatta tutunacak tek dal\u0131n\u0131z bile kalmam\u0131\u015fsa ve \u00fcstelik can\u0131n\u0131zdan da de\u011ferli bir varl\u0131\u011f\u0131<span class=\"excerpt-hellip\"> [\u2026]<\/span><\/p>\n","protected":false},"featured_media":0,"template":"","meta":{"_monsterinsights_skip_tracking":false,"_monsterinsights_sitenote_active":false,"_monsterinsights_sitenote_note":"","_monsterinsights_sitenote_category":0},"product_brand":[],"product_cat":[12291,12711],"product_tag":[],"class_list":{"0":"post-725933","1":"product","2":"type-product","3":"status-publish","5":"product_cat-edebiyat","6":"product_cat-roman-oyku","7":"pa_cilt-ciltsiz","8":"pa_tur-kitap","9":"pa_yayinevi-epsilon-yayinlari","10":"pa_yazar-selda-keser","12":"first","13":"instock","14":"sale","15":"shipping-taxable","16":"purchasable","17":"product-type-simple"},"_links":{"self":[{"href":"https:\/\/roveyayinevi.com.tr\/index.php\/wp-json\/wp\/v2\/product\/725933","targetHints":{"allow":["GET"]}}],"collection":[{"href":"https:\/\/roveyayinevi.com.tr\/index.php\/wp-json\/wp\/v2\/product"}],"about":[{"href":"https:\/\/roveyayinevi.com.tr\/index.php\/wp-json\/wp\/v2\/types\/product"}],"wp:attachment":[{"href":"https:\/\/roveyayinevi.com.tr\/index.php\/wp-json\/wp\/v2\/media?parent=725933"}],"wp:term":[{"taxonomy":"product_brand","embeddable":true,"href":"https:\/\/roveyayinevi.com.tr\/index.php\/wp-json\/wp\/v2\/product_brand?post=725933"},{"taxonomy":"product_cat","embeddable":true,"href":"https:\/\/roveyayinevi.com.tr\/index.php\/wp-json\/wp\/v2\/product_cat?post=725933"},{"taxonomy":"product_tag","embeddable":true,"href":"https:\/\/roveyayinevi.com.tr\/index.php\/wp-json\/wp\/v2\/product_tag?post=725933"}],"curies":[{"name":"wp","href":"https:\/\/api.w.org\/{rel}","templated":true}]}}